{"id":871125307625,"date":"2026-02-26T11:41:30","date_gmt":"2026-02-26T11:41:30","guid":{"rendered":"https:\/\/mskasolutions.com\/?post_type=product&#038;p=871125307625"},"modified":"2026-04-09T10:14:16","modified_gmt":"2026-04-09T09:14:16","slug":"2-pcs-baofeng-t-17-dual-band-two-way-radio-walkie-talkie","status":"publish","type":"product","link":"https:\/\/mskasolutions.com\/fr\/produit\/2-pcs-baofeng-t-17-dual-band-two-way-radio-walkie-talkie\/","title":{"rendered":"2 pi\u00e8ces Baofeng T-17 Radio bidirectionnelle double bande &#8211; Talkie-walkie"},"content":{"rendered":"<p>Le Baofeng T-17 est un mini talkie-walkie aux couleurs vives, compact et pratique \u00e0 utiliser.<\/p>\n<p>Poids de 1,180 g, dimensions 108 x 55 x 21 mm, facile \u00e0 transporter, sans \u00e9l\u00e9ments superflus, facile \u00e0 ranger<\/p>\n<p>2. La port\u00e9e de communication de 3 \u00e0 5 km est stable et r\u00e9pond aux besoins quotidiens en mati\u00e8re de s\u00e9curit\u00e9 et de communication.<\/p>\n<p>3. 99 canaux, s\u00e9lection par bouton, facile \u00e0 utiliser.<\/p>\n<p>Fr\u00e9quence 400-470 MHz<\/p>\n<p>Couleur &#8211; VERT<\/p>\n<p>Param\u00e8tres du Baofeng T-17<\/p>\n<p>Canaux de stockage 99<\/p>\n<p>Port\u00e9e de communication 3 \u00e0 5 km<\/p>\n<p>Dimensions 108 x 55 x 21 mm<\/p>\n<p>Gamme de fr\u00e9quences 400-470 MHz<\/p>\n<p>Puissance de sortie 2 W\/0,5 W<\/p>\n<p>Poids 160 g<\/p>\n<p>Tension de fonctionnement 3,7 V<\/p>\n<p>Applications radio bidirectionnelles du BF T17<\/p>\n<p>Application multi-sc\u00e9narios : le talkie-walkie bi-bande Baofeng T-17 convient \u00e0 un large \u00e9ventail de sc\u00e9narios, y compris, mais sans s&rsquo;y limiter, les activit\u00e9s de plein air, le camping, la randonn\u00e9e, l&rsquo;utilisation domestique, les communications professionnelles, etc. Sa port\u00e9e de communication et sa gamme de fr\u00e9quences sont con\u00e7ues pour fonctionner efficacement dans diff\u00e9rents environnements.<\/p>\n<p>S\u00c9CURIT\u00c9 ET S\u00dbRET\u00c9 : Dans la vie quotidienne, le Baofeng T-17 dispose d&rsquo;une port\u00e9e de communication suffisante pour r\u00e9pondre aux besoins en mati\u00e8re de s\u00e9curit\u00e9 et de communications d&rsquo;urgence. Que ce soit dans un centre commercial ou un parc en ville, en banlieue ou \u00e0 la campagne, vous pouvez compter sur lui pour rester en contact.<\/p>\n<p>Applications commerciales : pour les utilisateurs commerciaux, le Baofeng T-17 offre 99 canaux et une gamme de fr\u00e9quences de 400 \u00e0 470 MHz, garantissant flexibilit\u00e9 et stabilit\u00e9 dans les communications commerciales. Il convient aux restaurants, supermarch\u00e9s, chantiers de construction et autres lieux de travail.<\/p>\n<p>COMMUNICATION FAMILIALE : Pour un usage familial, la taille compacte, le fonctionnement pratique et la port\u00e9e de communication stable de ce talkie-walkie en font un choix id\u00e9al pour la communication entre les membres de la famille.<\/p>\n<p>Activit\u00e9s de loisirs : Pour les utilisateurs qui aiment les loisirs de plein air, tels que les randonneurs et les campeurs, le Baofeng T-17 offre un moyen de communication l\u00e9ger qui garantit la coordination et la s\u00e9curit\u00e9 entre les membres de l&rsquo;\u00e9quipe.<\/p>","protected":false},"excerpt":{"rendered":"<p>Le Baofeng T-17 est un mini talkie-walkie aux couleurs vives, compact et pratique \u00e0 utiliser.<\/p>\n<p>Deux radios PMR Baofeng BF-T17<br \/>\nDeux batteries 3,7 V 1800 mAh<br \/>\nDeux \u00e9couteurs microphone<br \/>\nDeux c\u00e2bles de recharge USB<br \/>\nDeux adaptateurs secteur USB (avec prise UE\/Royaume-Uni)<br \/>\nDeux cordons<br \/>\nEmballage d&rsquo;origine du fabricant<\/p>\n<p>Canal de stockage 99<br \/>\nPort\u00e9e de communication 3-5 km<br \/>\nDimensions 108*55*21 mm<br \/>\nGamme de fr\u00e9quences 400-470 MHz<br \/>\nPuissance de sortie 2 W\/0,5 W<br \/>\nPoids 160 g<br \/>\nTension de fonctionnement 3,7 V<\/p>\n","protected":false},"featured_media":871125307626,"template":"","meta":[],"product_brand":[],"product_cat":[215],"product_tag":[198,185,197,183],"class_list":{"0":"post-871125307625","1":"product","2":"type-product","3":"status-publish","4":"has-post-thumbnail","6":"product_cat-promo","7":"product_tag-electronic","8":"product_tag-jouets","9":"product_tag-promo-2","10":"product_tag-sports-et-loisirs","11":"product_shipping_class-small-item-gls-only","13":"first","14":"instock","15":"sale","16":"taxable","17":"shipping-taxable","18":"purchasable","19":"product-type-simple"},"_links":{"self":[{"href":"https:\/\/mskasolutions.com\/fr\/wp-json\/wp\/v2\/product\/871125307625","targetHints":{"allow":["GET"]}}],"collection":[{"href":"https:\/\/mskasolutions.com\/fr\/wp-json\/wp\/v2\/product"}],"about":[{"href":"https:\/\/mskasolutions.com\/fr\/wp-json\/wp\/v2\/types\/product"}],"wp:featuredmedia":[{"embeddable":true,"href":"https:\/\/mskasolutions.com\/fr\/wp-json\/wp\/v2\/media\/871125307626"}],"wp:attachment":[{"href":"https:\/\/mskasolutions.com\/fr\/wp-json\/wp\/v2\/media?parent=871125307625"}],"wp:term":[{"taxonomy":"product_brand","embeddable":true,"href":"https:\/\/mskasolutions.com\/fr\/wp-json\/wp\/v2\/product_brand?post=871125307625"},{"taxonomy":"product_cat","embeddable":true,"href":"https:\/\/mskasolutions.com\/fr\/wp-json\/wp\/v2\/product_cat?post=871125307625"},{"taxonomy":"product_tag","embeddable":true,"href":"https:\/\/mskasolutions.com\/fr\/wp-json\/wp\/v2\/product_tag?post=871125307625"}],"curies":[{"name":"wp","href":"https:\/\/api.w.org\/{rel}","templated":true}]}}