{"id":871125307547,"date":"2025-07-26T13:33:27","date_gmt":"2025-07-26T12:33:27","guid":{"rendered":"https:\/\/mskasolutions.com\/?post_type=product&#038;p=871125307547"},"modified":"2025-07-26T13:56:25","modified_gmt":"2025-07-26T12:56:25","slug":"kit-feu-rouge-arriere-pour-velo-5-led","status":"publish","type":"product","link":"https:\/\/mskasolutions.com\/fr\/produit\/kit-feu-rouge-arriere-pour-velo-5-led\/","title":{"rendered":"Ensemble de feux arri\u00e8re rouges pour v\u00e9lo &#8211; 5 LED"},"content":{"rendered":"<p>Le support pour lampes vous permet de fixer la lampe torche de mani\u00e8re non invasive sur presque tous les cadres de v\u00e9lo.<\/p>\n<p>Un avantage suppl\u00e9mentaire est la possibilit\u00e9 de retirer la lampe sans d\u00e9monter les fixations.<\/p>\n<p>Caract\u00e9ristiques techniques :<\/p>\n<p>Alimentation : 2 piles AAA (non fournies)<br \/>\nModes de fonctionnement : 7 modes de fonctionnement<br \/>\nCouleur de la lampe : rouge (5 ampoules LED)<br \/>\nVisibilit\u00e9 du v\u00e9lo jusqu&rsquo;\u00e0 une distance de 1 000 m<br \/>\n\u00c9tanche<br \/>\nFacile \u00e0 assembler<br \/>\nLe produit est certifi\u00e9 CE<br \/>\nAucune dynamo requise<\/p>","protected":false},"excerpt":{"rendered":"<p>Couleur de la lampe : rouge (5 ampoules LED)<\/p>\n<p>Support inclus<\/p>\n<p>Modes de fonctionnement : 7 modes de fonctionnement<\/p>\n<p>Visibilit\u00e9 du v\u00e9lo jusqu&rsquo;\u00e0 une distance de 1 000 m<\/p>\n","protected":false},"featured_media":871125307549,"template":"","meta":[],"product_brand":[],"product_cat":[108],"product_tag":[179,187,198],"class_list":{"0":"post-871125307547","1":"product","2":"type-product","3":"status-publish","4":"has-post-thumbnail","6":"product_cat-non-classe","7":"product_tag-accessoires-velo","8":"product_tag-dunlop","9":"product_tag-electronic","10":"product_shipping_class-small-item-gls-only","12":"first","13":"instock","14":"sale","15":"taxable","16":"shipping-taxable","17":"purchasable","18":"product-type-simple"},"_links":{"self":[{"href":"https:\/\/mskasolutions.com\/fr\/wp-json\/wp\/v2\/product\/871125307547","targetHints":{"allow":["GET"]}}],"collection":[{"href":"https:\/\/mskasolutions.com\/fr\/wp-json\/wp\/v2\/product"}],"about":[{"href":"https:\/\/mskasolutions.com\/fr\/wp-json\/wp\/v2\/types\/product"}],"wp:featuredmedia":[{"embeddable":true,"href":"https:\/\/mskasolutions.com\/fr\/wp-json\/wp\/v2\/media\/871125307549"}],"wp:attachment":[{"href":"https:\/\/mskasolutions.com\/fr\/wp-json\/wp\/v2\/media?parent=871125307547"}],"wp:term":[{"taxonomy":"product_brand","embeddable":true,"href":"https:\/\/mskasolutions.com\/fr\/wp-json\/wp\/v2\/product_brand?post=871125307547"},{"taxonomy":"product_cat","embeddable":true,"href":"https:\/\/mskasolutions.com\/fr\/wp-json\/wp\/v2\/product_cat?post=871125307547"},{"taxonomy":"product_tag","embeddable":true,"href":"https:\/\/mskasolutions.com\/fr\/wp-json\/wp\/v2\/product_tag?post=871125307547"}],"curies":[{"name":"wp","href":"https:\/\/api.w.org\/{rel}","templated":true}]}}