{"id":871125307514,"date":"2025-06-01T01:00:12","date_gmt":"2025-06-01T00:00:12","guid":{"rendered":"https:\/\/mskasolutions.com\/?post_type=product&#038;p=871125307514"},"modified":"2025-05-19T15:16:48","modified_gmt":"2025-05-19T14:16:48","slug":"react-24-pack-bundle-2-in-1-multi-buy-discounts","status":"publish","type":"product","link":"https:\/\/mskasolutions.com\/fr\/produit\/react-24-pack-bundle-2-in-1-multi-buy-discounts\/","title":{"rendered":"Lot de 24 paquets REACT &#8211; 2 en 1 &#8211; Lingettes antibact\u00e9riennes pour les mains et les surfaces &#8211; biod\u00e9gradables &#8211; \u00e9liminent 99,9 % des bact\u00e9ries &#8211; R\u00e9ductions pour achats multiples"},"content":{"rendered":"<p>Lingettes antibact\u00e9riennes pour les mains et les surfaces<\/p>\n<p>La r\u00e9action tue 99,9 % des bact\u00e9ries, tout en \u00e9tant douce pour les mains et en laissant un parfum frais. Nos lingettes sont sans alcool et sans parben et sont id\u00e9ales pour une peau saine au pH 5,5.<\/p>\n<p>Mieux encore, les lingettes biod\u00e9gradables React peuvent \u00eatre jet\u00e9es dans les toilettes !<\/p>\n<p>\u00c9cologique et pratique<\/p>\n<p>&nbsp;<\/p>","protected":false},"excerpt":{"rendered":"<p><strong>La React Lingettes antibact\u00e9riennes pour les mains\u00a0 tue 99,9 % des bact\u00e9ries<\/strong><\/p>\n<ul>\n<li>Chaque lingette est de 18 x 16 cm<\/li>\n<li>Tue 99,9% des bact\u00e9ries<\/li>\n<li>Doux pour les mains &#8211; Dur pour les surfaces<\/li>\n<li>Parfum frais<\/li>\n<li>Biod\u00e9gradable<\/li>\n<li>Sans paraben<\/li>\n<li>Pouss\u00e9e d&rsquo;eau<\/li>\n<\/ul>\n","protected":false},"featured_media":871125307518,"template":"","meta":[],"product_brand":[],"product_cat":[215],"product_tag":[171,195,197],"class_list":{"0":"post-871125307514","1":"product","2":"type-product","3":"status-publish","4":"has-post-thumbnail","6":"product_cat-promo","7":"product_tag-hygiene-medicale","8":"product_tag-promo","9":"product_tag-promo-2","10":"product_shipping_class-medium-item-gls-only","12":"first","13":"instock","14":"sale","15":"taxable","16":"shipping-taxable","17":"purchasable","18":"product-type-variable"},"_links":{"self":[{"href":"https:\/\/mskasolutions.com\/fr\/wp-json\/wp\/v2\/product\/871125307514","targetHints":{"allow":["GET"]}}],"collection":[{"href":"https:\/\/mskasolutions.com\/fr\/wp-json\/wp\/v2\/product"}],"about":[{"href":"https:\/\/mskasolutions.com\/fr\/wp-json\/wp\/v2\/types\/product"}],"wp:featuredmedia":[{"embeddable":true,"href":"https:\/\/mskasolutions.com\/fr\/wp-json\/wp\/v2\/media\/871125307518"}],"wp:attachment":[{"href":"https:\/\/mskasolutions.com\/fr\/wp-json\/wp\/v2\/media?parent=871125307514"}],"wp:term":[{"taxonomy":"product_brand","embeddable":true,"href":"https:\/\/mskasolutions.com\/fr\/wp-json\/wp\/v2\/product_brand?post=871125307514"},{"taxonomy":"product_cat","embeddable":true,"href":"https:\/\/mskasolutions.com\/fr\/wp-json\/wp\/v2\/product_cat?post=871125307514"},{"taxonomy":"product_tag","embeddable":true,"href":"https:\/\/mskasolutions.com\/fr\/wp-json\/wp\/v2\/product_tag?post=871125307514"}],"curies":[{"name":"wp","href":"https:\/\/api.w.org\/{rel}","templated":true}]}}