{"id":871125307450,"date":"2024-08-14T10:38:24","date_gmt":"2024-08-14T09:38:24","guid":{"rendered":"https:\/\/mskasolutions.com\/?post_type=product&#038;p=871125307450"},"modified":"2024-08-16T13:26:44","modified_gmt":"2024-08-16T12:26:44","slug":"car-smart-phone-holder","status":"publish","type":"product","link":"https:\/\/mskasolutions.com\/fr\/produit\/car-smart-phone-holder\/","title":{"rendered":"Support de t\u00e9l\u00e9phone intelligent pour voiture"},"content":{"rendered":"<p>Support <b>universel<\/b> pour voiture, id\u00e9al pour le montage <b>sur le pare-brise<\/b><\/p>\n<p>La ventouse tient <b>tr\u00e8s fermement<\/b> et dispose d&rsquo;un <b>syst\u00e8me de fixation<\/b> sp\u00e9cial qui l&#8217;emp\u00eache de tomber.<\/p>\n<p><strong>Avantages<\/strong><\/p>\n<p>Le support est dot\u00e9 d&rsquo;un m\u00e9canisme int\u00e9gr\u00e9 d&rsquo;<b>\u00e9cartement des \u00e9paules<\/b> activ\u00e9 par un <b>bouton.<\/b> <b>Lorsque le t\u00e9l\u00e9phone est press\u00e9 contre le support, celui-ci se resserre automatiquement sur le t\u00e9l\u00e9phone.<\/b><\/p>\n<p>Il est dot\u00e9 d&rsquo;un syst\u00e8me moderne qui permet de<b> r\u00e9gler l&rsquo; angle d&rsquo;<\/b> inclinaison et d&rsquo;allonger le bras avec la possibilit\u00e9 de le verrouiller. Il offre ainsi une libert\u00e9 et un <b>confort d&rsquo;utilisation<\/b> complets <b>.<\/b><\/p>\n<p>Am\u00e9liore la s\u00e9curit\u00e9 pendant la conduite car il n&rsquo;est pas n\u00e9cessaire de d\u00e9crocher le t\u00e9l\u00e9phone.<br \/>\nMat\u00e9riau plastique ABS durable<br \/>\nConvient \u00e0 une large gamme de smartphones<\/p>\n<p><strong>Caract\u00e9ristiques techniques :<\/strong><\/p>\n<p>\u2705 Fabriqu\u00e9 avec des mat\u00e9riaux de haute qualit\u00e9<\/p>\n<p>\u2705 Convient \u00e0 la plupart des t\u00e9l\u00e9phones portables et des smartphones<\/p>\n<p>\u2705 Convient pour les GPS et autres appareils mobiles<\/p>\n<p>\u2705 Peut \u00eatre mont\u00e9 sur le pare-brise de la voiture<\/p>\n<p>\u2705 M\u00e2choires solides pour la s\u00e9curit\u00e9 du t\u00e9l\u00e9phone<\/p>\n<p>\u2705 Installation tr\u00e8s rapide et facile<\/p>\n<p>\u2705 Bras r\u00e9glable<\/p>\n<p>Largeur du t\u00e9l\u00e9phone : de 6cm \u00e0 9.5cm<\/p>\n<p>\u2705 Longueur du bras : de 18cm \u00e0 21.5cm<\/p>\n<p>Diam\u00e8tre de la ventouse : 6.5cm<\/p>\n<p>Couleur : noir<\/p>\n<p><strong>L&rsquo;ensemble comprend :<\/strong><\/p>\n<p>\u2611\ufe0f Support de voiture neuf<\/p>\n<p>\u2611\ufe0f Emballage d&rsquo;origine<\/p>","protected":false},"excerpt":{"rendered":"<p><strong>Support <\/strong><b>universel<\/b> pour voiture, id\u00e9al pour le montage sur le pare-brise<\/p>\n<p>La ventouse tient tr\u00e8s fermement et poss\u00e8de un syst\u00e8me de fixation sp\u00e9cial qui l&#8217;emp\u00eache de tomber.<\/p>\n<p><strong>Avantages <\/strong>Le support est dot\u00e9 d&rsquo;un m\u00e9canisme int\u00e9gr\u00e9 d&rsquo;\u00e9cartement des \u00e9paules activ\u00e9 par un bouton. Lorsque le t\u00e9l\u00e9phone est press\u00e9 contre le support, celui-ci se resserre automatiquement sur le t\u00e9l\u00e9phone.<\/p>\n<p>Il est dot\u00e9 d&rsquo;un syst\u00e8me moderne qui permet de r\u00e9gler l&rsquo;angle d&rsquo;inclinaison et d&rsquo;allonger le bras avec la possibilit\u00e9 de le verrouiller. Il offre ainsi une libert\u00e9 et un confort d&rsquo;utilisation totaux.<\/p>\n","protected":false},"featured_media":871125307454,"template":"","meta":[],"product_brand":[],"product_cat":[108],"product_tag":[177,197],"class_list":{"0":"post-871125307450","1":"product","2":"type-product","3":"status-publish","4":"has-post-thumbnail","6":"product_cat-non-classe","7":"product_tag-accessoires-auto","8":"product_tag-promo-2","9":"product_shipping_class-small-item-gls-only","11":"first","12":"instock","13":"sale","14":"featured","15":"taxable","16":"shipping-taxable","17":"purchasable","18":"product-type-simple"},"_links":{"self":[{"href":"https:\/\/mskasolutions.com\/fr\/wp-json\/wp\/v2\/product\/871125307450","targetHints":{"allow":["GET"]}}],"collection":[{"href":"https:\/\/mskasolutions.com\/fr\/wp-json\/wp\/v2\/product"}],"about":[{"href":"https:\/\/mskasolutions.com\/fr\/wp-json\/wp\/v2\/types\/product"}],"wp:featuredmedia":[{"embeddable":true,"href":"https:\/\/mskasolutions.com\/fr\/wp-json\/wp\/v2\/media\/871125307454"}],"wp:attachment":[{"href":"https:\/\/mskasolutions.com\/fr\/wp-json\/wp\/v2\/media?parent=871125307450"}],"wp:term":[{"taxonomy":"product_brand","embeddable":true,"href":"https:\/\/mskasolutions.com\/fr\/wp-json\/wp\/v2\/product_brand?post=871125307450"},{"taxonomy":"product_cat","embeddable":true,"href":"https:\/\/mskasolutions.com\/fr\/wp-json\/wp\/v2\/product_cat?post=871125307450"},{"taxonomy":"product_tag","embeddable":true,"href":"https:\/\/mskasolutions.com\/fr\/wp-json\/wp\/v2\/product_tag?post=871125307450"}],"curies":[{"name":"wp","href":"https:\/\/api.w.org\/{rel}","templated":true}]}}