{"id":871125307436,"date":"2024-07-23T14:35:48","date_gmt":"2024-07-23T13:35:48","guid":{"rendered":"https:\/\/mskasolutions.com\/?post_type=product&#038;p=871125307436"},"modified":"2024-08-16T13:29:17","modified_gmt":"2024-08-16T12:29:17","slug":"32-in-1-precise-screwdriver-mini-set-with-magnetic-bits","status":"publish","type":"product","link":"https:\/\/mskasolutions.com\/fr\/produit\/32-in-1-precise-screwdriver-mini-set-with-magnetic-bits\/","title":{"rendered":"32 en 1 Mini-tournevis de pr\u00e9cision avec embouts magn\u00e9tiques"},"content":{"rendered":"<p><strong>32 en 1 Mini-tournevis de pr\u00e9cision avec embouts magn\u00e9tiques<\/strong><\/p>\n<ul>\n<li>100% neuf<\/li>\n<li>Poign\u00e9e antid\u00e9rapante, con\u00e7ue de mani\u00e8re ergonomique pour augmenter le couple de serrage.<\/li>\n<li>Duret\u00e9 \u00e9lev\u00e9e et bonne r\u00e9sistance.<\/li>\n<li>Id\u00e9al pour les montres d&rsquo;ordinateur, les lunettes, les t\u00e9l\u00e9phones portables et autres produits \u00e9lectroniques.<\/li>\n<li>Mat\u00e9riau du manche du tournevis :ABS<\/li>\n<\/ul>\n<p><strong>Description du produit<\/strong><\/p>\n<p>Le paquet comprend :<br \/>\n1 X 30pcs Embout de tournevis<br \/>\nEmbout de tournevis Phillips : PH000 PH00 PH0 PH1 PH2<br \/>\nEmbout de tournevis \u00e0 fente : 1.5mm 2.0mm 2.5mm 3.0mm 4mm<br \/>\nEmbout de tournevis Torx : T4 T5 T6 T8 T9 T10<br \/>\nEmbout de tournevis hexagonal : H1.5 H2.0 H2.5 H3.0 H3.5 H4.0<br \/>\nEmbout de tournevis en forme de Y : Y2.0mm Y3.0mm<br \/>\nEmbout de tournevis triangulaire : 2.0mm 2.3mm<br \/>\nEmbout de tournevis \u00e0 pentalobe : 0,8 mm 1,2 mm 2,0 mm<br \/>\nEmbout de tournevis en forme de U : U2.3mm<br \/>\n1 x Barre d&rsquo;extension<br \/>\n1 x manche de tournevis<\/p>","protected":false},"excerpt":{"rendered":"<p>32 en 1 Mini-tournevis de pr\u00e9cision avec embouts magn\u00e9tiques<\/p>\n<ul>\n<li>100% neuf<\/li>\n<li>Poign\u00e9e antid\u00e9rapante, con\u00e7ue de mani\u00e8re ergonomique pour augmenter le couple de serrage.<\/li>\n<li>Duret\u00e9 \u00e9lev\u00e9e et bonne r\u00e9sistance.<\/li>\n<li>Id\u00e9al pour les montres d&rsquo;ordinateur, les lunettes, les t\u00e9l\u00e9phones portables et autres produits \u00e9lectroniques.<\/li>\n<li>Mat\u00e9riau du manche du tournevis :ABS<\/li>\n<\/ul>\n","protected":false},"featured_media":871125307445,"template":"","meta":[],"product_brand":[],"product_cat":[108],"product_tag":[219,177,179,221,181,197],"class_list":{"0":"post-871125307436","1":"product","2":"type-product","3":"status-publish","4":"has-post-thumbnail","6":"product_cat-non-classe","7":"product_tag-accesoires-auto","8":"product_tag-accessoires-auto","9":"product_tag-accessoires-velo","10":"product_tag-accessoires-velo-accessories-moto-velo","11":"product_tag-electromenager-et-cuisine","12":"product_tag-promo-2","13":"product_shipping_class-small-item-gls-only","15":"first","16":"instock","17":"sale","18":"featured","19":"taxable","20":"shipping-taxable","21":"purchasable","22":"product-type-simple"},"_links":{"self":[{"href":"https:\/\/mskasolutions.com\/fr\/wp-json\/wp\/v2\/product\/871125307436","targetHints":{"allow":["GET"]}}],"collection":[{"href":"https:\/\/mskasolutions.com\/fr\/wp-json\/wp\/v2\/product"}],"about":[{"href":"https:\/\/mskasolutions.com\/fr\/wp-json\/wp\/v2\/types\/product"}],"wp:featuredmedia":[{"embeddable":true,"href":"https:\/\/mskasolutions.com\/fr\/wp-json\/wp\/v2\/media\/871125307445"}],"wp:attachment":[{"href":"https:\/\/mskasolutions.com\/fr\/wp-json\/wp\/v2\/media?parent=871125307436"}],"wp:term":[{"taxonomy":"product_brand","embeddable":true,"href":"https:\/\/mskasolutions.com\/fr\/wp-json\/wp\/v2\/product_brand?post=871125307436"},{"taxonomy":"product_cat","embeddable":true,"href":"https:\/\/mskasolutions.com\/fr\/wp-json\/wp\/v2\/product_cat?post=871125307436"},{"taxonomy":"product_tag","embeddable":true,"href":"https:\/\/mskasolutions.com\/fr\/wp-json\/wp\/v2\/product_tag?post=871125307436"}],"curies":[{"name":"wp","href":"https:\/\/api.w.org\/{rel}","templated":true}]}}