{"id":871125307304,"date":"2024-02-01T15:06:06","date_gmt":"2024-02-01T15:06:06","guid":{"rendered":"https:\/\/mskasolutions.com\/?post_type=product&#038;p=871125307304"},"modified":"2025-06-10T16:52:09","modified_gmt":"2025-06-10T15:52:09","slug":"dunlop-windscreen-phone-holder","status":"publish","type":"product","link":"https:\/\/mskasolutions.com\/fr\/produit\/dunlop-windscreen-phone-holder\/","title":{"rendered":"Support de t\u00e9l\u00e9phone pour pare-brise Dunlop"},"content":{"rendered":"<p>Ce support pour smartphone est dot\u00e9 d&rsquo;un bouton de verrouillage automatique pour plus de commodit\u00e9.<br \/>\nIl se fixe \u00e0 votre pare-brise et peut accueillir un t\u00e9l\u00e9phone de 52 \u00e0 90 mm.<br \/>\nPouvant pivoter sur 360 degr\u00e9s, il offre de multiples angles de vue.<\/p>\n<p><strong>Avantages<\/strong><\/p>\n<p>Am\u00e9liore la s\u00e9curit\u00e9 pendant la conduite, car il n&rsquo;est pas n\u00e9cessaire de d\u00e9crocher le t\u00e9l\u00e9phone.<br \/>\nMati\u00e8re plastique ABS durable<br \/>\nConvient \u00e0 une large gamme de smartphones<\/p>\n<p><strong>Caract\u00e9ristiques techniques<\/strong><\/p>\n<p>Marque : Dunlop<br \/>\nType de produit : Support de t\u00e9l\u00e9phone pour voiture<br \/>\nMati\u00e8re : Plastique ABS Plastique ABS<br \/>\nOrientable : 360 degr\u00e9s<br \/>\nCouleur : Noir<br \/>\nLargeur du smartphone : 52 &#8211; 90mm<\/p>","protected":false},"excerpt":{"rendered":"<p>Ce support pour smartphone est dot\u00e9 d&rsquo;un bouton de verrouillage automatique pour plus de commodit\u00e9.<br \/>\nIl se fixe \u00e0 votre pare-brise et peut accueillir un t\u00e9l\u00e9phone de 52 \u00e0 90 mm.<br \/>\nPouvant pivoter sur 360 degr\u00e9s, il offre de multiples angles de vue.<\/p>\n<p><strong>Avantages<\/strong><\/p>\n<p>Am\u00e9liore la s\u00e9curit\u00e9 pendant la conduite, car il n&rsquo;est pas n\u00e9cessaire de d\u00e9crocher le t\u00e9l\u00e9phone.<br \/>\nMati\u00e8re plastique ABS durable<br \/>\nConvient \u00e0 une large gamme de smartphones<\/p>\n<p><strong>Caract\u00e9ristiques techniques<\/strong><\/p>\n<p>Marque : Dunlop<br \/>\nType de produit : Support de t\u00e9l\u00e9phone pour voiture<br \/>\nMati\u00e8re : Plastique ABS Plastique ABS<br \/>\nOrientable : 360 degr\u00e9s<br \/>\nCouleur : Noir<br \/>\nLargeur du smartphone : 52 &#8211; 90mm<\/p>\n","protected":false},"featured_media":871125307185,"template":"","meta":[],"product_brand":[],"product_cat":[108],"product_tag":[177,187,197],"class_list":{"0":"post-871125307304","1":"product","2":"type-product","3":"status-publish","4":"has-post-thumbnail","6":"product_cat-non-classe","7":"product_tag-accessoires-auto","8":"product_tag-dunlop","9":"product_tag-promo-2","10":"product_shipping_class-small-item-gls-only","12":"first","13":"outofstock","14":"sale","15":"taxable","16":"shipping-taxable","17":"purchasable","18":"product-type-simple"},"_links":{"self":[{"href":"https:\/\/mskasolutions.com\/fr\/wp-json\/wp\/v2\/product\/871125307304","targetHints":{"allow":["GET"]}}],"collection":[{"href":"https:\/\/mskasolutions.com\/fr\/wp-json\/wp\/v2\/product"}],"about":[{"href":"https:\/\/mskasolutions.com\/fr\/wp-json\/wp\/v2\/types\/product"}],"wp:featuredmedia":[{"embeddable":true,"href":"https:\/\/mskasolutions.com\/fr\/wp-json\/wp\/v2\/media\/871125307185"}],"wp:attachment":[{"href":"https:\/\/mskasolutions.com\/fr\/wp-json\/wp\/v2\/media?parent=871125307304"}],"wp:term":[{"taxonomy":"product_brand","embeddable":true,"href":"https:\/\/mskasolutions.com\/fr\/wp-json\/wp\/v2\/product_brand?post=871125307304"},{"taxonomy":"product_cat","embeddable":true,"href":"https:\/\/mskasolutions.com\/fr\/wp-json\/wp\/v2\/product_cat?post=871125307304"},{"taxonomy":"product_tag","embeddable":true,"href":"https:\/\/mskasolutions.com\/fr\/wp-json\/wp\/v2\/product_tag?post=871125307304"}],"curies":[{"name":"wp","href":"https:\/\/api.w.org\/{rel}","templated":true}]}}