{"id":871125307229,"date":"2024-01-12T10:26:29","date_gmt":"2024-01-12T10:26:29","guid":{"rendered":"https:\/\/mskasolutions.com\/?post_type=product&#038;p=871125307229"},"modified":"2024-01-12T11:11:15","modified_gmt":"2024-01-12T11:11:15","slug":"nevada-2-drawer-bedside-in-7-colour-options","status":"publish","type":"product","link":"https:\/\/mskasolutions.com\/fr\/produit\/nevada-2-drawer-bedside-in-7-colour-options\/","title":{"rendered":"Chevet Nevada 2 tiroirs en 7 coloris diff\u00e9rents"},"content":{"rendered":"<p>Chevet Nevada 2 tiroirs en 7 coloris diff\u00e9rents<\/p>\n<p>Blanc<br \/>\nGris<br \/>\nNoir brillant<br \/>\nBois noir Grian<br \/>\nEffet ch\u00eane Sonoma<br \/>\nPlacage hu\u00eetre brillant\/effet ch\u00eane clair<br \/>\nGris Brillant\/Placage effet ch\u00eane clair<br \/>\nDimensions assembl\u00e9es L x P x H (MM)<br \/>\n400 x 400 x 610<\/p>\n<p>Quantit\u00e9 de cartons<br \/>\n1<\/p>\n<p>Mat\u00e9riaux du produit<br \/>\nPANNEAU COMPOSITE, EFFET PEINTURE 3D, PLACAGE PLASTIQUE 3D, PANNEAU ARRI\u00c8RE EN MDF, FOND DE TIROIR EN MDF, POIGN\u00c9E EN M\u00c9TAL, GLISSI\u00c8RES DE TIROIR EN M\u00c9TAL, PIEDS EN PLASTIQUE<\/p>\n<p>Informations suppl\u00e9mentaires<br \/>\nEspace int\u00e9rieur des tiroirs L290 P340 H100mm<br \/>\nTaille de la fa\u00e7ade du tiroir W350 H140mm<br \/>\nEspace pour les \u00e9tag\u00e8res L340 P365 H185mm<\/p>","protected":false},"excerpt":{"rendered":"<p>Chevet Nevada 2 tiroirs en 7 coloris diff\u00e9rents<\/p>\n<p>Blanc<br \/>\nGris<br \/>\nNoir brillant<br \/>\nBois noir Grian<br \/>\nEffet ch\u00eane Sonoma<br \/>\nPlacage hu\u00eetre brillant\/effet ch\u00eane clair<br \/>\nGris Brillant\/Placage effet ch\u00eane clair<br \/>\nDimensions assembl\u00e9es L x P x H (MM)<br \/>\n400 x 400 x 610<\/p>\n<p>Quantit\u00e9 de cartons<br \/>\n1<\/p>\n<p>Mat\u00e9riaux du produit<br \/>\nPANNEAU COMPOSITE, EFFET PEINTURE 3D, PLACAGE PLASTIQUE 3D, PANNEAU ARRI\u00c8RE EN MDF, FOND DE TIROIR EN MDF, POIGN\u00c9E EN M\u00c9TAL, GLISSI\u00c8RES DE TIROIR EN M\u00c9TAL, PIEDS EN PLASTIQUE<\/p>\n<p>Informations suppl\u00e9mentaires<br \/>\nEspace int\u00e9rieur des tiroirs L290 P340 H100mm<br \/>\nTaille de la fa\u00e7ade du tiroir W350 H140mm<br \/>\nEspace pour les \u00e9tag\u00e8res L340 P365 H185mm<\/p>\n","protected":false},"featured_media":871125307252,"template":"","meta":[],"product_brand":[],"product_cat":[108,236],"product_tag":[250,251,253],"class_list":{"0":"post-871125307229","1":"product","2":"type-product","3":"status-publish","4":"has-post-thumbnail","6":"product_cat-non-classe","7":"product_cat-bedroom","8":"product_tag-bedroom","9":"product_tag-chambre-a-coucher","10":"product_tag-tiroir-de-chevet","11":"product_shipping_class-free-gls-5-to-8-day","13":"first","14":"instock","15":"featured","16":"taxable","17":"shipping-taxable","18":"purchasable","19":"product-type-variable"},"_links":{"self":[{"href":"https:\/\/mskasolutions.com\/fr\/wp-json\/wp\/v2\/product\/871125307229","targetHints":{"allow":["GET"]}}],"collection":[{"href":"https:\/\/mskasolutions.com\/fr\/wp-json\/wp\/v2\/product"}],"about":[{"href":"https:\/\/mskasolutions.com\/fr\/wp-json\/wp\/v2\/types\/product"}],"wp:featuredmedia":[{"embeddable":true,"href":"https:\/\/mskasolutions.com\/fr\/wp-json\/wp\/v2\/media\/871125307252"}],"wp:attachment":[{"href":"https:\/\/mskasolutions.com\/fr\/wp-json\/wp\/v2\/media?parent=871125307229"}],"wp:term":[{"taxonomy":"product_brand","embeddable":true,"href":"https:\/\/mskasolutions.com\/fr\/wp-json\/wp\/v2\/product_brand?post=871125307229"},{"taxonomy":"product_cat","embeddable":true,"href":"https:\/\/mskasolutions.com\/fr\/wp-json\/wp\/v2\/product_cat?post=871125307229"},{"taxonomy":"product_tag","embeddable":true,"href":"https:\/\/mskasolutions.com\/fr\/wp-json\/wp\/v2\/product_tag?post=871125307229"}],"curies":[{"name":"wp","href":"https:\/\/api.w.org\/{rel}","templated":true}]}}