{"id":871125307211,"date":"2023-12-12T11:11:00","date_gmt":"2023-12-12T11:11:00","guid":{"rendered":"https:\/\/mskasolutions.com\/?post_type=product&#038;p=871125307211"},"modified":"2024-12-14T12:34:00","modified_gmt":"2024-12-14T12:34:00","slug":"dunlop-de-icer-600ml-spray-can-2-pack","status":"publish","type":"product","link":"https:\/\/mskasolutions.com\/fr\/produit\/dunlop-de-icer-600ml-spray-can-2-pack\/","title":{"rendered":"D\u00e9givreur 600ml pour Dunlop 2 Pack"},"content":{"rendered":"<p><\/p>\n<ul>\n<li>2 x D\u00e9givreur 600ml<\/li>\n<li>Assurez-vous d&rsquo;avoir cet article d&rsquo;hiver import\u00e9 dans votre v\u00e9hicule \u00e0 tout moment, et d\u00e9glacez vos vitres en quelques secondes<\/li>\n<\/ul>\n<p>&nbsp;<\/p>","protected":false},"excerpt":{"rendered":"<ul>\n<li>2 x D\u00e9givreur 600ml<\/li>\n<li>Assurez-vous d&rsquo;avoir cet article d&rsquo;hiver import\u00e9 dans votre v\u00e9hicule \u00e0 tout moment, et d\u00e9glacez vos vitres en quelques secondes<\/li>\n<\/ul>\n","protected":false},"featured_media":871125307212,"template":"","meta":[],"product_brand":[],"product_cat":[107,215],"product_tag":[177,187,176,195],"class_list":{"0":"post-871125307211","1":"product","2":"type-product","3":"status-publish","4":"has-post-thumbnail","6":"product_cat-uncategorized","7":"product_cat-promo","8":"product_tag-accessoires-auto","9":"product_tag-dunlop","10":"product_tag-entretien-de-la-voiture","11":"product_tag-promo","12":"product_shipping_class-small-item-gls-only","14":"first","15":"instock","16":"sale","17":"taxable","18":"shipping-taxable","19":"purchasable","20":"product-type-simple"},"_links":{"self":[{"href":"https:\/\/mskasolutions.com\/fr\/wp-json\/wp\/v2\/product\/871125307211","targetHints":{"allow":["GET"]}}],"collection":[{"href":"https:\/\/mskasolutions.com\/fr\/wp-json\/wp\/v2\/product"}],"about":[{"href":"https:\/\/mskasolutions.com\/fr\/wp-json\/wp\/v2\/types\/product"}],"wp:featuredmedia":[{"embeddable":true,"href":"https:\/\/mskasolutions.com\/fr\/wp-json\/wp\/v2\/media\/871125307212"}],"wp:attachment":[{"href":"https:\/\/mskasolutions.com\/fr\/wp-json\/wp\/v2\/media?parent=871125307211"}],"wp:term":[{"taxonomy":"product_brand","embeddable":true,"href":"https:\/\/mskasolutions.com\/fr\/wp-json\/wp\/v2\/product_brand?post=871125307211"},{"taxonomy":"product_cat","embeddable":true,"href":"https:\/\/mskasolutions.com\/fr\/wp-json\/wp\/v2\/product_cat?post=871125307211"},{"taxonomy":"product_tag","embeddable":true,"href":"https:\/\/mskasolutions.com\/fr\/wp-json\/wp\/v2\/product_tag?post=871125307211"}],"curies":[{"name":"wp","href":"https:\/\/api.w.org\/{rel}","templated":true}]}}