{"id":871125307146,"date":"2023-09-10T08:55:32","date_gmt":"2023-09-10T07:55:32","guid":{"rendered":"https:\/\/mskasolutions.com\/?post_type=product&#038;p=871125307146"},"modified":"2026-01-12T07:43:26","modified_gmt":"2026-01-12T07:43:26","slug":"greate-saver","status":"publish","type":"product","link":"https:\/\/mskasolutions.com\/fr\/produit\/greate-saver\/","title":{"rendered":"\u00c9conomiseur de feu et de grille  &#8211; Prolonge la dur\u00e9e de vie de la grille de votre feu"},"content":{"rendered":"<p>Le syst\u00e8me d&rsquo;\u00e9conomiseur de feu et de grille prolonge la dur\u00e9e de vie de votre grille de feu et vous permet d&rsquo;utiliser moins de combustible, de g\u00e9n\u00e9rer plus de chaleur avec moins de cendres. Il peut \u00e9galement \u00eatre utilis\u00e9 dans les po\u00eales. Vous pouvez \u00e9conomiser jusqu&rsquo;\u00e0 20 % sur les co\u00fbts de combustible.<\/p>\n<p>** Disponible en forme carr\u00e9e ou circulaire.<br \/>\n** S&rsquo;adapte \u00e0 la plupart des grilles, y compris les po\u00eales.<br \/>\n** Les produits de la gamme sont disponibles en deux formats : carr\u00e9 et circulaire.<br \/>\n** Augmente l&rsquo;efficacit\u00e9 du combustible<br \/>\n** R\u00e9duit la facture de combustible et intensifie la production de chaleur<br \/>\n** Trous centraux pour la circulation de l&rsquo;air<br \/>\n** Produit fabriqu\u00e9 en Irlande<\/p>\n<p>Veuillez choisir la forme souhait\u00e9e lors de la commande : carr\u00e9e ou circulaire.<\/p>\n<p>LES FRAIS D&rsquo;EXP\u00c9DITION SONT INCLUS DANS LE PRIX D&rsquo;ACHAT DE 24,99 \u20ac.<\/p>","protected":false},"excerpt":{"rendered":"<p>Le syst\u00e8me d&rsquo;\u00e9conomiseur de feu et de grille prolonge la dur\u00e9e de vie de votre grille de feu et vous permet d&rsquo;utiliser moins de combustible, de g\u00e9n\u00e9rer plus de chaleur avec moins de cendres. Il peut \u00e9galement \u00eatre utilis\u00e9 dans les po\u00eales. Vous pouvez \u00e9conomiser jusqu&rsquo;\u00e0 20 % sur les co\u00fbts de combustible.<\/p>\n<p>** Disponible en forme carr\u00e9e ou circulaire.<br \/>\n** S&rsquo;adapte \u00e0 la plupart des grilles, y compris les po\u00eales.<br \/>\n** Les produits de la gamme sont disponibles en deux formats : carr\u00e9 et circulaire.<br \/>\n** Augmente l&rsquo;efficacit\u00e9 du combustible<br \/>\n** R\u00e9duit la facture de combustible et intensifie la production de chaleur<br \/>\n** Trous centraux pour la circulation de l&rsquo;air<br \/>\n** Produit fabriqu\u00e9 en Irlande<\/p>\n<p>Veuillez choisir la forme souhait\u00e9e lors de la commande : carr\u00e9e ou circulaire.<\/p>\n<p>LES FRAIS D&rsquo;EXP\u00c9DITION SONT INCLUS DANS LE PRIX D&rsquo;ACHAT DE 24,99 \u20ac.<\/p>\n","protected":false},"featured_media":871125307310,"template":"","meta":[],"product_brand":[],"product_cat":[108,233],"product_tag":[181,234,195],"class_list":{"0":"post-871125307146","1":"product","2":"type-product","3":"status-publish","4":"has-post-thumbnail","6":"product_cat-non-classe","7":"product_cat-outils","8":"product_tag-electromenager-et-cuisine","9":"product_tag-outils","10":"product_tag-promo","11":"product_shipping_class-free-gls-5-to-8-day","13":"first","14":"instock","15":"sale","16":"featured","17":"taxable","18":"shipping-taxable","19":"purchasable","20":"product-type-variable"},"_links":{"self":[{"href":"https:\/\/mskasolutions.com\/fr\/wp-json\/wp\/v2\/product\/871125307146","targetHints":{"allow":["GET"]}}],"collection":[{"href":"https:\/\/mskasolutions.com\/fr\/wp-json\/wp\/v2\/product"}],"about":[{"href":"https:\/\/mskasolutions.com\/fr\/wp-json\/wp\/v2\/types\/product"}],"wp:featuredmedia":[{"embeddable":true,"href":"https:\/\/mskasolutions.com\/fr\/wp-json\/wp\/v2\/media\/871125307310"}],"wp:attachment":[{"href":"https:\/\/mskasolutions.com\/fr\/wp-json\/wp\/v2\/media?parent=871125307146"}],"wp:term":[{"taxonomy":"product_brand","embeddable":true,"href":"https:\/\/mskasolutions.com\/fr\/wp-json\/wp\/v2\/product_brand?post=871125307146"},{"taxonomy":"product_cat","embeddable":true,"href":"https:\/\/mskasolutions.com\/fr\/wp-json\/wp\/v2\/product_cat?post=871125307146"},{"taxonomy":"product_tag","embeddable":true,"href":"https:\/\/mskasolutions.com\/fr\/wp-json\/wp\/v2\/product_tag?post=871125307146"}],"curies":[{"name":"wp","href":"https:\/\/api.w.org\/{rel}","templated":true}]}}