{"id":871125307139,"date":"2023-08-21T11:43:03","date_gmt":"2023-08-21T10:43:03","guid":{"rendered":"https:\/\/mskasolutions.com\/?post_type=product&#038;p=871125307139"},"modified":"2026-04-09T10:16:44","modified_gmt":"2026-04-09T09:16:44","slug":"lcd-electronic-thermometer","status":"publish","type":"product","link":"https:\/\/mskasolutions.com\/fr\/produit\/lcd-electronic-thermometer\/","title":{"rendered":"THERMOM\u00c8TRE \u00c9LECTRONIQUE LCD AVEC MESURE DE LA TEMP\u00c9RATURE ET DE L&rsquo;HUMIDIT\u00c9 INTERNES ET EXTERNES, AVEC HORLOGE, DATE ET ALARME"},"content":{"rendered":"<p>Le thermom\u00e8tre \u00e9lectronique LCD permet de mesurer la temp\u00e9rature et l&rsquo;humidit\u00e9 de l&rsquo;air \u00e0 l&rsquo;aide d&rsquo;une sonde suppl\u00e9mentaire int\u00e9gr\u00e9e. Il dispose \u00e9galement d&rsquo;une horloge, d&rsquo;une date et d&rsquo;une fonction d&rsquo;alarme.<\/p>\n<p>Le support permet de le placer sur une surface plane ou de l&rsquo;accrocher au mur. Un appareil utile pour tous les m\u00e9nages, les bureaux, etc.<\/p>\n<p>Le thermom\u00e8tre LCD est dot\u00e9 d&rsquo;un grand \u00e9cran facile \u00e0 lire et de boutons intuitifs pour une utilisation plus pratique.<\/p>\n<p><strong>SP\u00c9CIFICATIONS TECHNIQUES :<\/strong><\/p>\n<p>\u2022 Fabriqu\u00e9 avec des mat\u00e9riaux de haute qualit\u00e9.<\/p>\n<p>\u2022 Affichage LCD clair de la temp\u00e9rature int\u00e9rieure ou ext\u00e9rieure, de l&rsquo;heure et de la date, et de l&rsquo;humidit\u00e9.<\/p>\n<p>\u2022 Affichage de la temp\u00e9rature en degr\u00e9s C\/F<\/p>\n<p>\u2022 Capacit\u00e9 \u00e0 m\u00e9moriser les temp\u00e9ratures et les taux d&rsquo;humidit\u00e9 les plus \u00e9lev\u00e9s et les plus bas.<\/p>\n<p>\u2022 Dispose d&rsquo;un support \u00e0 placer sur le comptoir et d&rsquo;un support \u00e0 accrocher au mur.<\/p>\n<p>\u2022 Longueur du c\u00e2ble de la sonde : 150 cm.<\/p>\n<p>\u2022 Gamme de temp\u00e9ratures mesur\u00e9es :<\/p>\n<p>\u2022 Int\u00e9rieur : 0\u00b0 C &#8211; 50\u00b0 C (-32\u00b0 F &#8211; 122\u00b0 F)<\/p>\n<p>\u2022 Ext\u00e9rieur : -50\u00b0 C &#8211; 70\u00b0 C (-58\u00b0 F &#8211; 158\u00b0 F)<\/p>\n<p>\u2022 Plage d&rsquo;humidit\u00e9 mesur\u00e9e : 10% &#8211; 99% RH.<\/p>\n<p>\u2022 Pr\u00e9cision des temp\u00e9ratures mesur\u00e9es +\/- 1\u00b0 C.<\/p>\n<p>\u2022 Pr\u00e9cision de la mesure de l&rsquo;humidit\u00e9 de l&rsquo;air +\/- 5%.<\/p>\n<p>\u2022 Deux plages d&rsquo;affichage temporel : 12h ou 24h.<\/p>\n<p>\u2022 Fonction d&rsquo;alarme.<\/p>\n<p>\u2022 Fonction d&rsquo;affichage de la date &#8211; jour et mois<\/p>\n<p>\u2022 Alimentation : 1 pile AAA (fournie).<\/p>\n<p>\u2022 Dimensions du thermom\u00e8tre : 10cm x 11cm x 2.2cm.<\/p>\n<p>\u2022 Dimensions du pr\u00e9sentoir : 7,5cm x 6cm.<\/p>\n<p>\u2022 Le produit est certifi\u00e9 CE.<\/p>\n<p>L&rsquo;ENSEMBLE COMPREND :<\/p>\n<p>\u2611\ufe0f Thermom\u00e8tre \u00e9lectronique neuf fabriqu\u00e9 en usine.<\/p>\n<p>\u2611\ufe0f 1 x pile AAA.<\/p>\n<p>\u2611\ufe0f Emballage d&rsquo;origine<\/p>","protected":false},"excerpt":{"rendered":"<p>Le thermom\u00e8tre \u00e9lectronique LCD permet de mesurer la temp\u00e9rature et l&rsquo;humidit\u00e9 de l&rsquo;air \u00e0 l&rsquo;aide d&rsquo;une sonde suppl\u00e9mentaire int\u00e9gr\u00e9e. Il dispose \u00e9galement d&rsquo;une horloge, d&rsquo;une date et d&rsquo;une fonction d&rsquo;alarme.<\/p>\n<p>Le support permet de le placer sur une surface plane ou de l&rsquo;accrocher au mur. Un appareil utile pour tous les m\u00e9nages, les bureaux, etc.<\/p>\n<p>Le thermom\u00e8tre LCD est dot\u00e9 d&rsquo;un grand \u00e9cran facile \u00e0 lire et de boutons intuitifs pour une utilisation plus pratique.<\/p>\n","protected":false},"featured_media":871125307140,"template":"","meta":[],"product_brand":[],"product_cat":[233,215],"product_tag":[181,199,197],"class_list":{"0":"post-871125307139","1":"product","2":"type-product","3":"status-publish","4":"has-post-thumbnail","6":"product_cat-outils","7":"product_cat-promo","8":"product_tag-electromenager-et-cuisine","9":"product_tag-security","10":"product_tag-promo-2","11":"product_shipping_class-small-item-gls-only","13":"first","14":"instock","15":"sale","16":"featured","17":"taxable","18":"shipping-taxable","19":"purchasable","20":"product-type-simple"},"_links":{"self":[{"href":"https:\/\/mskasolutions.com\/fr\/wp-json\/wp\/v2\/product\/871125307139","targetHints":{"allow":["GET"]}}],"collection":[{"href":"https:\/\/mskasolutions.com\/fr\/wp-json\/wp\/v2\/product"}],"about":[{"href":"https:\/\/mskasolutions.com\/fr\/wp-json\/wp\/v2\/types\/product"}],"wp:featuredmedia":[{"embeddable":true,"href":"https:\/\/mskasolutions.com\/fr\/wp-json\/wp\/v2\/media\/871125307140"}],"wp:attachment":[{"href":"https:\/\/mskasolutions.com\/fr\/wp-json\/wp\/v2\/media?parent=871125307139"}],"wp:term":[{"taxonomy":"product_brand","embeddable":true,"href":"https:\/\/mskasolutions.com\/fr\/wp-json\/wp\/v2\/product_brand?post=871125307139"},{"taxonomy":"product_cat","embeddable":true,"href":"https:\/\/mskasolutions.com\/fr\/wp-json\/wp\/v2\/product_cat?post=871125307139"},{"taxonomy":"product_tag","embeddable":true,"href":"https:\/\/mskasolutions.com\/fr\/wp-json\/wp\/v2\/product_tag?post=871125307139"}],"curies":[{"name":"wp","href":"https:\/\/api.w.org\/{rel}","templated":true}]}}