{"id":871125307100,"date":"2023-07-29T12:28:32","date_gmt":"2023-07-29T11:28:32","guid":{"rendered":"https:\/\/mskasolutions.com\/?post_type=product&#038;p=871125307100"},"modified":"2023-07-29T12:47:43","modified_gmt":"2023-07-29T11:47:43","slug":"all-ride-luggage-straps-choice-of-2-lengths-4-colours","status":"publish","type":"product","link":"https:\/\/mskasolutions.com\/fr\/produit\/all-ride-luggage-straps-choice-of-2-lengths-4-colours\/","title":{"rendered":"Sangles \u00e0 bagages All-Ride &#8211; 2 longueurs au choix &#8211; 4 couleurs"},"content":{"rendered":"<p>Sangles \u00e0 bagages All-Ride<\/p>\n<p>S\u00e9curisez vos bagages avec ces sangles \u00e0 bagages.<\/p>\n<p>Ces sangles \u00e0 bagages peuvent \u00eatre coup\u00e9es pour que votre chargement soit toujours serr\u00e9 et solidement attach\u00e9.<\/p>\n<p>Caract\u00e9ristiques :<br \/>\nCouleur jaune \/ rouge \/ bleu \/ vert<br \/>\nMati\u00e8re : nylon, \u00e9lasthanne<br \/>\nLongueur : 60cm, 80cm<\/p>\n<p>Contenu :<br \/>\n2 sangles \u00e0 bagages<\/p>","protected":false},"excerpt":{"rendered":"<p>Sangles \u00e0 bagages All-Ride<\/p>\n<p>S\u00e9curisez vos bagages avec ces sangles \u00e0 bagages.<\/p>\n<p>Ces sangles \u00e0 bagages peuvent \u00eatre coup\u00e9es pour que votre chargement soit toujours serr\u00e9 et solidement attach\u00e9.<\/p>\n<p>Caract\u00e9ristiques :<br \/>\nCouleur jaune \/ rouge \/ bleu \/ vert<br \/>\nMati\u00e8re : nylon, \u00e9lasthanne<br \/>\nLongueur : 60cm, 80cm<\/p>\n<p>Contenu :<br \/>\n2 sangles \u00e0 bagages<\/p>\n","protected":false},"featured_media":871125307113,"template":"","meta":[],"product_brand":[],"product_cat":[108],"product_tag":[177,230,197],"class_list":{"0":"post-871125307100","1":"product","2":"type-product","3":"status-publish","4":"has-post-thumbnail","6":"product_cat-non-classe","7":"product_tag-accessoires-auto","8":"product_tag-all-ride","9":"product_tag-promo-2","10":"product_shipping_class-small-item-gls-only","12":"first","13":"instock","14":"sale","15":"taxable","16":"shipping-taxable","17":"purchasable","18":"product-type-variable"},"_links":{"self":[{"href":"https:\/\/mskasolutions.com\/fr\/wp-json\/wp\/v2\/product\/871125307100","targetHints":{"allow":["GET"]}}],"collection":[{"href":"https:\/\/mskasolutions.com\/fr\/wp-json\/wp\/v2\/product"}],"about":[{"href":"https:\/\/mskasolutions.com\/fr\/wp-json\/wp\/v2\/types\/product"}],"wp:featuredmedia":[{"embeddable":true,"href":"https:\/\/mskasolutions.com\/fr\/wp-json\/wp\/v2\/media\/871125307113"}],"wp:attachment":[{"href":"https:\/\/mskasolutions.com\/fr\/wp-json\/wp\/v2\/media?parent=871125307100"}],"wp:term":[{"taxonomy":"product_brand","embeddable":true,"href":"https:\/\/mskasolutions.com\/fr\/wp-json\/wp\/v2\/product_brand?post=871125307100"},{"taxonomy":"product_cat","embeddable":true,"href":"https:\/\/mskasolutions.com\/fr\/wp-json\/wp\/v2\/product_cat?post=871125307100"},{"taxonomy":"product_tag","embeddable":true,"href":"https:\/\/mskasolutions.com\/fr\/wp-json\/wp\/v2\/product_tag?post=871125307100"}],"curies":[{"name":"wp","href":"https:\/\/api.w.org\/{rel}","templated":true}]}}