{"id":871125307057,"date":"2023-06-14T14:38:16","date_gmt":"2023-06-14T13:38:16","guid":{"rendered":"https:\/\/mskasolutions.com\/?post_type=product&#038;p=871125307057"},"modified":"2023-06-14T14:48:33","modified_gmt":"2023-06-14T13:48:33","slug":"corona-2-drawer-console-table-with-shelf-distressed-waxed-pine","status":"publish","type":"product","link":"https:\/\/mskasolutions.com\/fr\/produit\/corona-2-drawer-console-table-with-shelf-distressed-waxed-pine\/","title":{"rendered":"Corona Table console \u00e0 2 tiroirs avec \u00e9tag\u00e8re &#8211; Pin cir\u00e9 vieilli"},"content":{"rendered":"<p><strong>Dimensions assembl\u00e9es<\/strong> L x P x H (MM) = 900 x 345 x 730<br \/>\n<strong>Quantit\u00e9 de cartons<\/strong> = 1<\/p>\n<p><strong>Mat\u00e9riaux du produit<\/strong><br \/>\nPIN, BASE DE TIROIR EN CONTREPLAQU\u00c9, POIGN\u00c9E EN M\u00c9TAL, COULISSES DE TIROIR EN PIN<\/p>\n<p><strong>Informations suppl\u00e9mentaires<\/strong><br \/>\nEspace int\u00e9rieur du tiroir L280 P200 H75mm<br \/>\nTaille de la fa\u00e7ade du tiroir L310 H90mm<br \/>\nEspace pour les \u00e9tag\u00e8res L760 D285 H390mm<br \/>\nHauteur de l&rsquo;\u00e9tag\u00e8re 135 mm<br \/>\nEpaisseur du plateau 18mm<br \/>\nEpaisseur des pieds 40 mm<br \/>\nSangle anti-basculement incluse<\/p>","protected":false},"excerpt":{"rendered":"<p><strong>Dimensions assembl\u00e9es<\/strong> L x P x H (MM) = 900 x 345 x 730<br \/>\n<strong>Quantit\u00e9 de cartons<\/strong> = 1<\/p>\n<p><strong>Mat\u00e9riaux du produit<\/strong><br \/>\nPIN, BASE DE TIROIR EN CONTREPLAQU\u00c9, POIGN\u00c9E EN M\u00c9TAL, COULISSES DE TIROIR EN PIN<\/p>\n<p><strong>Informations suppl\u00e9mentaires<\/strong><br \/>\nEspace int\u00e9rieur du tiroir L280 P200 H75mm<br \/>\nTaille de la fa\u00e7ade du tiroir L310 H90mm<br \/>\nEspace pour les \u00e9tag\u00e8res L760 D285 H390mm<br \/>\nHauteur de l&rsquo;\u00e9tag\u00e8re 135 mm<br \/>\nEpaisseur du plateau 18mm<br \/>\nEpaisseur des pieds 40 mm<br \/>\nSangle anti-basculement incluse<\/p>\n","protected":false},"featured_media":871125307064,"template":"","meta":[],"product_brand":[],"product_cat":[235],"product_tag":[239,259,260,258,238],"class_list":{"0":"post-871125307057","1":"product","2":"type-product","3":"status-publish","4":"has-post-thumbnail","6":"product_cat-living-room-furniture","7":"product_tag-console-tables","8":"product_tag-living-room","9":"product_tag-living-room-furnitures","10":"product_tag-meubles-de-salon","11":"product_tag-coffee-tables","12":"product_shipping_class-free-gls-5-to-8-day","14":"first","15":"instock","16":"taxable","17":"shipping-taxable","18":"purchasable","19":"product-type-simple"},"_links":{"self":[{"href":"https:\/\/mskasolutions.com\/fr\/wp-json\/wp\/v2\/product\/871125307057","targetHints":{"allow":["GET"]}}],"collection":[{"href":"https:\/\/mskasolutions.com\/fr\/wp-json\/wp\/v2\/product"}],"about":[{"href":"https:\/\/mskasolutions.com\/fr\/wp-json\/wp\/v2\/types\/product"}],"wp:featuredmedia":[{"embeddable":true,"href":"https:\/\/mskasolutions.com\/fr\/wp-json\/wp\/v2\/media\/871125307064"}],"wp:attachment":[{"href":"https:\/\/mskasolutions.com\/fr\/wp-json\/wp\/v2\/media?parent=871125307057"}],"wp:term":[{"taxonomy":"product_brand","embeddable":true,"href":"https:\/\/mskasolutions.com\/fr\/wp-json\/wp\/v2\/product_brand?post=871125307057"},{"taxonomy":"product_cat","embeddable":true,"href":"https:\/\/mskasolutions.com\/fr\/wp-json\/wp\/v2\/product_cat?post=871125307057"},{"taxonomy":"product_tag","embeddable":true,"href":"https:\/\/mskasolutions.com\/fr\/wp-json\/wp\/v2\/product_tag?post=871125307057"}],"curies":[{"name":"wp","href":"https:\/\/api.w.org\/{rel}","templated":true}]}}