{"id":871125307040,"date":"2023-06-14T13:40:01","date_gmt":"2023-06-14T12:40:01","guid":{"rendered":"https:\/\/mskasolutions.com\/?post_type=product&#038;p=871125307040"},"modified":"2023-06-14T13:49:05","modified_gmt":"2023-06-14T12:49:05","slug":"corona-1-drawer-coffee-table-white-distressed-waxed-pine","status":"publish","type":"product","link":"https:\/\/mskasolutions.com\/fr\/produit\/corona-1-drawer-coffee-table-white-distressed-waxed-pine\/","title":{"rendered":"Table basse \u00e0 1 tiroir Corona &#8211; Blanc\/Pin cir\u00e9 d\u00e9prim\u00e9"},"content":{"rendered":"<p><strong>Dimensions assembl\u00e9es<\/strong> L x P x H (MM) = 1005 x 610 x 450<\/p>\n<p><strong>Quantit\u00e9 de cartons<\/strong> = 1<\/p>\n<p><strong>Mat\u00e9riaux du produit<\/strong><br \/>\nPANNEAU SUP\u00c9RIEUR EN PIN, MDF, BASE DE TIROIR EN MDF, POIGN\u00c9E EN M\u00c9TAL, GLISSI\u00c8RES DE TIROIR EN M\u00c9TAL, MONTANTS EN M\u00c9TAL<\/p>\n<p><strong>Informations suppl\u00e9mentaires<\/strong><br \/>\nEspace int\u00e9rieur du tiroir L390 P385 H70mm<br \/>\nTaille de la fa\u00e7ade du tiroir L445 H110mm<br \/>\nEpaisseur du plateau 25mm<br \/>\nEpaisseur des pieds 60 mm<br \/>\nHauteur sous le cadre 215 mm<\/p>","protected":false},"excerpt":{"rendered":"<p><strong>Dimensions assembl\u00e9es<\/strong> L x P x H (MM) = 1005 x 610 x 450<\/p>\n<p><strong>Quantit\u00e9 de cartons<\/strong> = 1<\/p>\n<p><strong>Mat\u00e9riaux du produit<\/strong><br \/>\nPANNEAU SUP\u00c9RIEUR EN PIN, MDF, BASE DE TIROIR EN MDF, POIGN\u00c9E EN M\u00c9TAL, GLISSI\u00c8RES DE TIROIR EN M\u00c9TAL, MONTANTS EN M\u00c9TAL<\/p>\n<p><strong>Informations suppl\u00e9mentaires<\/strong><br \/>\nEspace int\u00e9rieur du tiroir L390 P385 H70mm<br \/>\nTaille de la fa\u00e7ade du tiroir L445 H110mm<br \/>\nEpaisseur du plateau 25mm<br \/>\nEpaisseur des pieds 60 mm<br \/>\nHauteur sous le cadre 215 mm<\/p>\n","protected":false},"featured_media":871125307047,"template":"","meta":[],"product_brand":[],"product_cat":[235],"product_tag":[259,260,258,238],"class_list":{"0":"post-871125307040","1":"product","2":"type-product","3":"status-publish","4":"has-post-thumbnail","6":"product_cat-living-room-furniture","7":"product_tag-living-room","8":"product_tag-living-room-furnitures","9":"product_tag-meubles-de-salon","10":"product_tag-coffee-tables","11":"product_shipping_class-free-gls-5-to-8-day","13":"first","14":"instock","15":"taxable","16":"shipping-taxable","17":"purchasable","18":"product-type-simple"},"_links":{"self":[{"href":"https:\/\/mskasolutions.com\/fr\/wp-json\/wp\/v2\/product\/871125307040","targetHints":{"allow":["GET"]}}],"collection":[{"href":"https:\/\/mskasolutions.com\/fr\/wp-json\/wp\/v2\/product"}],"about":[{"href":"https:\/\/mskasolutions.com\/fr\/wp-json\/wp\/v2\/types\/product"}],"wp:featuredmedia":[{"embeddable":true,"href":"https:\/\/mskasolutions.com\/fr\/wp-json\/wp\/v2\/media\/871125307047"}],"wp:attachment":[{"href":"https:\/\/mskasolutions.com\/fr\/wp-json\/wp\/v2\/media?parent=871125307040"}],"wp:term":[{"taxonomy":"product_brand","embeddable":true,"href":"https:\/\/mskasolutions.com\/fr\/wp-json\/wp\/v2\/product_brand?post=871125307040"},{"taxonomy":"product_cat","embeddable":true,"href":"https:\/\/mskasolutions.com\/fr\/wp-json\/wp\/v2\/product_cat?post=871125307040"},{"taxonomy":"product_tag","embeddable":true,"href":"https:\/\/mskasolutions.com\/fr\/wp-json\/wp\/v2\/product_tag?post=871125307040"}],"curies":[{"name":"wp","href":"https:\/\/api.w.org\/{rel}","templated":true}]}}