{"id":871125307031,"date":"2023-06-14T13:31:34","date_gmt":"2023-06-14T12:31:34","guid":{"rendered":"https:\/\/mskasolutions.com\/?post_type=product&#038;p=871125307031"},"modified":"2023-06-14T13:37:01","modified_gmt":"2023-06-14T12:37:01","slug":"corona-1-drawer-coffee-table-distressed-waxed-pine","status":"publish","type":"product","link":"https:\/\/mskasolutions.com\/fr\/produit\/corona-1-drawer-coffee-table-distressed-waxed-pine\/","title":{"rendered":"Table basse \u00e0 1 tiroir Corona &#8211; Pin cir\u00e9 vieilli"},"content":{"rendered":"<p><strong>Dimensions assembl\u00e9es<\/strong> L x P x H (MM) = 1000 x 610 x 450<\/p>\n<p><strong>Quantit\u00e9 de cartons<\/strong> = 1<\/p>\n<p><strong>Mat\u00e9riaux du produit<\/strong><\/p>\n<p>PIN, FOND DE TIROIR EN CONTREPLAQU\u00c9, POIGN\u00c9E EN M\u00c9TAL, GLISSI\u00c8RES DE TIROIR EN PIN<\/p>\n<p><strong>Informations suppl\u00e9mentaire<\/strong><\/p>\n<p>Espace int\u00e9rieur du tiroir L315 P340 H70mm<br \/>\nTaille de la fa\u00e7ade du tiroir W350 H90mm<br \/>\nHauteur sous le cadre 190 mm<\/p>","protected":false},"excerpt":{"rendered":"<p><strong>Dimensions assembl\u00e9es<\/strong> L x P x H (MM) = 1000 x 610 x 450<\/p>\n<p><strong>Quantit\u00e9 de cartons<\/strong> = 1<\/p>\n<p><strong>Mat\u00e9riaux du produit<\/strong><\/p>\n<p>PIN, FOND DE TIROIR EN CONTREPLAQU\u00c9, POIGN\u00c9E EN M\u00c9TAL, GLISSI\u00c8RES DE TIROIR EN PIN<\/p>\n<p><strong>Informations suppl\u00e9mentaire<\/strong><\/p>\n<p>Espace int\u00e9rieur du tiroir L315 P340 H70mm<br \/>\nTaille de la fa\u00e7ade du tiroir W350 H90mm<br \/>\nHauteur sous le cadre 190 mm<\/p>\n","protected":false},"featured_media":871125307035,"template":"","meta":[],"product_brand":[],"product_cat":[235],"product_tag":[259,260,258,238],"class_list":{"0":"post-871125307031","1":"product","2":"type-product","3":"status-publish","4":"has-post-thumbnail","6":"product_cat-living-room-furniture","7":"product_tag-living-room","8":"product_tag-living-room-furnitures","9":"product_tag-meubles-de-salon","10":"product_tag-coffee-tables","11":"product_shipping_class-free-gls-5-to-8-day","13":"first","14":"instock","15":"taxable","16":"shipping-taxable","17":"purchasable","18":"product-type-simple"},"_links":{"self":[{"href":"https:\/\/mskasolutions.com\/fr\/wp-json\/wp\/v2\/product\/871125307031","targetHints":{"allow":["GET"]}}],"collection":[{"href":"https:\/\/mskasolutions.com\/fr\/wp-json\/wp\/v2\/product"}],"about":[{"href":"https:\/\/mskasolutions.com\/fr\/wp-json\/wp\/v2\/types\/product"}],"wp:featuredmedia":[{"embeddable":true,"href":"https:\/\/mskasolutions.com\/fr\/wp-json\/wp\/v2\/media\/871125307035"}],"wp:attachment":[{"href":"https:\/\/mskasolutions.com\/fr\/wp-json\/wp\/v2\/media?parent=871125307031"}],"wp:term":[{"taxonomy":"product_brand","embeddable":true,"href":"https:\/\/mskasolutions.com\/fr\/wp-json\/wp\/v2\/product_brand?post=871125307031"},{"taxonomy":"product_cat","embeddable":true,"href":"https:\/\/mskasolutions.com\/fr\/wp-json\/wp\/v2\/product_cat?post=871125307031"},{"taxonomy":"product_tag","embeddable":true,"href":"https:\/\/mskasolutions.com\/fr\/wp-json\/wp\/v2\/product_tag?post=871125307031"}],"curies":[{"name":"wp","href":"https:\/\/api.w.org\/{rel}","templated":true}]}}