{"id":871125306999,"date":"2023-05-15T08:45:07","date_gmt":"2023-05-15T07:45:07","guid":{"rendered":"https:\/\/mskasolutions.com\/?post_type=product&#038;p=871125306999"},"modified":"2023-05-15T08:53:26","modified_gmt":"2023-05-15T07:53:26","slug":"coffre-toledo-32-tiroirs-effet-blanc-chene","status":"publish","type":"product","link":"https:\/\/mskasolutions.com\/fr\/produit\/coffre-toledo-32-tiroirs-effet-blanc-chene\/","title":{"rendered":"Coffre Toledo 3+2 tiroirs Effet blanc\/ch\u00eane"},"content":{"rendered":"<p>Dimensions assembl\u00e9es L x P x H (MM) 925 x 485 x 1310<\/p>\n<p>Quantit\u00e9 de cartons = 2<\/p>\n<p>Mat\u00e9riaux du produit :<\/p>\n<p>CADRE EN PANNEAU COMPOSITE\/MDF, PANNEAU SUP\u00c9RIEUR EN PIN, EFFET PEINTURE, PLACAGE PLASTIQUE, PANNEAU ARRI\u00c8RE EN MDF, FOND DE TIROIR EN MDF, POIGN\u00c9ES EN M\u00c9TAL, GLISSI\u00c8RES DE TIROIR EN M\u00c9TAL, ENTRETOISE DE TIROIR EN PLASTIQUE<\/p>\n<p>Informations suppl\u00e9mentaires :<\/p>\n<p>Petit espace int\u00e9rieur pour les tiroirs L290 P385 H120mm<br \/>\nFa\u00e7ade du petit tiroir L340 H195mm<br \/>\nEspace int\u00e9rieur pour tiroir moyen W700 D385 H120mm<br \/>\nFa\u00e7ade du tiroir moyen W750 H195mm<br \/>\nGrand espace tiroir int\u00e9rieur W700 D385 H280mm<br \/>\nGrande fa\u00e7ade de tiroir W750 H365mm<br \/>\n\u00c9paisseur du plateau 40 mm<br \/>\nSangle anti-basculement incluse<\/p>","protected":false},"excerpt":{"rendered":"<p><strong>Dimensions assembl\u00e9es<\/strong> L x P x H (MM) 925 x 485 x 1310<\/p>\n<p><strong>Quantit\u00e9 de cartons<\/strong> = 2<\/p>\n<p><strong>Mat\u00e9riaux du produit :<\/strong><\/p>\n<p>CADRE EN PANNEAU COMPOSITE\/MDF, PANNEAU SUP\u00c9RIEUR EN PIN, EFFET PEINTURE, PLACAGE PLASTIQUE, PANNEAU ARRI\u00c8RE EN MDF, FOND DE TIROIR EN MDF, POIGN\u00c9ES EN M\u00c9TAL, GLISSI\u00c8RES DE TIROIR EN M\u00c9TAL, ENTRETOISE DE TIROIR EN PLASTIQUE<\/p>\n<p><strong>Informations suppl\u00e9mentaires :<\/strong><\/p>\n<p>Petit espace int\u00e9rieur pour les tiroirs L290 P385 H120mm<br \/>\nFa\u00e7ade du petit tiroir L340 H195mm<br \/>\nEspace int\u00e9rieur pour tiroir moyen W700 D385 H120mm<br \/>\nFa\u00e7ade du tiroir moyen W750 H195mm<br \/>\nGrand espace tiroir int\u00e9rieur W700 D385 H280mm<br \/>\nGrande fa\u00e7ade de tiroir W750 H365mm<br \/>\n\u00c9paisseur du plateau 40 mm<br \/>\nSangle anti-basculement incluse<\/p>\n","protected":false},"featured_media":871125307008,"template":"","meta":[],"product_brand":[],"product_cat":[108,236],"product_tag":[250,255,251,254,243],"class_list":{"0":"post-871125306999","1":"product","2":"type-product","3":"status-publish","4":"has-post-thumbnail","6":"product_cat-non-classe","7":"product_cat-bedroom","8":"product_tag-bedroom","9":"product_tag-chambre","10":"product_tag-chambre-a-coucher","11":"product_tag-commode","12":"product_tag-chests-of-drawers","13":"product_shipping_class-medium-item","15":"first","16":"instock","17":"taxable","18":"shipping-taxable","19":"purchasable","20":"product-type-simple"},"_links":{"self":[{"href":"https:\/\/mskasolutions.com\/fr\/wp-json\/wp\/v2\/product\/871125306999","targetHints":{"allow":["GET"]}}],"collection":[{"href":"https:\/\/mskasolutions.com\/fr\/wp-json\/wp\/v2\/product"}],"about":[{"href":"https:\/\/mskasolutions.com\/fr\/wp-json\/wp\/v2\/types\/product"}],"wp:featuredmedia":[{"embeddable":true,"href":"https:\/\/mskasolutions.com\/fr\/wp-json\/wp\/v2\/media\/871125307008"}],"wp:attachment":[{"href":"https:\/\/mskasolutions.com\/fr\/wp-json\/wp\/v2\/media?parent=871125306999"}],"wp:term":[{"taxonomy":"product_brand","embeddable":true,"href":"https:\/\/mskasolutions.com\/fr\/wp-json\/wp\/v2\/product_brand?post=871125306999"},{"taxonomy":"product_cat","embeddable":true,"href":"https:\/\/mskasolutions.com\/fr\/wp-json\/wp\/v2\/product_cat?post=871125306999"},{"taxonomy":"product_tag","embeddable":true,"href":"https:\/\/mskasolutions.com\/fr\/wp-json\/wp\/v2\/product_tag?post=871125306999"}],"curies":[{"name":"wp","href":"https:\/\/api.w.org\/{rel}","templated":true}]}}