{"id":871125306991,"date":"2023-05-14T11:59:44","date_gmt":"2023-05-14T10:59:44","guid":{"rendered":"https:\/\/mskasolutions.com\/?post_type=product&#038;p=871125306991"},"modified":"2023-05-14T12:07:06","modified_gmt":"2023-05-14T11:07:06","slug":"ludlow-22-drawer-chest","status":"publish","type":"product","link":"https:\/\/mskasolutions.com\/fr\/produit\/ludlow-22-drawer-chest\/","title":{"rendered":"Commode Ludlow 2+2 tiroirs"},"content":{"rendered":"<p>Dimensions assembl\u00e9es L x P x H (MM) 800 x 410 x 800<\/p>\n<p>Quantit\u00e9 de cartons = 1<\/p>\n<p>Mat\u00e9riaux du produit<br \/>\nMDF, PANNEAU SUP\u00c9RIEUR EN PIN, POIGN\u00c9E EN M\u00c9TAL<\/p>\n<p>Informations suppl\u00e9mentaires<br \/>\nPetit espace de tiroir int\u00e9rieur L265 P335 H105mm<br \/>\nFa\u00e7ade du petit tiroir W325 H180mm<br \/>\nTiroir int\u00e9rieur moyen W605 D335 H105mm<br \/>\nFa\u00e7ade de tiroir moyen W655 H180mm<br \/>\nGrand espace int\u00e9rieur pour tiroir W605 D335 H165mm<br \/>\nGrande fa\u00e7ade de tiroir W655 H270mm<br \/>\nEpaisseur du dessus 18mm<br \/>\nSangle anti-basculement incluse<\/p>","protected":false},"excerpt":{"rendered":"<p>Dimensions assembl\u00e9es L x P x H (MM) 800 x 410 x 800<\/p>\n<p>Quantit\u00e9 de cartons = 1<\/p>\n<p>Mat\u00e9riaux du produit<br \/>\nMDF, PANNEAU SUP\u00c9RIEUR EN PIN, POIGN\u00c9E EN M\u00c9TAL<\/p>\n<p>Informations suppl\u00e9mentaires<br \/>\nPetit espace de tiroir int\u00e9rieur L265 P335 H105mm<br \/>\nFa\u00e7ade du petit tiroir W325 H180mm<br \/>\nTiroir int\u00e9rieur moyen W605 D335 H105mm<br \/>\nFa\u00e7ade de tiroir moyen W655 H180mm<br \/>\nGrand espace int\u00e9rieur pour tiroir W605 D335 H165mm<br \/>\nGrande fa\u00e7ade de tiroir W655 H270mm<br \/>\nEpaisseur du dessus 18mm<br \/>\nSangle anti-basculement incluse<\/p>\n","protected":false},"featured_media":871125306998,"template":"","meta":[],"product_brand":[],"product_cat":[108,236],"product_tag":[250,255,251,254,243],"class_list":{"0":"post-871125306991","1":"product","2":"type-product","3":"status-publish","4":"has-post-thumbnail","6":"product_cat-non-classe","7":"product_cat-bedroom","8":"product_tag-bedroom","9":"product_tag-chambre","10":"product_tag-chambre-a-coucher","11":"product_tag-commode","12":"product_tag-chests-of-drawers","13":"product_shipping_class-small-item","15":"first","16":"instock","17":"taxable","18":"shipping-taxable","19":"purchasable","20":"product-type-simple"},"_links":{"self":[{"href":"https:\/\/mskasolutions.com\/fr\/wp-json\/wp\/v2\/product\/871125306991","targetHints":{"allow":["GET"]}}],"collection":[{"href":"https:\/\/mskasolutions.com\/fr\/wp-json\/wp\/v2\/product"}],"about":[{"href":"https:\/\/mskasolutions.com\/fr\/wp-json\/wp\/v2\/types\/product"}],"wp:featuredmedia":[{"embeddable":true,"href":"https:\/\/mskasolutions.com\/fr\/wp-json\/wp\/v2\/media\/871125306998"}],"wp:attachment":[{"href":"https:\/\/mskasolutions.com\/fr\/wp-json\/wp\/v2\/media?parent=871125306991"}],"wp:term":[{"taxonomy":"product_brand","embeddable":true,"href":"https:\/\/mskasolutions.com\/fr\/wp-json\/wp\/v2\/product_brand?post=871125306991"},{"taxonomy":"product_cat","embeddable":true,"href":"https:\/\/mskasolutions.com\/fr\/wp-json\/wp\/v2\/product_cat?post=871125306991"},{"taxonomy":"product_tag","embeddable":true,"href":"https:\/\/mskasolutions.com\/fr\/wp-json\/wp\/v2\/product_tag?post=871125306991"}],"curies":[{"name":"wp","href":"https:\/\/api.w.org\/{rel}","templated":true}]}}