{"id":871125306983,"date":"2023-05-14T11:51:03","date_gmt":"2023-05-14T10:51:03","guid":{"rendered":"https:\/\/mskasolutions.com\/?post_type=product&#038;p=871125306983"},"modified":"2023-05-14T11:57:58","modified_gmt":"2023-05-14T10:57:58","slug":"nevada-32-drawer-chest-oyster-gloss-light-oak-effect-veneer","status":"publish","type":"product","link":"https:\/\/mskasolutions.com\/fr\/produit\/nevada-32-drawer-chest-oyster-gloss-light-oak-effect-veneer\/","title":{"rendered":"Coffre Nevada 3+2 tiroirs Placage effet hu\u00eetre brillant\/ch\u00eane clair"},"content":{"rendered":"<p><strong>Dimensions assembl\u00e9es L x P x H (MM)<\/strong> 810 x 460 x 1155<\/p>\n<p><strong>Quantit\u00e9 de cartons<\/strong> = 2<\/p>\n<p><strong>Mat\u00e9riaux du produit<\/strong><br \/>\nPANNEAU COMPOSITE, EFFET PEINTURE 3D, PLACAGE PLASTIQUE 3D, PANNEAU ARRI\u00c8RE EN MDF, FOND DE TIROIR EN MDF, POIGN\u00c9E EN M\u00c9TAL, GLISSI\u00c8RES DE TIROIR EN M\u00c9TAL, BANDE DE PANNEAU ARRI\u00c8RE EN PLASTIQUE, PIEDS EN PLASTIQUE<\/p>\n<p><strong>Informations suppl\u00e9mentaires<\/strong><br \/>\nPetit espace int\u00e9rieur de tiroir L320 P390 H150mm<br \/>\nPetite taille de fa\u00e7ade de tiroir L375 H255mm<br \/>\nGrand tiroir int\u00e9rieur W700 D390 H150mm<br \/>\nGrande taille de fa\u00e7ade de tiroir W760 H255mm<br \/>\n\u00c9paisseur du dessus 25 mm<br \/>\nSangle anti-basculement incluse<\/p>","protected":false},"excerpt":{"rendered":"<p><strong>Dimensions assembl\u00e9es L x P x H (MM)<\/strong> 810 x 460 x 1155<\/p>\n<p><strong>Quantit\u00e9 de cartons<\/strong> = 2<\/p>\n<p><strong>Mat\u00e9riaux du produit<\/strong><br \/>\nPANNEAU COMPOSITE, EFFET PEINTURE 3D, PLACAGE PLASTIQUE 3D, PANNEAU ARRI\u00c8RE EN MDF, FOND DE TIROIR EN MDF, POIGN\u00c9E EN M\u00c9TAL, GLISSI\u00c8RES DE TIROIR EN M\u00c9TAL, BANDE DE PANNEAU ARRI\u00c8RE EN PLASTIQUE, PIEDS EN PLASTIQUE<\/p>\n<p><strong>Informations suppl\u00e9mentaires<\/strong><br \/>\nPetit espace int\u00e9rieur de tiroir L320 P390 H150mm<br \/>\nPetite taille de fa\u00e7ade de tiroir L375 H255mm<br \/>\nGrand tiroir int\u00e9rieur W700 D390 H150mm<br \/>\nGrande taille de fa\u00e7ade de tiroir W760 H255mm<br \/>\n\u00c9paisseur du dessus 25 mm<br \/>\nSangle anti-basculement incluse<\/p>\n","protected":false},"featured_media":871125306990,"template":"","meta":[],"product_brand":[],"product_cat":[108,236],"product_tag":[250,255,251,254,243],"class_list":{"0":"post-871125306983","1":"product","2":"type-product","3":"status-publish","4":"has-post-thumbnail","6":"product_cat-non-classe","7":"product_cat-bedroom","8":"product_tag-bedroom","9":"product_tag-chambre","10":"product_tag-chambre-a-coucher","11":"product_tag-commode","12":"product_tag-chests-of-drawers","13":"product_shipping_class-medium-item","15":"first","16":"instock","17":"taxable","18":"shipping-taxable","19":"purchasable","20":"product-type-simple"},"_links":{"self":[{"href":"https:\/\/mskasolutions.com\/fr\/wp-json\/wp\/v2\/product\/871125306983","targetHints":{"allow":["GET"]}}],"collection":[{"href":"https:\/\/mskasolutions.com\/fr\/wp-json\/wp\/v2\/product"}],"about":[{"href":"https:\/\/mskasolutions.com\/fr\/wp-json\/wp\/v2\/types\/product"}],"wp:featuredmedia":[{"embeddable":true,"href":"https:\/\/mskasolutions.com\/fr\/wp-json\/wp\/v2\/media\/871125306990"}],"wp:attachment":[{"href":"https:\/\/mskasolutions.com\/fr\/wp-json\/wp\/v2\/media?parent=871125306983"}],"wp:term":[{"taxonomy":"product_brand","embeddable":true,"href":"https:\/\/mskasolutions.com\/fr\/wp-json\/wp\/v2\/product_brand?post=871125306983"},{"taxonomy":"product_cat","embeddable":true,"href":"https:\/\/mskasolutions.com\/fr\/wp-json\/wp\/v2\/product_cat?post=871125306983"},{"taxonomy":"product_tag","embeddable":true,"href":"https:\/\/mskasolutions.com\/fr\/wp-json\/wp\/v2\/product_tag?post=871125306983"}],"curies":[{"name":"wp","href":"https:\/\/api.w.org\/{rel}","templated":true}]}}