{"id":871125306966,"date":"2023-05-14T11:30:44","date_gmt":"2023-05-14T10:30:44","guid":{"rendered":"https:\/\/mskasolutions.com\/?post_type=product&#038;p=871125306966"},"modified":"2023-05-14T11:40:53","modified_gmt":"2023-05-14T10:40:53","slug":"lisbon-commode-32-tiroirs-placage-effet-chene-clair","status":"publish","type":"product","link":"https:\/\/mskasolutions.com\/fr\/produit\/lisbon-commode-32-tiroirs-placage-effet-chene-clair\/","title":{"rendered":"Lisbon Commode 3+2 tiroirs Placage effet ch\u00eane clair"},"content":{"rendered":"<p>Dimensions assembl\u00e9es L x P x H (MM)<br \/>\n805 x 400 x 1140<\/p>\n<p>Quantit\u00e9 de cartons<br \/>\n2<\/p>\n<p><strong>Mat\u00e9riaux des produits<\/strong><br \/>\nPOIGN\u00c9ES EN M\u00c9TAL, GLISSI\u00c8RES DE TIROIR EN M\u00c9TAL, MDF, PLACAGE DE PAPIER, PLACAGE DE PLASTIQUE, PANNEAU COMPOSITE<\/p>\n<p><strong>Informations suppl\u00e9mentaires<\/strong><br \/>\nPetit espace de tiroir W300 D335 H145<br \/>\nFa\u00e7ade du petit tiroir W360 H255<br \/>\nGrand espace tiroir W670 D335 H145<br \/>\nGrande taille de tiroir W720 H255<br \/>\nEpaisseur du dessus 30mm<br \/>\nSangle anti-basculement incluse<\/p>\n<p>&nbsp;<\/p>","protected":false},"excerpt":{"rendered":"<p><strong>Dimensions assembl\u00e9es L x P x H (MM)<\/strong><br \/>\n805 x 400 x 1140<\/p>\n<p>Quantit\u00e9 de cartons<br \/>\n2<\/p>\n<p><strong>Mat\u00e9riaux des produits<\/strong><br \/>\nPOIGN\u00c9ES EN M\u00c9TAL, GLISSI\u00c8RES DE TIROIR EN M\u00c9TAL, MDF, PLACAGE DE PAPIER, PLACAGE DE PLASTIQUE, PANNEAU COMPOSITE<\/p>\n<p><strong>Informations suppl\u00e9mentaires<\/strong><br \/>\nPetit espace de tiroir W300 D335 H145<br \/>\nFa\u00e7ade du petit tiroir W360 H255<br \/>\nGrand espace tiroir W670 D335 H145<br \/>\nGrande taille de tiroir W720 H255<br \/>\nEpaisseur du dessus 30mm<br \/>\nSangle anti-basculement incluse<\/p>\n","protected":false},"featured_media":871125306973,"template":"","meta":[],"product_brand":[],"product_cat":[108,236],"product_tag":[250,255,251,254,243],"class_list":{"0":"post-871125306966","1":"product","2":"type-product","3":"status-publish","4":"has-post-thumbnail","6":"product_cat-non-classe","7":"product_cat-bedroom","8":"product_tag-bedroom","9":"product_tag-chambre","10":"product_tag-chambre-a-coucher","11":"product_tag-commode","12":"product_tag-chests-of-drawers","13":"product_shipping_class-medium-item","15":"first","16":"instock","17":"taxable","18":"shipping-taxable","19":"purchasable","20":"product-type-simple"},"_links":{"self":[{"href":"https:\/\/mskasolutions.com\/fr\/wp-json\/wp\/v2\/product\/871125306966","targetHints":{"allow":["GET"]}}],"collection":[{"href":"https:\/\/mskasolutions.com\/fr\/wp-json\/wp\/v2\/product"}],"about":[{"href":"https:\/\/mskasolutions.com\/fr\/wp-json\/wp\/v2\/types\/product"}],"wp:featuredmedia":[{"embeddable":true,"href":"https:\/\/mskasolutions.com\/fr\/wp-json\/wp\/v2\/media\/871125306973"}],"wp:attachment":[{"href":"https:\/\/mskasolutions.com\/fr\/wp-json\/wp\/v2\/media?parent=871125306966"}],"wp:term":[{"taxonomy":"product_brand","embeddable":true,"href":"https:\/\/mskasolutions.com\/fr\/wp-json\/wp\/v2\/product_brand?post=871125306966"},{"taxonomy":"product_cat","embeddable":true,"href":"https:\/\/mskasolutions.com\/fr\/wp-json\/wp\/v2\/product_cat?post=871125306966"},{"taxonomy":"product_tag","embeddable":true,"href":"https:\/\/mskasolutions.com\/fr\/wp-json\/wp\/v2\/product_tag?post=871125306966"}],"curies":[{"name":"wp","href":"https:\/\/api.w.org\/{rel}","templated":true}]}}