{"id":871125306917,"date":"2023-03-29T09:35:53","date_gmt":"2023-03-29T08:35:53","guid":{"rendered":"https:\/\/mskasolutions.com\/?post_type=product&#038;p=871125306917"},"modified":"2023-04-14T16:09:52","modified_gmt":"2023-04-14T15:09:52","slug":"charles-1-drawer-dressing-table-set-white-black-faux-leather","status":"publish","type":"product","link":"https:\/\/mskasolutions.com\/fr\/produit\/charles-1-drawer-dressing-table-set-white-black-faux-leather\/","title":{"rendered":"Charles : Ensemble de coiffeuse \u00e0 1 tiroir Faux cuir blanc\/noir"},"content":{"rendered":"<p>Charles : Ensemble de coiffeuse \u00e0 1 tiroir<br \/>\nFaux cuir blanc\/noir<\/p>\n<p>Dimensions assembl\u00e9es L x P x H (MM)<br \/>\n800 x 400 x 1755<\/p>\n<p>Quantit\u00e9 de cartons : 3<\/p>\n<p>Mat\u00e9riaux du produit :<\/p>\n<p>PANNEAU COMPOSITE, PLACAGE PAPIER, PLACAGE PLASTIQUE, PANNEAU ARRI\u00c8RE EN MDF, FOND DE TIROIR EN MDF, POIGN\u00c9E EN PLASTIQUE, GLISSI\u00c8RES DE TIROIR EN M\u00c9TAL, VERRE MIROIR, SIMILICUIR, MOUSSE<\/p>\n<p>Informations suppl\u00e9mentaires :<\/p>\n<p>Espace int\u00e9rieur des tiroirs L695 D265 H100mm<br \/>\nTaille de la fa\u00e7ade du tiroir L745 H165mm<br \/>\nTaille du coussin d&rsquo;assise L400 P300mm<br \/>\nHauteur de l&rsquo;assise 420 mm<br \/>\nTaille du cadre du miroir W600 D135 H1020mm<br \/>\nTaille du miroir L480 H840mm<br \/>\nEspace de l&rsquo;\u00e9tag\u00e8re sup\u00e9rieure W505 D75 H280mm<br \/>\nEspace pour l&rsquo;\u00e9tag\u00e8re du milieu W505 D75 H295mm<br \/>\nEspace pour l&rsquo;\u00e9tag\u00e8re du bas W505 D75 H305mm<br \/>\nTaille de la coiffeuse L800 P400 H735mm<\/p>","protected":false},"excerpt":{"rendered":"<p>Charles : Ensemble de coiffeuse \u00e0 1 tiroir<br \/>\nFaux cuir blanc\/noir<\/p>\n<p>Dimensions assembl\u00e9es L x P x H (MM)<br \/>\n800 x 400 x 1755<\/p>\n<p>Quantit\u00e9 de cartons : 3<\/p>\n<p>Mat\u00e9riaux du produit :<\/p>\n<p>PANNEAU COMPOSITE, PLACAGE PAPIER, PLACAGE PLASTIQUE, PANNEAU ARRI\u00c8RE EN MDF, FOND DE TIROIR EN MDF, POIGN\u00c9E EN PLASTIQUE, GLISSI\u00c8RES DE TIROIR EN M\u00c9TAL, VERRE MIROIR, SIMILICUIR, MOUSSE<\/p>\n<p>Informations suppl\u00e9mentaires :<\/p>\n<p>Espace int\u00e9rieur des tiroirs L695 D265 H100mm<br \/>\nTaille de la fa\u00e7ade du tiroir L745 H165mm<br \/>\nTaille du coussin d&rsquo;assise L400 P300mm<br \/>\nHauteur de l&rsquo;assise 420 mm<br \/>\nTaille du cadre du miroir W600 D135 H1020mm<br \/>\nTaille du miroir L480 H840mm<br \/>\nEspace de l&rsquo;\u00e9tag\u00e8re sup\u00e9rieure W505 D75 H280mm<br \/>\nEspace pour l&rsquo;\u00e9tag\u00e8re du milieu W505 D75 H295mm<br \/>\nEspace pour l&rsquo;\u00e9tag\u00e8re du bas W505 D75 H305mm<br \/>\nTaille de la coiffeuse L800 P400 H735mm<\/p>\n","protected":false},"featured_media":871125306919,"template":"","meta":[],"product_brand":[],"product_cat":[108,236],"product_tag":[250,255,251,254,243],"class_list":{"0":"post-871125306917","1":"product","2":"type-product","3":"status-publish","4":"has-post-thumbnail","6":"product_cat-non-classe","7":"product_cat-bedroom","8":"product_tag-bedroom","9":"product_tag-chambre","10":"product_tag-chambre-a-coucher","11":"product_tag-commode","12":"product_tag-chests-of-drawers","13":"product_shipping_class-big-item","15":"first","16":"instock","17":"taxable","18":"shipping-taxable","19":"purchasable","20":"product-type-simple"},"_links":{"self":[{"href":"https:\/\/mskasolutions.com\/fr\/wp-json\/wp\/v2\/product\/871125306917","targetHints":{"allow":["GET"]}}],"collection":[{"href":"https:\/\/mskasolutions.com\/fr\/wp-json\/wp\/v2\/product"}],"about":[{"href":"https:\/\/mskasolutions.com\/fr\/wp-json\/wp\/v2\/types\/product"}],"wp:featuredmedia":[{"embeddable":true,"href":"https:\/\/mskasolutions.com\/fr\/wp-json\/wp\/v2\/media\/871125306919"}],"wp:attachment":[{"href":"https:\/\/mskasolutions.com\/fr\/wp-json\/wp\/v2\/media?parent=871125306917"}],"wp:term":[{"taxonomy":"product_brand","embeddable":true,"href":"https:\/\/mskasolutions.com\/fr\/wp-json\/wp\/v2\/product_brand?post=871125306917"},{"taxonomy":"product_cat","embeddable":true,"href":"https:\/\/mskasolutions.com\/fr\/wp-json\/wp\/v2\/product_cat?post=871125306917"},{"taxonomy":"product_tag","embeddable":true,"href":"https:\/\/mskasolutions.com\/fr\/wp-json\/wp\/v2\/product_tag?post=871125306917"}],"curies":[{"name":"wp","href":"https:\/\/api.w.org\/{rel}","templated":true}]}}