{"id":871125306901,"date":"2023-03-29T09:09:56","date_gmt":"2023-03-29T08:09:56","guid":{"rendered":"https:\/\/mskasolutions.com\/?post_type=product&#038;p=871125306901"},"modified":"2023-03-29T15:31:42","modified_gmt":"2023-03-29T14:31:42","slug":"charles-2-door-2-drawer-wardrobe-white","status":"publish","type":"product","link":"https:\/\/mskasolutions.com\/fr\/produit\/charles-2-door-2-drawer-wardrobe-white\/","title":{"rendered":"Charles : Armoire 2 x portes 2 x tiroirs &#8211; Blanc"},"content":{"rendered":"<p>Charles : Armoire 2 x portes 2 x tiroirs &#8211; Blanc<\/p>\n<p>Dimensions assembl\u00e9es L x P x H (MM)<br \/>\n770 x 525 x 1900<\/p>\n<p>Quantit\u00e9 de cartons : 3<\/p>\n<p>Mat\u00e9riaux du produit :<\/p>\n<p>PANNEAU COMPOSITE, PLACAGE PAPIER, PLACAGE PLASTIQUE, PANNEAU ARRI\u00c8RE EN MDF, FOND DE TIROIR EN MDF, RAIL DE SUSPENSION EN M\u00c9TAL, POIGN\u00c9E EN PLASTIQUE, GLISSI\u00c8RES DE TIROIR EN M\u00c9TAL.<\/p>\n<p>Informations suppl\u00e9mentaires :<\/p>\n<p>Surface de suspension L735 P485 H1295mm<br \/>\nHauteur du rail de suspension 1230mm<br \/>\nTaille de la porte L380 H1315mm<br \/>\nEspace int\u00e9rieur pour les tiroirs L680 P380 H145mm<br \/>\nTaille de la fa\u00e7ade du tiroir W765 H220mm<br \/>\nSangle anti-basculement incluse<\/p>","protected":false},"excerpt":{"rendered":"<p>Charles : Armoire 2 x portes 2 x tiroirs &#8211; Blanc<\/p>\n<p>Dimensions assembl\u00e9es L x P x H (MM)<br \/>\n770 x 525 x 1900<\/p>\n<p>Quantit\u00e9 de cartons : 3<\/p>\n<p>Mat\u00e9riaux du produit :<\/p>\n<p>PANNEAU COMPOSITE, PLACAGE PAPIER, PLACAGE PLASTIQUE, PANNEAU ARRI\u00c8RE EN MDF, FOND DE TIROIR EN MDF, RAIL DE SUSPENSION EN M\u00c9TAL, POIGN\u00c9E EN PLASTIQUE, GLISSI\u00c8RES DE TIROIR EN M\u00c9TAL.<\/p>\n<p>Informations suppl\u00e9mentaires :<\/p>\n<p>Surface de suspension L735 P485 H1295mm<br \/>\nHauteur du rail de suspension 1230mm<br \/>\nTaille de la porte L380 H1315mm<br \/>\nEspace int\u00e9rieur pour les tiroirs L680 P380 H145mm<br \/>\nTaille de la fa\u00e7ade du tiroir W765 H220mm<br \/>\nSangle anti-basculement incluse<\/p>\n","protected":false},"featured_media":871125306908,"template":"","meta":[],"product_brand":[],"product_cat":[108,236],"product_tag":[250,255,251,254,243],"class_list":{"0":"post-871125306901","1":"product","2":"type-product","3":"status-publish","4":"has-post-thumbnail","6":"product_cat-non-classe","7":"product_cat-bedroom","8":"product_tag-bedroom","9":"product_tag-chambre","10":"product_tag-chambre-a-coucher","11":"product_tag-commode","12":"product_tag-chests-of-drawers","13":"product_shipping_class-free-gls-5-to-8-day","15":"first","16":"instock","17":"taxable","18":"shipping-taxable","19":"purchasable","20":"product-type-simple"},"_links":{"self":[{"href":"https:\/\/mskasolutions.com\/fr\/wp-json\/wp\/v2\/product\/871125306901","targetHints":{"allow":["GET"]}}],"collection":[{"href":"https:\/\/mskasolutions.com\/fr\/wp-json\/wp\/v2\/product"}],"about":[{"href":"https:\/\/mskasolutions.com\/fr\/wp-json\/wp\/v2\/types\/product"}],"wp:featuredmedia":[{"embeddable":true,"href":"https:\/\/mskasolutions.com\/fr\/wp-json\/wp\/v2\/media\/871125306908"}],"wp:attachment":[{"href":"https:\/\/mskasolutions.com\/fr\/wp-json\/wp\/v2\/media?parent=871125306901"}],"wp:term":[{"taxonomy":"product_brand","embeddable":true,"href":"https:\/\/mskasolutions.com\/fr\/wp-json\/wp\/v2\/product_brand?post=871125306901"},{"taxonomy":"product_cat","embeddable":true,"href":"https:\/\/mskasolutions.com\/fr\/wp-json\/wp\/v2\/product_cat?post=871125306901"},{"taxonomy":"product_tag","embeddable":true,"href":"https:\/\/mskasolutions.com\/fr\/wp-json\/wp\/v2\/product_tag?post=871125306901"}],"curies":[{"name":"wp","href":"https:\/\/api.w.org\/{rel}","templated":true}]}}