{"id":871125306893,"date":"2023-03-29T08:56:22","date_gmt":"2023-03-29T07:56:22","guid":{"rendered":"https:\/\/mskasolutions.com\/?post_type=product&#038;p=871125306893"},"modified":"2023-04-14T15:46:04","modified_gmt":"2023-04-14T14:46:04","slug":"charles-32-drawer-chest-white","status":"publish","type":"product","link":"https:\/\/mskasolutions.com\/fr\/produit\/charles-32-drawer-chest-white\/","title":{"rendered":"Charles : Commode 3+2 tiroirs blanc"},"content":{"rendered":"<p><strong>Dimensions assembl\u00e9es L x P x H (MM)<\/strong><br \/>\n780 x 445 x 1165<\/p>\n<p><strong>Quantit\u00e9 de cartons = 3<\/strong><\/p>\n<p><strong>Mat\u00e9riaux du produit<\/strong><br \/>\nPANNEAU COMPOSITE, PLACAGE PAPIER, PLACAGE PLASTIQUE, PANNEAU ARRI\u00c8RE EN MDF, FOND DE TIROIR EN MDF, POIGN\u00c9E EN PLASTIQUE, GLISSI\u00c8RES DE TIROIR EN M\u00c9TAL<\/p>\n<p><strong>Informations suppl\u00e9mentaires<\/strong><br \/>\nPetit espace int\u00e9rieur pour les tiroirs W300 D370 H130mm<br \/>\nFa\u00e7ade du petit tiroir W360 H255mm<br \/>\nGrand espace tiroir int\u00e9rieur W670 D370 H130mm<br \/>\nGrande taille de fa\u00e7ade de tiroir W725 H255mm<br \/>\nSangle anti-basculement incluse<\/p>","protected":false},"excerpt":{"rendered":"<p><strong>Dimensions assembl\u00e9es L x P x H (MM)<\/strong><br \/>\n780 x 445 x 1165<\/p>\n<p><strong>Quantit\u00e9 de cartons = 3<\/strong><\/p>\n<p><strong>Mat\u00e9riaux du produit<\/strong><br \/>\nPANNEAU COMPOSITE, PLACAGE PAPIER, PLACAGE PLASTIQUE, PANNEAU ARRI\u00c8RE EN MDF, FOND DE TIROIR EN MDF, POIGN\u00c9E EN PLASTIQUE, GLISSI\u00c8RES DE TIROIR EN M\u00c9TAL<\/p>\n<p><strong>Informations suppl\u00e9mentaires<\/strong><br \/>\nPetit espace int\u00e9rieur pour les tiroirs W300 D370 H130mm<br \/>\nFa\u00e7ade du petit tiroir W360 H255mm<br \/>\nGrand espace tiroir int\u00e9rieur W670 D370 H130mm<br \/>\nGrande taille de fa\u00e7ade de tiroir W725 H255mm<br \/>\nSangle anti-basculement incluse<\/p>\n","protected":false},"featured_media":871125306900,"template":"","meta":[],"product_brand":[],"product_cat":[108,236],"product_tag":[250,255,251,254,243],"class_list":{"0":"post-871125306893","1":"product","2":"type-product","3":"status-publish","4":"has-post-thumbnail","6":"product_cat-non-classe","7":"product_cat-bedroom","8":"product_tag-bedroom","9":"product_tag-chambre","10":"product_tag-chambre-a-coucher","11":"product_tag-commode","12":"product_tag-chests-of-drawers","13":"product_shipping_class-big-item","15":"first","16":"instock","17":"taxable","18":"shipping-taxable","19":"purchasable","20":"product-type-simple"},"_links":{"self":[{"href":"https:\/\/mskasolutions.com\/fr\/wp-json\/wp\/v2\/product\/871125306893","targetHints":{"allow":["GET"]}}],"collection":[{"href":"https:\/\/mskasolutions.com\/fr\/wp-json\/wp\/v2\/product"}],"about":[{"href":"https:\/\/mskasolutions.com\/fr\/wp-json\/wp\/v2\/types\/product"}],"wp:featuredmedia":[{"embeddable":true,"href":"https:\/\/mskasolutions.com\/fr\/wp-json\/wp\/v2\/media\/871125306900"}],"wp:attachment":[{"href":"https:\/\/mskasolutions.com\/fr\/wp-json\/wp\/v2\/media?parent=871125306893"}],"wp:term":[{"taxonomy":"product_brand","embeddable":true,"href":"https:\/\/mskasolutions.com\/fr\/wp-json\/wp\/v2\/product_brand?post=871125306893"},{"taxonomy":"product_cat","embeddable":true,"href":"https:\/\/mskasolutions.com\/fr\/wp-json\/wp\/v2\/product_cat?post=871125306893"},{"taxonomy":"product_tag","embeddable":true,"href":"https:\/\/mskasolutions.com\/fr\/wp-json\/wp\/v2\/product_tag?post=871125306893"}],"curies":[{"name":"wp","href":"https:\/\/api.w.org\/{rel}","templated":true}]}}