{"id":871125306831,"date":"2023-03-12T11:01:12","date_gmt":"2023-03-12T11:01:12","guid":{"rendered":"https:\/\/mskasolutions.com\/?post_type=product&#038;p=871125306831"},"modified":"2024-01-12T10:04:06","modified_gmt":"2024-01-12T10:04:06","slug":"corona-1-drawer-1-door-bedside-cabinet-distressed-waxed-pine","status":"publish","type":"product","link":"https:\/\/mskasolutions.com\/fr\/produit\/corona-1-drawer-1-door-bedside-cabinet-distressed-waxed-pine\/","title":{"rendered":"Corona: 1 tiroir 1 porte &#8211; Meuble de chevet\/Pin cir\u00e9 d\u00e9prim\u00e9"},"content":{"rendered":"<p>Dimensions assembl\u00e9es L x P x H (MM)<br \/>\n530 x 390 x 670<\/p>\n<p>Mat\u00e9riaux du produit<br \/>\nPIN, PANNEAU DE CONTREPLAQU\u00c9 BK\/SOCLE DE CONTREPLAQU\u00c9, MONTANTS EN M\u00c9TAL, POIGN\u00c9ES EN M\u00c9TAL, CHARNI\u00c8RES EN M\u00c9TAL, LOQUETS \u00c0 ROULEAUX EN PLASTIQUE, GLISSI\u00c8RES DE TIROIRS EN PIN<\/p>\n<p>Informations suppl\u00e9mentaires<br \/>\nEspace du tiroir W295 D270 H120<br \/>\nFa\u00e7ade de tiroir W325 H135<br \/>\nEspace de rangement W425 D345 H370<br \/>\nTaille de la porte L330 H320<\/p>","protected":false},"excerpt":{"rendered":"<p>Dimensions assembl\u00e9es L x P x H (MM)<br \/>\n530 x 390 x 670<\/p>\n<p>Mat\u00e9riaux du produit<br \/>\nPIN, PANNEAU DE CONTREPLAQU\u00c9 BK\/SOCLE DE CONTREPLAQU\u00c9, MONTANTS EN M\u00c9TAL, POIGN\u00c9ES EN M\u00c9TAL, CHARNI\u00c8RES EN M\u00c9TAL, LOQUETS \u00c0 ROULEAUX EN PLASTIQUE, GLISSI\u00c8RES DE TIROIRS EN PIN<\/p>\n<p>Informations suppl\u00e9mentaires<br \/>\nEspace du tiroir W295 D270 H120<br \/>\nFa\u00e7ade de tiroir W325 H135<br \/>\nEspace de rangement W425 D345 H370<br \/>\nTaille de la porte L330 H320<\/p>\n","protected":false},"featured_media":871125306834,"template":"","meta":[],"product_brand":[],"product_cat":[108,236],"product_tag":[250,252,251,253],"class_list":{"0":"post-871125306831","1":"product","2":"type-product","3":"status-publish","4":"has-post-thumbnail","6":"product_cat-non-classe","7":"product_cat-bedroom","8":"product_tag-bedroom","9":"product_tag-bedsides-drawers","10":"product_tag-chambre-a-coucher","11":"product_tag-tiroir-de-chevet","12":"product_shipping_class-free-gls-5-to-8-day","14":"first","15":"instock","16":"taxable","17":"shipping-taxable","18":"purchasable","19":"product-type-simple"},"_links":{"self":[{"href":"https:\/\/mskasolutions.com\/fr\/wp-json\/wp\/v2\/product\/871125306831","targetHints":{"allow":["GET"]}}],"collection":[{"href":"https:\/\/mskasolutions.com\/fr\/wp-json\/wp\/v2\/product"}],"about":[{"href":"https:\/\/mskasolutions.com\/fr\/wp-json\/wp\/v2\/types\/product"}],"wp:featuredmedia":[{"embeddable":true,"href":"https:\/\/mskasolutions.com\/fr\/wp-json\/wp\/v2\/media\/871125306834"}],"wp:attachment":[{"href":"https:\/\/mskasolutions.com\/fr\/wp-json\/wp\/v2\/media?parent=871125306831"}],"wp:term":[{"taxonomy":"product_brand","embeddable":true,"href":"https:\/\/mskasolutions.com\/fr\/wp-json\/wp\/v2\/product_brand?post=871125306831"},{"taxonomy":"product_cat","embeddable":true,"href":"https:\/\/mskasolutions.com\/fr\/wp-json\/wp\/v2\/product_cat?post=871125306831"},{"taxonomy":"product_tag","embeddable":true,"href":"https:\/\/mskasolutions.com\/fr\/wp-json\/wp\/v2\/product_tag?post=871125306831"}],"curies":[{"name":"wp","href":"https:\/\/api.w.org\/{rel}","templated":true}]}}