{"id":871125306769,"date":"2023-02-23T15:21:26","date_gmt":"2023-02-23T15:21:26","guid":{"rendered":"https:\/\/mskasolutions.com\/?post_type=product&#038;p=871125306769"},"modified":"2023-07-24T11:29:43","modified_gmt":"2023-07-24T10:29:43","slug":"solar-lamp-with-motion-sensor-100-led","status":"publish","type":"product","link":"https:\/\/mskasolutions.com\/fr\/produit\/solar-lamp-with-motion-sensor-100-led\/","title":{"rendered":"APPLIQUE SOLAIRE AVEC D\u00c9TECTEUR DE MOUVEMENT 100 LED&rsquo;s"},"content":{"rendered":"<p>La lampe solaire est aliment\u00e9e par un panneau solaire, ce qui garantit un \u00e9clairage sans source d&rsquo;\u00e9nergie suppl\u00e9mentaire.<br \/>\nL&rsquo;angle d&rsquo;\u00e9clairage de 270 degr\u00e9s, combin\u00e9 \u00e0 la longue port\u00e9e du capteur de mouvement (3 \u00e0 5 m\u00e8tres), permet un fonctionnement pr\u00e9cis de l&rsquo;appareil.<br \/>\nD\u00e9tecteur de mouvement &#8211; la lampe ne s&rsquo;allume que lorsqu&rsquo;elle d\u00e9tecte un mouvement.<br \/>\nCapteur de cr\u00e9puscule &#8211; la lampe ne s&rsquo;allume que si la lumi\u00e8re est insuffisante.<\/p>\n<ul>\n<li>4 r\u00e9glages d&rsquo;utilisation de la lumi\u00e8re<\/li>\n<li>Mod\u00e8le 1 : Les lumi\u00e8res brillantes s&rsquo;allument et s&rsquo;\u00e9teignent compl\u00e8tement apr\u00e8s 15 secondes. Les lumi\u00e8res compl\u00e8tes se rallument<\/li>\n<li>lorsque le d\u00e9tecteur de mouvement est activ\u00e9.<\/li>\n<li>Mod\u00e8le 2 : les lumi\u00e8res vives s&rsquo;allument et passent \u00e0 des lumi\u00e8res tamis\u00e9es apr\u00e8s 15 secondes. Les lumi\u00e8res compl\u00e8tes se rallument lorsque le d\u00e9tecteur de mouvement est activ\u00e9.<\/li>\n<li>Mod\u00e8le 3 : Allumage permanent de toutes les lumi\u00e8res.<\/li>\n<li>Mod\u00e8le 4 : Off &#8211; Aucune lumi\u00e8re ne s&rsquo;allume.<\/li>\n<\/ul>\n<p><\/p>","protected":false},"excerpt":{"rendered":"<p>La lampe solaire est aliment\u00e9e par un panneau solaire, ce qui garantit un \u00e9clairage sans source d&rsquo;\u00e9nergie suppl\u00e9mentaire.<br \/>\nL&rsquo;angle d&rsquo;\u00e9clairage de 270 degr\u00e9s, combin\u00e9 \u00e0 la longue port\u00e9e du capteur de mouvement (3 \u00e0 5 m\u00e8tres), permet un fonctionnement pr\u00e9cis de l&rsquo;appareil.<br \/>\nD\u00e9tecteur de mouvement &#8211; la lampe ne s&rsquo;allume que lorsqu&rsquo;elle d\u00e9tecte un mouvement.<br \/>\nCapteur de cr\u00e9puscule &#8211; la lampe ne s&rsquo;allume que si la lumi\u00e8re est insuffisante<\/p>\n","protected":false},"featured_media":871125307093,"template":"","meta":[],"product_brand":[],"product_cat":[119,215],"product_tag":[181,198,199,195,197],"class_list":{"0":"post-871125306769","1":"product","2":"type-product","3":"status-publish","4":"has-post-thumbnail","6":"product_cat-hot","7":"product_cat-promo","8":"product_tag-electromenager-et-cuisine","9":"product_tag-electronic","10":"product_tag-security","11":"product_tag-promo","12":"product_tag-promo-2","13":"product_shipping_class-small-item-gls-only","15":"first","16":"instock","17":"sale","18":"taxable","19":"shipping-taxable","20":"purchasable","21":"product-type-simple"},"_links":{"self":[{"href":"https:\/\/mskasolutions.com\/fr\/wp-json\/wp\/v2\/product\/871125306769","targetHints":{"allow":["GET"]}}],"collection":[{"href":"https:\/\/mskasolutions.com\/fr\/wp-json\/wp\/v2\/product"}],"about":[{"href":"https:\/\/mskasolutions.com\/fr\/wp-json\/wp\/v2\/types\/product"}],"wp:featuredmedia":[{"embeddable":true,"href":"https:\/\/mskasolutions.com\/fr\/wp-json\/wp\/v2\/media\/871125307093"}],"wp:attachment":[{"href":"https:\/\/mskasolutions.com\/fr\/wp-json\/wp\/v2\/media?parent=871125306769"}],"wp:term":[{"taxonomy":"product_brand","embeddable":true,"href":"https:\/\/mskasolutions.com\/fr\/wp-json\/wp\/v2\/product_brand?post=871125306769"},{"taxonomy":"product_cat","embeddable":true,"href":"https:\/\/mskasolutions.com\/fr\/wp-json\/wp\/v2\/product_cat?post=871125306769"},{"taxonomy":"product_tag","embeddable":true,"href":"https:\/\/mskasolutions.com\/fr\/wp-json\/wp\/v2\/product_tag?post=871125306769"}],"curies":[{"name":"wp","href":"https:\/\/api.w.org\/{rel}","templated":true}]}}