{"id":871125306757,"date":"2023-02-03T11:36:20","date_gmt":"2023-02-03T11:36:20","guid":{"rendered":"https:\/\/mskasolutions.com\/?post_type=product&#038;p=871125306757"},"modified":"2023-08-28T12:01:36","modified_gmt":"2023-08-28T11:01:36","slug":"white-disposable-aprons-pack-of-100","status":"publish","type":"product","link":"https:\/\/mskasolutions.com\/fr\/produit\/white-disposable-aprons-pack-of-100\/","title":{"rendered":"Tabliers jetables blancs. Paquet de 100"},"content":{"rendered":"<p><strong>Description<\/strong><\/p>\n<p>Ces tabliers jetables sont con\u00e7us pour prot\u00e9ger les v\u00eatements et la peau contre les d\u00e9versements. Ils sont antibact\u00e9riens, ce qui les rend id\u00e9aux pour les environnements de soins et le respect des normes de sant\u00e9 et d&rsquo;hygi\u00e8ne. Fabriqu\u00e9s en poly\u00e9thyl\u00e8ne, ces tabliers blanc sont emball\u00e9s \u00e0 plat et se distribuent de mani\u00e8re simple et continue. Ils sont \u00e9quip\u00e9s en standard d&rsquo;attaches pour fixer l&rsquo;article dans le dos et d&rsquo;une boucle \u00e0 passer autour du cou.<\/p>\n<p><strong>Avantages et caract\u00e9ristiques<\/strong><\/p>\n<p>&#8211; Jetable<br \/>\n&#8211; Anti-bact\u00e9rien<br \/>\n&#8211; Attaches pour fixer \u00e0 l&rsquo;arri\u00e8re et boucle autour du cou<\/p>","protected":false},"excerpt":{"rendered":"<p>Fabriqu\u00e9s en plastique de haute qualit\u00e9, ces tabliers en plastique jetables sont vendus en rouleaux de 100 pi\u00e8ces par paquet.<\/p>\n<p>Ils sont parfaitement adapt\u00e9s \u00e0 un usage domestique et commercial.<\/p>\n","protected":false},"featured_media":871125306760,"template":"","meta":[],"product_brand":[],"product_cat":[119],"product_tag":[171,195],"class_list":{"0":"post-871125306757","1":"product","2":"type-product","3":"status-publish","4":"has-post-thumbnail","6":"product_cat-hot","7":"product_tag-hygiene-medicale","8":"product_tag-promo","9":"product_shipping_class-small-item-gls-only","11":"first","12":"instock","13":"sale","14":"taxable","15":"shipping-taxable","16":"purchasable","17":"product-type-simple"},"_links":{"self":[{"href":"https:\/\/mskasolutions.com\/fr\/wp-json\/wp\/v2\/product\/871125306757","targetHints":{"allow":["GET"]}}],"collection":[{"href":"https:\/\/mskasolutions.com\/fr\/wp-json\/wp\/v2\/product"}],"about":[{"href":"https:\/\/mskasolutions.com\/fr\/wp-json\/wp\/v2\/types\/product"}],"wp:featuredmedia":[{"embeddable":true,"href":"https:\/\/mskasolutions.com\/fr\/wp-json\/wp\/v2\/media\/871125306760"}],"wp:attachment":[{"href":"https:\/\/mskasolutions.com\/fr\/wp-json\/wp\/v2\/media?parent=871125306757"}],"wp:term":[{"taxonomy":"product_brand","embeddable":true,"href":"https:\/\/mskasolutions.com\/fr\/wp-json\/wp\/v2\/product_brand?post=871125306757"},{"taxonomy":"product_cat","embeddable":true,"href":"https:\/\/mskasolutions.com\/fr\/wp-json\/wp\/v2\/product_cat?post=871125306757"},{"taxonomy":"product_tag","embeddable":true,"href":"https:\/\/mskasolutions.com\/fr\/wp-json\/wp\/v2\/product_tag?post=871125306757"}],"curies":[{"name":"wp","href":"https:\/\/api.w.org\/{rel}","templated":true}]}}