{"id":871125306739,"date":"2023-01-17T08:26:40","date_gmt":"2023-01-17T08:26:40","guid":{"rendered":"https:\/\/mskasolutions.com\/?post_type=product&#038;p=871125306739"},"modified":"2026-02-06T13:06:11","modified_gmt":"2026-02-06T13:06:11","slug":"pailles-colorees-pliables-pour-la-fete-x-1440-36-paquets-de-40-pcs","status":"publish","type":"product","link":"https:\/\/mskasolutions.com\/fr\/produit\/pailles-colorees-pliables-pour-la-fete-x-1440-36-paquets-de-40-pcs\/","title":{"rendered":"Pailles color\u00e9es pliables pour la f\u00eate x 1440 &#8211; 36 paquets de 40 pcs"},"content":{"rendered":"<p>Vente en gros de pailles color\u00e9es pliables pour la boisson &#8211; 36 paquets de 40 pi\u00e8ces = 1440 pailles<\/p>\n<p>Tous les produits de MSKA Solutions Ltd sont exp\u00e9di\u00e9s depuis l&rsquo;Irlande. Donc, pas de probl\u00e8mes de Brexit ou de frais de douane et de TVA cach\u00e9s.<\/p>\n<p>Toutes les commandes sont exp\u00e9di\u00e9es avec GLS, enti\u00e8rement suivies et trac\u00e9es. IRE &#8211; 24\/48Hrs &#8211; Reste de l&rsquo;UE &#8211; 6-10 jours<\/p>\n<p>36 paquets scell\u00e9s de 40 pailles color\u00e9es pliables pour boire<\/p>\n<p>Prix de 40 paquets : seulement 0,37 \u20ac chacun<\/p>\n<p>Taille de la paille : 21&#215;0.5cm<\/p>\n<p>36 paquets de 40 pailles dans un carton scell\u00e9 25&#215;19.5x23cm &#8211; Poids 0.9Kgs<\/p>","protected":false},"excerpt":{"rendered":"<p>Pailles color\u00e9es pliables pour boissons &#8211; 36 paquets de 40 pi\u00e8ces = 1440 pailles<\/p>\n","protected":false},"featured_media":871125306741,"template":"","meta":[],"product_brand":[],"product_cat":[108,215],"product_tag":[181,197],"class_list":{"0":"post-871125306739","1":"product","2":"type-product","3":"status-publish","4":"has-post-thumbnail","6":"product_cat-non-classe","7":"product_cat-promo","8":"product_tag-electromenager-et-cuisine","9":"product_tag-promo-2","10":"product_shipping_class-small-item","12":"first","13":"instock","14":"sale","15":"taxable","16":"shipping-taxable","17":"purchasable","18":"product-type-simple"},"_links":{"self":[{"href":"https:\/\/mskasolutions.com\/fr\/wp-json\/wp\/v2\/product\/871125306739","targetHints":{"allow":["GET"]}}],"collection":[{"href":"https:\/\/mskasolutions.com\/fr\/wp-json\/wp\/v2\/product"}],"about":[{"href":"https:\/\/mskasolutions.com\/fr\/wp-json\/wp\/v2\/types\/product"}],"wp:featuredmedia":[{"embeddable":true,"href":"https:\/\/mskasolutions.com\/fr\/wp-json\/wp\/v2\/media\/871125306741"}],"wp:attachment":[{"href":"https:\/\/mskasolutions.com\/fr\/wp-json\/wp\/v2\/media?parent=871125306739"}],"wp:term":[{"taxonomy":"product_brand","embeddable":true,"href":"https:\/\/mskasolutions.com\/fr\/wp-json\/wp\/v2\/product_brand?post=871125306739"},{"taxonomy":"product_cat","embeddable":true,"href":"https:\/\/mskasolutions.com\/fr\/wp-json\/wp\/v2\/product_cat?post=871125306739"},{"taxonomy":"product_tag","embeddable":true,"href":"https:\/\/mskasolutions.com\/fr\/wp-json\/wp\/v2\/product_tag?post=871125306739"}],"curies":[{"name":"wp","href":"https:\/\/api.w.org\/{rel}","templated":true}]}}