{"id":871125306698,"date":"2022-11-07T15:19:38","date_gmt":"2022-11-07T15:19:38","guid":{"rendered":"https:\/\/mskasolutions.com\/?post_type=product&#038;p=871125306698"},"modified":"2023-03-07T10:33:04","modified_gmt":"2023-03-07T10:33:04","slug":"kiakuo-bicycle-front-rear-light-set","status":"publish","type":"product","link":"https:\/\/mskasolutions.com\/fr\/produit\/kiakuo-bicycle-front-rear-light-set\/","title":{"rendered":"FEUX DE BICYCLETTE AVANT ET ARRI\u00c8RE 7LEDS\/5LEDS"},"content":{"rendered":"<p><strong>ENSEMBLE D&rsquo;\u00c9CLAIRAGE AVANT ET ARRI\u00c8RE POUR V\u00c9LO<\/strong><\/p>\n<p><strong>LAMPE AVANT \u00c0 7 LEDS<\/strong><br \/>\n<strong>LAMPE ARRI\u00c8RE \u00c0 5 LEDS<\/strong><\/p>\n<p><strong>Sp\u00e9cifications techniques :<\/strong><\/p>\n<p>Fabriqu\u00e9 avec des mat\u00e9riaux de haute qualit\u00e9<br \/>\nMat\u00e9riau : ABS<br \/>\nModes de fonctionnement :<br \/>\nAvant : 7 LED &#8211; mode permanent, mode clignotant<br \/>\nArri\u00e8re : 5 LED &#8211; 7 modes de fonctionnement<br \/>\nDur\u00e9e de vie des LED : jusqu&rsquo;\u00e0 100 000 heures<br \/>\nDur\u00e9e de fonctionnement : 12 heures (avant), 50 heures (arri\u00e8re)<\/p>\n<p>Visibilit\u00e9 du v\u00e9lo jusqu&rsquo;\u00e0 une distance de 1000 m<\/p>\n<p><strong>Alimentation \u00e9lectrique :<\/strong><\/p>\n<p>Feu avant : 3 piles AAA (non incluses)<br \/>\nFeu arri\u00e8re : 2 piles LR03 \/ AAA (non incluses)<\/p>\n<p>Le kit contient :<\/p>\n<p>Kit d&rsquo;\u00e9clairage pour bicyclette<br \/>\nEmballage d&rsquo;origine<\/p>","protected":false},"excerpt":{"rendered":"<p><strong>ENSEMBLE D&rsquo;\u00c9CLAIRAGE AVANT ET ARRI\u00c8RE POUR V\u00c9LO<\/strong><\/p>\n<p><strong>LAMPE AVANT \u00c0 7 LEDS<\/strong><br \/>\n<strong>LAMPE ARRI\u00c8RE \u00c0 5 LEDS<\/strong><\/p>\n","protected":false},"featured_media":871125306699,"template":"","meta":[],"product_brand":[],"product_cat":[108],"product_tag":[179,198,195,183],"class_list":{"0":"post-871125306698","1":"product","2":"type-product","3":"status-publish","4":"has-post-thumbnail","6":"product_cat-non-classe","7":"product_tag-accessoires-velo","8":"product_tag-electronic","9":"product_tag-promo","10":"product_tag-sports-et-loisirs","11":"product_shipping_class-small-item-gls-only","13":"first","14":"instock","15":"sale","16":"taxable","17":"shipping-taxable","18":"purchasable","19":"product-type-simple"},"_links":{"self":[{"href":"https:\/\/mskasolutions.com\/fr\/wp-json\/wp\/v2\/product\/871125306698","targetHints":{"allow":["GET"]}}],"collection":[{"href":"https:\/\/mskasolutions.com\/fr\/wp-json\/wp\/v2\/product"}],"about":[{"href":"https:\/\/mskasolutions.com\/fr\/wp-json\/wp\/v2\/types\/product"}],"wp:featuredmedia":[{"embeddable":true,"href":"https:\/\/mskasolutions.com\/fr\/wp-json\/wp\/v2\/media\/871125306699"}],"wp:attachment":[{"href":"https:\/\/mskasolutions.com\/fr\/wp-json\/wp\/v2\/media?parent=871125306698"}],"wp:term":[{"taxonomy":"product_brand","embeddable":true,"href":"https:\/\/mskasolutions.com\/fr\/wp-json\/wp\/v2\/product_brand?post=871125306698"},{"taxonomy":"product_cat","embeddable":true,"href":"https:\/\/mskasolutions.com\/fr\/wp-json\/wp\/v2\/product_cat?post=871125306698"},{"taxonomy":"product_tag","embeddable":true,"href":"https:\/\/mskasolutions.com\/fr\/wp-json\/wp\/v2\/product_tag?post=871125306698"}],"curies":[{"name":"wp","href":"https:\/\/api.w.org\/{rel}","templated":true}]}}