{"id":871125306644,"date":"2022-09-03T14:22:47","date_gmt":"2022-09-03T13:22:47","guid":{"rendered":"https:\/\/mskasolutions.com\/?post_type=product&#038;p=871125306644"},"modified":"2023-06-21T11:56:45","modified_gmt":"2023-06-21T10:56:45","slug":"tyre-sealer-4010126611260","status":"publish","type":"product","link":"https:\/\/mskasolutions.com\/fr\/produit\/tyre-sealer-4010126611260\/","title":{"rendered":"Bombe Anti-Crevaison et Gonflage &#8211; R\u00e9par\u00e9 et pr\u00e9vient 300 ml"},"content":{"rendered":"<p><strong>[fr:]Scellant et gonfleur de pneus 300ml &#8211; R\u00e9pare et pr\u00e9vient les crevaisons<\/strong><\/p>\n<ul>\n<li>Cette formule sp\u00e9ciale permet de gonfler imm\u00e9diatement les pneus crev\u00e9s.<\/li>\n<li>\u00c9limine le changement de pneu et l&rsquo;utilisation d&rsquo;outils et de crics.<\/li>\n<li>Ce gonfleur scellera la plupart des pneus endommag\u00e9s de voitures et de motos.<\/li>\n<li>Gonfle les pneus jusqu&rsquo;\u00e0 une pression de 2,4 bars (20 lbs).<\/li>\n<li>Capacit\u00e9 : 300 ml<\/li>\n<li>Valve avec tuyau pivotant<\/li>\n<\/ul>\n<p>Mode d&#8217;emploi :<\/p>\n<p>Bien agiter avant utilisation. La valeur du pneu doit se trouver \u00e0 la position 5 ou 7 heures. Visser l&#8217;embout du tuyau sur la valeur du pneu. Retirez le bouchon, tenez la canette \u00e0 la verticale et appuyez sur le bouton situ\u00e9 sur le dessus.<\/p>\n<p>Le pneu sera scell\u00e9 et gonfl\u00e9 en moins d&rsquo;une minute. D\u00e9visser la buse de la trye et conduire lentement (max 10ph\/30 km) sur 3,2 km pour \u00e9taler le produit d&rsquo;\u00e9tanch\u00e9it\u00e9.<\/p>\n<p>L&rsquo;\u00e9tanch\u00e9it\u00e9 et le gonflage ne sont pas garantis si la valve ou l&rsquo;extension de valve est d\u00e9fectueuse, si le pneu est tr\u00e8s endommag\u00e9 ou si le pneu est s\u00e9par\u00e9 de la jante.<\/p>\n<p>Si le gonfleur de pneu est utilis\u00e9 \u00e0 moins de 30F (-1C), r\u00e9chauffez la bo\u00eete avec le chauffage de la voiture avant de l&rsquo;utiliser (ne pas l&rsquo;appliquer sur une flamme nue).<\/p>\n<p>&nbsp;<\/p>\n<p>&nbsp;<\/p>","protected":false},"excerpt":{"rendered":"<ul>\n<li>Scellant et gonfleur de pneus 300ml &#8211; R\u00e9paration et pr\u00e9vention\n<ul>\n<li>Cette formule sp\u00e9ciale permet de gonfler imm\u00e9diatement les pneus \u00e0 plat<\/li>\n<li>Supprime le changement de pneus et l&rsquo;utilisation d&rsquo;outils et de crics<\/li>\n<li>Ce gonfleur permettra de sceller la plupart des pneus endommag\u00e9s par les voitures et les motos.<\/li>\n<li>Gonfle les pneus jusqu&rsquo;\u00e0 une pression de 2,4 bars (20 lbs)<\/li>\n<li>Capacit\u00e9 : 300 ml<\/li>\n<li>Valve avec tuyau pivotant<\/li>\n<\/ul>\n<\/li>\n<\/ul>\n<p>&nbsp;<\/p>\n","protected":false},"featured_media":871125306646,"template":"","meta":[],"product_brand":[],"product_cat":[108,119,215],"product_tag":[177,197],"class_list":{"0":"post-871125306644","1":"product","2":"type-product","3":"status-publish","4":"has-post-thumbnail","6":"product_cat-non-classe","7":"product_cat-hot","8":"product_cat-promo","9":"product_tag-accessoires-auto","10":"product_tag-promo-2","11":"product_shipping_class-small-item-gls-only","13":"first","14":"instock","15":"sale","16":"featured","17":"taxable","18":"shipping-taxable","19":"purchasable","20":"product-type-simple"},"_links":{"self":[{"href":"https:\/\/mskasolutions.com\/fr\/wp-json\/wp\/v2\/product\/871125306644","targetHints":{"allow":["GET"]}}],"collection":[{"href":"https:\/\/mskasolutions.com\/fr\/wp-json\/wp\/v2\/product"}],"about":[{"href":"https:\/\/mskasolutions.com\/fr\/wp-json\/wp\/v2\/types\/product"}],"wp:featuredmedia":[{"embeddable":true,"href":"https:\/\/mskasolutions.com\/fr\/wp-json\/wp\/v2\/media\/871125306646"}],"wp:attachment":[{"href":"https:\/\/mskasolutions.com\/fr\/wp-json\/wp\/v2\/media?parent=871125306644"}],"wp:term":[{"taxonomy":"product_brand","embeddable":true,"href":"https:\/\/mskasolutions.com\/fr\/wp-json\/wp\/v2\/product_brand?post=871125306644"},{"taxonomy":"product_cat","embeddable":true,"href":"https:\/\/mskasolutions.com\/fr\/wp-json\/wp\/v2\/product_cat?post=871125306644"},{"taxonomy":"product_tag","embeddable":true,"href":"https:\/\/mskasolutions.com\/fr\/wp-json\/wp\/v2\/product_tag?post=871125306644"}],"curies":[{"name":"wp","href":"https:\/\/api.w.org\/{rel}","templated":true}]}}