{"id":871125306627,"date":"2022-08-20T15:18:25","date_gmt":"2022-08-20T14:18:25","guid":{"rendered":"https:\/\/mskasolutions.com\/?post_type=product&#038;p=871125306627"},"modified":"2023-11-03T10:54:31","modified_gmt":"2023-11-03T10:54:31","slug":"car-seat-organizer","status":"publish","type":"product","link":"https:\/\/mskasolutions.com\/fr\/produit\/car-seat-organizer\/","title":{"rendered":"Organisateur\/Protecteur de si\u00e8ge arri\u00e8re de voiture"},"content":{"rendered":"<p><\/p>\n<ul>\n<li>Haute qualit\u00e9<\/li>\n<li>Facile et rapide \u00e0 installer et \u00e0 retirer<\/li>\n<li>Adh\u00e8re bien \u00e0 la banquette arri\u00e8re de la voiture<\/li>\n<li>Sert d&rsquo;organisateur et de housse de protection<\/li>\n<li>Aide \u00e0 maintenir l&rsquo;ordre dans l&rsquo;habitacle de la voiture.<\/li>\n<li>Facile \u00e0 nettoyer &#8211; il suffit de l&rsquo;essuyer avec un chiffon humide ou de le laver \u00e0 l&rsquo;eau courante.<\/li>\n<li>Imperm\u00e9able<\/li>\n<li>Il dispose de 5 poches de diff\u00e9rentes capacit\u00e9s + 3 porte-stylos, etc.<\/li>\n<li>Couleur &#8211; Noir<\/li>\n<li>Dimensions : 59cm x 38cm<\/li>\n<\/ul>\n<p><strong>L&rsquo;ensemble contient :<\/strong><\/p>\n<ul>\n<li>Organisateur de si\u00e8ge de voiture neuf<\/li>\n<li>Sangles de si\u00e8ge r\u00e9glables<\/li>\n<li>Attaches pour si\u00e8ges<\/li>\n<li>Emballage d&rsquo;origine<\/li>\n<\/ul>\n<p><\/p>","protected":false},"excerpt":{"rendered":"<p class=\"qtranxs-available-languages-message qtranxs-available-languages-message-fr\">D\u00e9sol\u00e9, cet article est seulement disponible en <a href=\"https:\/\/mskasolutions.com\/en\/wp-json\/wp\/v2\/product\/871125306627\" class=\"qtranxs-available-language-link qtranxs-available-language-link-en\" title=\"English\">English<\/a>.<\/p>\n<ul>\n<li><strong>Brand new car seat organizer<\/strong><\/li>\n<li><strong>Adjustable Seat Straps<\/strong><\/li>\n<li><strong>Seat Tie-Downs<br \/>\n<\/strong><\/li>\n<li><strong>Original packaging<\/strong><\/li>\n<\/ul>\n","protected":false},"featured_media":871125306632,"template":"","meta":[],"product_brand":[],"product_cat":[215],"product_tag":[177,197],"class_list":{"0":"post-871125306627","1":"product","2":"type-product","3":"status-publish","4":"has-post-thumbnail","6":"product_cat-promo","7":"product_tag-accessoires-auto","8":"product_tag-promo-2","9":"product_shipping_class-small-item-gls-only","11":"first","12":"instock","13":"sale","14":"taxable","15":"shipping-taxable","16":"purchasable","17":"product-type-simple"},"_links":{"self":[{"href":"https:\/\/mskasolutions.com\/fr\/wp-json\/wp\/v2\/product\/871125306627","targetHints":{"allow":["GET"]}}],"collection":[{"href":"https:\/\/mskasolutions.com\/fr\/wp-json\/wp\/v2\/product"}],"about":[{"href":"https:\/\/mskasolutions.com\/fr\/wp-json\/wp\/v2\/types\/product"}],"wp:featuredmedia":[{"embeddable":true,"href":"https:\/\/mskasolutions.com\/fr\/wp-json\/wp\/v2\/media\/871125306632"}],"wp:attachment":[{"href":"https:\/\/mskasolutions.com\/fr\/wp-json\/wp\/v2\/media?parent=871125306627"}],"wp:term":[{"taxonomy":"product_brand","embeddable":true,"href":"https:\/\/mskasolutions.com\/fr\/wp-json\/wp\/v2\/product_brand?post=871125306627"},{"taxonomy":"product_cat","embeddable":true,"href":"https:\/\/mskasolutions.com\/fr\/wp-json\/wp\/v2\/product_cat?post=871125306627"},{"taxonomy":"product_tag","embeddable":true,"href":"https:\/\/mskasolutions.com\/fr\/wp-json\/wp\/v2\/product_tag?post=871125306627"}],"curies":[{"name":"wp","href":"https:\/\/api.w.org\/{rel}","templated":true}]}}