{"id":871125306604,"date":"2022-08-16T18:00:04","date_gmt":"2022-08-16T17:00:04","guid":{"rendered":"https:\/\/mskasolutions.com\/?post_type=product&#038;p=871125306604"},"modified":"2026-04-09T10:17:12","modified_gmt":"2026-04-09T09:17:12","slug":"digital-lcd-weather-station","status":"publish","type":"product","link":"https:\/\/mskasolutions.com\/fr\/produit\/digital-lcd-weather-station\/","title":{"rendered":"Station m\u00e9t\u00e9o num\u00e9rique \u00e0 affichage LCD avec temp\u00e9rature, humidit\u00e9 et alarme"},"content":{"rendered":"<p>Thermom\u00e8tre \u00e9lectronique LCD avec mesure de la temp\u00e9rature int\u00e9rieure et de l&rsquo;humidit\u00e9 de l&rsquo;air, avec horloge, date et alarme.<\/p>\n<p>Caract\u00e9ristiques techniques :<\/p>\n<p>** fabriqu\u00e9 avec des mat\u00e9riaux de haute qualit\u00e9<\/p>\n<p>**\u00e9cran LCD clair indiquant la temp\u00e9rature int\u00e9rieure, l&rsquo;horloge \/ date et l&rsquo;humidit\u00e9.<\/p>\n<p>**affichage de la temp\u00e9rature en degr\u00e9s c \/ f<\/p>\n<p>**la possibilit\u00e9 de m\u00e9moriser les temp\u00e9ratures les plus hautes et les plus basses<\/p>\n<p>**il dispose d&rsquo;un support pour \u00eatre plac\u00e9 sur le plan de travail et d&rsquo;une poign\u00e9e pour \u00eatre accroch\u00e9 au mur<\/p>\n<p>**Plage de temp\u00e9rature mesur\u00e9e : -10 \u00e0 50 degr\u00e9s C (-14 \u00e0 + 122 F).<\/p>\n<p>**Plage d&rsquo;humidit\u00e9 de l&rsquo;air mesur\u00e9e : 10% &#8211; 99% rh<\/p>\n<p>**Deux plages d&rsquo;affichage du temps : 12h ou 24h<\/p>\n<p>**Fonction d&rsquo;alarme<\/p>\n<p>**Alimentation \u00e9lectrique : 1 pile aaa (incluse)<\/p>\n<p>Dimensions du thermom\u00e8tre :<\/p>\n<p>**largeur : 9,7cm<br \/>\n**Hauteur : 10cm<br \/>\n**\u00c9paisseur : 2cm<br \/>\n**Dimensions de l&rsquo;\u00e9cran : 8cm x 6cm<\/p>\n<p>L&rsquo;ensemble contient :<\/p>\n<p>**Thermom\u00e8tre \u00e9lectronique neuf<br \/>\n**1 pile AAA<br \/>\n**Emballage d&rsquo;origine<\/p>\n<p>&nbsp;<\/p>\n<p>&nbsp;<\/p>","protected":false},"excerpt":{"rendered":"<ul>\n<li>Taille : 10 x 9.7 cm<\/li>\n<li>Couleur : blanc et gris<\/li>\n<li>Mat\u00e9riau : Plastique<\/li>\n<li>Affiche la date, l&rsquo;heure, la temp\u00e9rature et l&rsquo;humidit\u00e9<\/li>\n<li>Caract\u00e9ristiques sp\u00e9ciales : Minuterie d&rsquo;alarme<\/li>\n<li>Piles requises : Oui : 1 x AAA<\/li>\n<li>Affichage LCD<\/li>\n<li>Piles incluses : Qui<\/li>\n<\/ul>\n","protected":false},"featured_media":871125306605,"template":"","meta":[],"product_brand":[],"product_cat":[108],"product_tag":[181,195,197],"class_list":{"0":"post-871125306604","1":"product","2":"type-product","3":"status-publish","4":"has-post-thumbnail","6":"product_cat-non-classe","7":"product_tag-electromenager-et-cuisine","8":"product_tag-promo","9":"product_tag-promo-2","10":"product_shipping_class-small-item-gls-only","12":"first","13":"instock","14":"sale","15":"taxable","16":"shipping-taxable","17":"purchasable","18":"product-type-simple"},"_links":{"self":[{"href":"https:\/\/mskasolutions.com\/fr\/wp-json\/wp\/v2\/product\/871125306604","targetHints":{"allow":["GET"]}}],"collection":[{"href":"https:\/\/mskasolutions.com\/fr\/wp-json\/wp\/v2\/product"}],"about":[{"href":"https:\/\/mskasolutions.com\/fr\/wp-json\/wp\/v2\/types\/product"}],"wp:featuredmedia":[{"embeddable":true,"href":"https:\/\/mskasolutions.com\/fr\/wp-json\/wp\/v2\/media\/871125306605"}],"wp:attachment":[{"href":"https:\/\/mskasolutions.com\/fr\/wp-json\/wp\/v2\/media?parent=871125306604"}],"wp:term":[{"taxonomy":"product_brand","embeddable":true,"href":"https:\/\/mskasolutions.com\/fr\/wp-json\/wp\/v2\/product_brand?post=871125306604"},{"taxonomy":"product_cat","embeddable":true,"href":"https:\/\/mskasolutions.com\/fr\/wp-json\/wp\/v2\/product_cat?post=871125306604"},{"taxonomy":"product_tag","embeddable":true,"href":"https:\/\/mskasolutions.com\/fr\/wp-json\/wp\/v2\/product_tag?post=871125306604"}],"curies":[{"name":"wp","href":"https:\/\/api.w.org\/{rel}","templated":true}]}}