{"id":871125306556,"date":"2022-07-09T13:40:20","date_gmt":"2022-07-09T12:40:20","guid":{"rendered":"https:\/\/mskasolutions.com\/?post_type=product&#038;p=871125306556"},"modified":"2023-07-14T22:49:55","modified_gmt":"2023-07-14T21:49:55","slug":"windscreen-side-windows-sunshades","status":"publish","type":"product","link":"https:\/\/mskasolutions.com\/fr\/produit\/windscreen-side-windows-sunshades\/","title":{"rendered":"R\u00e9flecteur de pare-brise et pare-soleil pour vitres lat\u00e9rales x 2 + ventouses"},"content":{"rendered":"<p><strong>Pare-soleil de voiture x2 + ventouses<\/strong><\/p>\n<ul>\n<li>2 packs de pare-soleil 44 x 38 cm (440mmx380mm)<\/li>\n<li>Ces pare-soleil se fixent facilement sur les vitres lat\u00e9rales de la voiture gr\u00e2ce \u00e0 une ventouse.<\/li>\n<li>Les pare-soleil pliables vous prot\u00e8gent contre les rayons du soleil de l&rsquo;ext\u00e9rieur et sont livr\u00e9s par paire.<\/li>\n<li>Couleur : Noir<\/li>\n<\/ul>\n<p><strong>R\u00e9flecteur de soleil pour pare-brise de Dunlop<\/strong><\/p>\n<ul>\n<li>Refl\u00e8te le soleil 100%<\/li>\n<li>Taille: 130cm x 60cm<\/li>\n<li>Comprend 2 supports d&rsquo;aspiration<\/li>\n<li>Mat\u00e9riel: Devant r\u00e9fl\u00e9chissant argent\u00e9 avec support en mousse<\/li>\n<\/ul>\n<p><\/p>","protected":false},"excerpt":{"rendered":"<p><strong>Lot de 2, chaque pare-soleil mesure 44 x 38 cm (440mm x 380mm)<\/strong><\/p>\n<ul>\n<li>2 packs de pare-soleil 44 x 38 cm (440mmx380mm)<\/li>\n<li>Ces pare-soleil se fixent avec les ventouses incluses.<\/li>\n<li>100% Polyester<\/li>\n<li>Pare-soleil pliable pour un rangement facile<\/li>\n<li>Couleur : Noir<\/li>\n<\/ul>\n<p><strong>R\u00e9flecteur de soleil pour pare-brise de Dunlop<\/strong><\/p>\n<ul>\n<li>Refl\u00e8te le soleil 100%<\/li>\n<li>Taille: 130cm x 60cm<\/li>\n<li>Comprend 2 supports d&rsquo;aspiration<\/li>\n<li>Mat\u00e9riel: Devant r\u00e9fl\u00e9chissant argent\u00e9 avec support en mousse<\/li>\n<\/ul>\n","protected":false},"featured_media":871125306557,"template":"","meta":[],"product_brand":[],"product_cat":[108,215],"product_tag":[177,232,187,195,197],"class_list":{"0":"post-871125306556","1":"product","2":"type-product","3":"status-publish","4":"has-post-thumbnail","6":"product_cat-non-classe","7":"product_cat-promo","8":"product_tag-accessoires-auto","9":"product_tag-benson","10":"product_tag-dunlop","11":"product_tag-promo","12":"product_tag-promo-2","13":"product_shipping_class-small-item-gls-only","15":"first","16":"instock","17":"sale","18":"taxable","19":"shipping-taxable","20":"purchasable","21":"product-type-simple"},"_links":{"self":[{"href":"https:\/\/mskasolutions.com\/fr\/wp-json\/wp\/v2\/product\/871125306556","targetHints":{"allow":["GET"]}}],"collection":[{"href":"https:\/\/mskasolutions.com\/fr\/wp-json\/wp\/v2\/product"}],"about":[{"href":"https:\/\/mskasolutions.com\/fr\/wp-json\/wp\/v2\/types\/product"}],"wp:featuredmedia":[{"embeddable":true,"href":"https:\/\/mskasolutions.com\/fr\/wp-json\/wp\/v2\/media\/871125306557"}],"wp:attachment":[{"href":"https:\/\/mskasolutions.com\/fr\/wp-json\/wp\/v2\/media?parent=871125306556"}],"wp:term":[{"taxonomy":"product_brand","embeddable":true,"href":"https:\/\/mskasolutions.com\/fr\/wp-json\/wp\/v2\/product_brand?post=871125306556"},{"taxonomy":"product_cat","embeddable":true,"href":"https:\/\/mskasolutions.com\/fr\/wp-json\/wp\/v2\/product_cat?post=871125306556"},{"taxonomy":"product_tag","embeddable":true,"href":"https:\/\/mskasolutions.com\/fr\/wp-json\/wp\/v2\/product_tag?post=871125306556"}],"curies":[{"name":"wp","href":"https:\/\/api.w.org\/{rel}","templated":true}]}}