{"id":871125306539,"date":"2022-07-01T16:42:00","date_gmt":"2022-07-01T15:42:00","guid":{"rendered":"https:\/\/mskasolutions.com\/?post_type=product&#038;p=871125306539"},"modified":"2023-02-14T15:18:09","modified_gmt":"2023-02-14T15:18:09","slug":"benson-bike-pump","status":"publish","type":"product","link":"https:\/\/mskasolutions.com\/fr\/produit\/benson-bike-pump\/","title":{"rendered":"Pompe \u00e0 bicyclette Benson avec manom\u00e8tre"},"content":{"rendered":"<p>Pompe \u00e0 bicyclette Benson avec manom\u00e8tre. Avec cette pompe \u00e0 air universelle et robuste de Benson, le gonflage des pneus de voiture, des pneus de v\u00e9lo, des ballons de football et bien d&rsquo;autres choses encore est un jeu d&rsquo;enfant. Gr\u00e2ce \u00e0 sa base robuste, la pompe \u00e0 air est fix\u00e9e au sol et assure une assise solide. Gr\u00e2ce \u00e0 la t\u00eate de pompe avec deux buses et un joint d&rsquo;\u00e9tanch\u00e9it\u00e9 \u00e0 l&rsquo;air, vous n&rsquo;aurez aucune perte de pression lorsque vous fixerez le connecteur \u00e0 la valve. Les diff\u00e9rents adaptateurs et le long tuyau permettent de gonfler facilement presque tous vos articles gonflables. Le support de tuyau permet un rangement peu encombrant et ordonn\u00e9. Le manom\u00e8tre vous permet d&rsquo;afficher la pression jusqu&rsquo;\u00e0 un maximum de 7 bars ou 100 PSi. Les valves se trouvent dans une bo\u00eete de rangement pratique sur la pompe \u00e0 air.<\/p>\n<ul>\n<li>Pompe \u00e0 plancher pour v\u00e9lo Benson avec jauge.<\/li>\n<li>Utilisation universelle.<\/li>\n<li>Base robuste.<\/li>\n<li>T\u00eate de pompe avec deux buses et joint d&rsquo;\u00e9tanch\u00e9it\u00e9.<\/li>\n<li>Porte-tuyau.<\/li>\n<li>Poign\u00e9e robuste.<\/li>\n<li>Convient pour : Voitures, bicyclettes, ballons et toutes les valves standard.<\/li>\n<li>Buses pour valves Dunlop, Schrader, Presta, voitures.<\/li>\n<li>Longueur du tuyau : environ 100cm.<\/li>\n<li>Mat\u00e9riau : M\u00e9tal, plastique. &#8211; Couleur : noir.<\/li>\n<\/ul>\n<p><\/p>","protected":false},"excerpt":{"rendered":"<ul>\n<li>Pompe \u00e0 plancher pour v\u00e9lo Benson avec jauge.<\/li>\n<li>Utilisation universelle.<\/li>\n<li>Base robuste.<\/li>\n<li>T\u00eate de pompe avec deux buses et joint d&rsquo;\u00e9tanch\u00e9it\u00e9.<\/li>\n<li>Porte-tuyau.<\/li>\n<li>Poign\u00e9e robuste.<\/li>\n<li>Convient pour : Voitures, bicyclettes, ballons et toutes les valves standard.<\/li>\n<li>Buses pour valves Dunlop, Schrader, Presta, voitures.<\/li>\n<li>Longueur du tuyau : environ 100cm.<\/li>\n<li>Mat\u00e9riau : M\u00e9tal, plastique. &#8211; Couleur : noir.<\/li>\n<\/ul>\n","protected":false},"featured_media":871125306543,"template":"","meta":[],"product_brand":[],"product_cat":[215],"product_tag":[179,232,180,197,183],"class_list":{"0":"post-871125306539","1":"product","2":"type-product","3":"status-publish","4":"has-post-thumbnail","6":"product_cat-promo","7":"product_tag-accessoires-velo","8":"product_tag-benson","9":"product_tag-pompes-et-compresseurs","10":"product_tag-promo-2","11":"product_tag-sports-et-loisirs","12":"product_shipping_class-small-item-gls-only","14":"first","15":"instock","16":"sale","17":"taxable","18":"shipping-taxable","19":"purchasable","20":"product-type-simple"},"_links":{"self":[{"href":"https:\/\/mskasolutions.com\/fr\/wp-json\/wp\/v2\/product\/871125306539","targetHints":{"allow":["GET"]}}],"collection":[{"href":"https:\/\/mskasolutions.com\/fr\/wp-json\/wp\/v2\/product"}],"about":[{"href":"https:\/\/mskasolutions.com\/fr\/wp-json\/wp\/v2\/types\/product"}],"wp:featuredmedia":[{"embeddable":true,"href":"https:\/\/mskasolutions.com\/fr\/wp-json\/wp\/v2\/media\/871125306543"}],"wp:attachment":[{"href":"https:\/\/mskasolutions.com\/fr\/wp-json\/wp\/v2\/media?parent=871125306539"}],"wp:term":[{"taxonomy":"product_brand","embeddable":true,"href":"https:\/\/mskasolutions.com\/fr\/wp-json\/wp\/v2\/product_brand?post=871125306539"},{"taxonomy":"product_cat","embeddable":true,"href":"https:\/\/mskasolutions.com\/fr\/wp-json\/wp\/v2\/product_cat?post=871125306539"},{"taxonomy":"product_tag","embeddable":true,"href":"https:\/\/mskasolutions.com\/fr\/wp-json\/wp\/v2\/product_tag?post=871125306539"}],"curies":[{"name":"wp","href":"https:\/\/api.w.org\/{rel}","templated":true}]}}