{"id":871125306536,"date":"2022-07-01T12:30:17","date_gmt":"2022-07-01T11:30:17","guid":{"rendered":"https:\/\/mskasolutions.com\/?post_type=product&#038;p=871125306536"},"modified":"2024-03-19T09:46:43","modified_gmt":"2024-03-19T09:46:43","slug":"benson-tarpaulin-cover","status":"publish","type":"product","link":"https:\/\/mskasolutions.com\/fr\/produit\/benson-tarpaulin-cover\/","title":{"rendered":"B\u00e2che pour remorque 1,20 x 1,76 m &#8211; Bleu de BENSON"},"content":{"rendered":"<p><strong>B\u00e2che Benson pour remorque 1,20 x 1,76 m &#8211; Bleu<\/strong><\/p>\n<p>Choisissez cette b\u00e2che de qualit\u00e9 (90 g\/m2) pour couvrir votre remorque.<\/p>\n<p><strong>Description du produit :<\/strong><\/p>\n<p>Fabriqu\u00e9e en 100% poly\u00e9thyl\u00e8ne (PE)<br \/>\nOurlets renforc\u00e9s<br \/>\nAnneaux robustes tous les 100 cm<br \/>\nDimensions : 120 x 176 cm (90g \/ m2)<br \/>\nImperm\u00e9able<br \/>\nLa taille r\u00e9elle de la b\u00e2che peut varier d&rsquo;environ 5%.<br \/>\nCette b\u00e2che n&rsquo;a pas de bords relev\u00e9s.<\/p>","protected":false},"excerpt":{"rendered":"<ul>\n<li>Fabriqu\u00e9e en 100% poly\u00e9thyl\u00e8ne (PE)<\/li>\n<li>Ourlets renforc\u00e9s<\/li>\n<li>Anneaux robustes tous les 100 cm<\/li>\n<li>Dimensions : 120 x 176 cm (90g \/ m2)<\/li>\n<li>Imperm\u00e9able<\/li>\n<li>La taille r\u00e9elle de la b\u00e2che peut varier d&rsquo;environ 5%.<\/li>\n<li>Cette b\u00e2che n&rsquo;a pas de bords relev\u00e9s.<\/li>\n<\/ul>\n","protected":false},"featured_media":871125306538,"template":"","meta":[],"product_brand":[],"product_cat":[108,215],"product_tag":[177,232,195,197],"class_list":{"0":"post-871125306536","1":"product","2":"type-product","3":"status-publish","4":"has-post-thumbnail","6":"product_cat-non-classe","7":"product_cat-promo","8":"product_tag-accessoires-auto","9":"product_tag-benson","10":"product_tag-promo","11":"product_tag-promo-2","12":"product_shipping_class-small-item-gls-only","14":"first","15":"instock","16":"sale","17":"taxable","18":"shipping-taxable","19":"purchasable","20":"product-type-simple"},"_links":{"self":[{"href":"https:\/\/mskasolutions.com\/fr\/wp-json\/wp\/v2\/product\/871125306536","targetHints":{"allow":["GET"]}}],"collection":[{"href":"https:\/\/mskasolutions.com\/fr\/wp-json\/wp\/v2\/product"}],"about":[{"href":"https:\/\/mskasolutions.com\/fr\/wp-json\/wp\/v2\/types\/product"}],"wp:featuredmedia":[{"embeddable":true,"href":"https:\/\/mskasolutions.com\/fr\/wp-json\/wp\/v2\/media\/871125306538"}],"wp:attachment":[{"href":"https:\/\/mskasolutions.com\/fr\/wp-json\/wp\/v2\/media?parent=871125306536"}],"wp:term":[{"taxonomy":"product_brand","embeddable":true,"href":"https:\/\/mskasolutions.com\/fr\/wp-json\/wp\/v2\/product_brand?post=871125306536"},{"taxonomy":"product_cat","embeddable":true,"href":"https:\/\/mskasolutions.com\/fr\/wp-json\/wp\/v2\/product_cat?post=871125306536"},{"taxonomy":"product_tag","embeddable":true,"href":"https:\/\/mskasolutions.com\/fr\/wp-json\/wp\/v2\/product_tag?post=871125306536"}],"curies":[{"name":"wp","href":"https:\/\/api.w.org\/{rel}","templated":true}]}}