{"id":871125306534,"date":"2022-07-01T11:44:15","date_gmt":"2022-07-01T10:44:15","guid":{"rendered":"https:\/\/mskasolutions.com\/?post_type=product&#038;p=871125306534"},"modified":"2026-02-02T22:24:48","modified_gmt":"2026-02-02T22:24:48","slug":"benson-gel-saddle-250x200","status":"publish","type":"product","link":"https:\/\/mskasolutions.com\/fr\/produit\/benson-gel-saddle-250x200\/","title":{"rendered":"BENSON Selle rembourr\u00e9e en gel &#8211; Ville &#8211; Tourisme &#8211; V\u00e9lo 250x200mm"},"content":{"rendered":"<p><strong>BENSON &#8211; Selle rembourr\u00e9e en gel &#8211; City &#8211; Touring<\/strong><\/p>\n<p>Selle de bicyclette universelle de qualit\u00e9 sup\u00e9rieure<\/p>\n<p>&#8211; Vous \u00eates pr\u00eat \u00e0 commencer \u00e0 faire du v\u00e9lo en tout confort ? Alors vous avez besoin d&rsquo;une selle confortable avec une grande assise.<\/p>\n<p>&#8211; La selle a un rembourrage tr\u00e8s \u00e9pais avec des ressorts fermes et larges. La selle est une selle confortable pour un v\u00e9lo de ville.<\/p>\n<p>&#8211; La partie arri\u00e8re large assure une bonne stabilit\u00e9 sur tous les terrains.<\/p>\n<p>&#8211; Tr\u00e8s confortable sur un long v\u00e9lo, en ville ou en randonn\u00e9e.<\/p>\n<p><strong>Sp\u00e9cifications :<\/strong><\/p>\n<p>Couleur : Noir<\/p>\n<p>Sexe : Unisexe<\/p>\n<p>Mat\u00e9riau sup\u00e9rieur : Plastique<\/p>\n<p>Mat\u00e9riau Rails : Acier<\/p>\n<p>Mat\u00e9riau housse de selle &#8211; Faux cuir<\/p>\n<p>Montage universel<\/p>\n<p>Dimensions : L : environ 250 mm x H : environ &#8211; L : environ 200 mm<\/p>\n<p>Poids net : 700g<\/p>","protected":false},"excerpt":{"rendered":"<ul>\n<li>Couleur : Noir<\/li>\n<li>Sexe : Unisexe<\/li>\n<li>Mat\u00e9riau sup\u00e9rieur : Plastique<\/li>\n<li>Mat\u00e9riau Rails : Acier<\/li>\n<li>Mat\u00e9riau housse de selle &#8211; Faux cuir<\/li>\n<li>Montage universel<\/li>\n<li>Dimensions : L : environ 250 mm x H : environ &#8211; L : environ 200 mm<\/li>\n<li>Poids net : 700g<\/li>\n<\/ul>\n","protected":false},"featured_media":871125306525,"template":"","meta":[],"product_brand":[],"product_cat":[108,215],"product_tag":[179,232,197,183],"class_list":{"0":"post-871125306534","1":"product","2":"type-product","3":"status-publish","4":"has-post-thumbnail","6":"product_cat-non-classe","7":"product_cat-promo","8":"product_tag-accessoires-velo","9":"product_tag-benson","10":"product_tag-promo-2","11":"product_tag-sports-et-loisirs","12":"product_shipping_class-small-item-gls-only","14":"first","15":"outofstock","16":"sale","17":"featured","18":"taxable","19":"shipping-taxable","20":"purchasable","21":"product-type-simple"},"_links":{"self":[{"href":"https:\/\/mskasolutions.com\/fr\/wp-json\/wp\/v2\/product\/871125306534","targetHints":{"allow":["GET"]}}],"collection":[{"href":"https:\/\/mskasolutions.com\/fr\/wp-json\/wp\/v2\/product"}],"about":[{"href":"https:\/\/mskasolutions.com\/fr\/wp-json\/wp\/v2\/types\/product"}],"wp:featuredmedia":[{"embeddable":true,"href":"https:\/\/mskasolutions.com\/fr\/wp-json\/wp\/v2\/media\/871125306525"}],"wp:attachment":[{"href":"https:\/\/mskasolutions.com\/fr\/wp-json\/wp\/v2\/media?parent=871125306534"}],"wp:term":[{"taxonomy":"product_brand","embeddable":true,"href":"https:\/\/mskasolutions.com\/fr\/wp-json\/wp\/v2\/product_brand?post=871125306534"},{"taxonomy":"product_cat","embeddable":true,"href":"https:\/\/mskasolutions.com\/fr\/wp-json\/wp\/v2\/product_cat?post=871125306534"},{"taxonomy":"product_tag","embeddable":true,"href":"https:\/\/mskasolutions.com\/fr\/wp-json\/wp\/v2\/product_tag?post=871125306534"}],"curies":[{"name":"wp","href":"https:\/\/api.w.org\/{rel}","templated":true}]}}