{"id":871125306508,"date":"2022-06-28T15:46:52","date_gmt":"2022-06-28T14:46:52","guid":{"rendered":"https:\/\/mskasolutions.com\/?post_type=product&#038;p=871125306508"},"modified":"2024-07-02T13:01:49","modified_gmt":"2024-07-02T12:01:49","slug":"ratchet-screwdriver-101-set","status":"publish","type":"product","link":"https:\/\/mskasolutions.com\/fr\/produit\/ratchet-screwdriver-101-set\/","title":{"rendered":"Jeu d&#8217;embouts Tournevis \u00e0 Cliquet 99x Pcs de BENSON TOOLS"},"content":{"rendered":"<p><strong>D\u00e9tails du produit<\/strong><\/p>\n<p><strong>Tournevis \u00e0 cliquet de Benson Tools avec jeu d&#8217;embouts 99x pi\u00e8ces<\/strong><\/p>\n<p>Nous vous pr\u00e9sentons la gamme de tournevis \u00e0 cliquet de Benson Tools avec un jeu d&#8217;embouts de 99x pi\u00e8ces. Cet ensemble d&rsquo;outils \u00e0 main de haute qualit\u00e9 offre un ensemble d&rsquo;outils robustes et polyvalents adapt\u00e9s aux professionnels et aux amateurs de bricolage, qui peuvent \u00eatre utilis\u00e9s dans une large gamme d&rsquo;applications.<\/p>\n<p><strong>Caract\u00e9ristiques et contenu :<\/strong><\/p>\n<p>&#8211; 78 embouts de tournevis de 25 mm &#8211; Phillips, Slotted, Pozi, Torx, Square, Hex.<br \/>\n&#8211; 6 embouts de tournevis de 50 mm &#8211; Phillips, fendus<br \/>\n&#8211; 11 douilles d&rsquo;entra\u00eenement 1\/4&Prime;<br \/>\n&#8211; 1 porte-embout 1\/4&Prime; Hex 60mm<br \/>\n&#8211; 1 adaptateur d&#8217;embout 1\/4&Prime; Hex 25mm + 1 adaptateur d&#8217;embout 1\/4&Prime; Hex 50mm<br \/>\n&#8211; 1 x Manche \u00e0 cliquet avec fonction de marche avant et arri\u00e8re<\/p>\n<p><strong>Applications :<\/strong><\/p>\n<p>Il s&rsquo;agit d&rsquo;une pi\u00e8ce d&rsquo;\u00e9quipement essentielle pour tout professionnel ou bricoleur et sont le plus souvent utilis\u00e9s dans des applications telles que :<\/p>\n<p>&#8211; Plomberie<br \/>\n&#8211; R\u00e9paration et entretien automobile<br \/>\n&#8211; l&rsquo;ing\u00e9nierie<br \/>\n&#8211; Exploitation de machines<\/p>","protected":false},"excerpt":{"rendered":"<p><strong>Le bon outil pour chaque situation<\/strong><\/p>\n<p><strong>&#8211; 78 embouts de tournevis de 25 mm :<\/strong><br \/>\nPhillips : 0, 0, 0, 1, 1, 1, 2, 2, 2, 3, 3 &amp; 3<br \/>\nFendue : 3, 3, 4, 4, 5, 5, 5.5, 5.5, 6, 6, 7, 7mm 7\/32&Prime;, 7\/32&Prime;, 9\/32&Prime;,<br \/>\n9\/32&Prime;, 1\/4&Prime;, 1\/4&Prime;, 3\/16, 3\/16&Prime;, 5\/32&Prime;, 5.32&Prime;, 1\/8&Prime;, 1\/8&Prime;<br \/>\nPozi : 0, 0, 1, 1, 2, 2, 3 &amp; 3<br \/>\nTorx : T10, T10, T15, T15, T20, T20, T25, T25, T27, T30, T30, T40, T40, T40 &amp; T45<br \/>\nCarr\u00e9 : 0, 1, 2, &amp; 3<br \/>\nHex : 1.5, 2, 2, 2.5, 3, 3, 4, 4, 5, 5, 5.5, 6 &amp; 6<\/p>\n<p><strong>&#8211; 6 embouts de tournevis de 50 mm :<\/strong><br \/>\nPhillips : 0, 1, &amp; 2<br \/>\nFendue : 4, 5 et 6mm<\/p>\n<p><strong>&#8211; 11 douilles de 1\/4&Prime; :<\/strong><br \/>\n4, 5, 5.5, 6, 7, 8, 9, 10, 11, 12 &amp; 13mm<\/p>\n<p><strong>&#8211; Porte-embouts hexagonaux 60mm :<\/strong><br \/>\n1 x 1\/4&Prime;<\/p>\n<p><strong>&#8211; Adaptateur d&#8217;embout hexagonal 25 mm :<\/strong><br \/>\n1 x 1\/4&Prime;<\/p>\n<p><strong>&#8211; Adaptateur d&#8217;embout hexagonal 50mm :<\/strong><br \/>\n1 x 1\/4&Prime;<\/p>\n<p><strong>&#8211; 1 x Tournevis \u00e0 cliquet avec fonction de marche avant et arri\u00e8re<\/strong><\/p>\n<p><strong>&#8211; 1 x Mallette de transport en plastique rigide<\/strong><\/p>\n","protected":false},"featured_media":871125307336,"template":"","meta":[],"product_brand":[],"product_cat":[108,233,215],"product_tag":[177,179,232,234,195,197],"class_list":{"0":"post-871125306508","1":"product","2":"type-product","3":"status-publish","4":"has-post-thumbnail","6":"product_cat-non-classe","7":"product_cat-outils","8":"product_cat-promo","9":"product_tag-accessoires-auto","10":"product_tag-accessoires-velo","11":"product_tag-benson","12":"product_tag-outils","13":"product_tag-promo","14":"product_tag-promo-2","15":"product_shipping_class-small-item-gls-only","17":"first","18":"instock","19":"sale","20":"taxable","21":"shipping-taxable","22":"purchasable","23":"product-type-simple"},"_links":{"self":[{"href":"https:\/\/mskasolutions.com\/fr\/wp-json\/wp\/v2\/product\/871125306508","targetHints":{"allow":["GET"]}}],"collection":[{"href":"https:\/\/mskasolutions.com\/fr\/wp-json\/wp\/v2\/product"}],"about":[{"href":"https:\/\/mskasolutions.com\/fr\/wp-json\/wp\/v2\/types\/product"}],"wp:featuredmedia":[{"embeddable":true,"href":"https:\/\/mskasolutions.com\/fr\/wp-json\/wp\/v2\/media\/871125307336"}],"wp:attachment":[{"href":"https:\/\/mskasolutions.com\/fr\/wp-json\/wp\/v2\/media?parent=871125306508"}],"wp:term":[{"taxonomy":"product_brand","embeddable":true,"href":"https:\/\/mskasolutions.com\/fr\/wp-json\/wp\/v2\/product_brand?post=871125306508"},{"taxonomy":"product_cat","embeddable":true,"href":"https:\/\/mskasolutions.com\/fr\/wp-json\/wp\/v2\/product_cat?post=871125306508"},{"taxonomy":"product_tag","embeddable":true,"href":"https:\/\/mskasolutions.com\/fr\/wp-json\/wp\/v2\/product_tag?post=871125306508"}],"curies":[{"name":"wp","href":"https:\/\/api.w.org\/{rel}","templated":true}]}}