{"id":871125306502,"date":"2022-06-28T14:59:09","date_gmt":"2022-06-28T13:59:09","guid":{"rendered":"https:\/\/mskasolutions.com\/?post_type=product&#038;p=871125306502"},"modified":"2024-05-15T08:54:03","modified_gmt":"2024-05-15T07:54:03","slug":"benson-combination-spanner-12pc-set","status":"publish","type":"product","link":"https:\/\/mskasolutions.com\/fr\/produit\/benson-combination-spanner-12pc-set\/","title":{"rendered":"Cl\u00e9s Plates Mixtes 12pcs 6mm &#8211; 22mm de BENSON TOOLS"},"content":{"rendered":"<p>Acier tremp\u00e9 au chrome vanadium avec une finition polie de haute qualit\u00e9. Tailles incluses : 6 mm \u00e0 14 mm, 17 mm, 19 mm, 22 mm. Le compl\u00e9ment id\u00e9al de votre remise ou de votre bo\u00eete \u00e0 outils. L&rsquo;\u00e9tui est en plastique souple, ce qui permet de le plier ou de l&rsquo;enrouler facilement.<\/p>\n<p>Caract\u00e9ristiques :<\/p>\n<p>Finition : Enti\u00e8rement poli, chrom\u00e9<br \/>\nStyle : Combinaison d&rsquo;une cl\u00e9 \u00e0 fourche et d&rsquo;une cl\u00e9 \u00e0 anneau<br \/>\nSupport : Pochette en plastique souple.<\/p>\n<p>Contenu de la livraison :<\/p>\n<p>1 x 6 mm<br \/>\n1 x 7 mm<br \/>\n1 x 8 mm<br \/>\n1 x 9 mm<br \/>\n1 x 10 mm<br \/>\n1 x 11 mm<br \/>\n1 x 12 mm<br \/>\n1 x 13 mm<br \/>\n1 x 14 mm<br \/>\n1 x 17 mm<br \/>\n1 x 19 mm<br \/>\n1 x 22 mm<br \/>\n1 x \u00c9tui souple<\/p>","protected":false},"excerpt":{"rendered":"<p>Ce jeu de cl\u00e9s \u00e0 anneaux est un jeu de 12 pi\u00e8ces comprenant des cl\u00e9s \u00e0 anneaux dans les tailles suivantes : 6, 7, 8, 9, 10, 11, 12, 13, 14, 17, 19 et 22 mm.<\/p>\n<p>Comprend un support pratique.<\/p>\n","protected":false},"featured_media":871125307348,"template":"","meta":[],"product_brand":[],"product_cat":[108,233,215],"product_tag":[177,179,232,234,195,197],"class_list":{"0":"post-871125306502","1":"product","2":"type-product","3":"status-publish","4":"has-post-thumbnail","6":"product_cat-non-classe","7":"product_cat-outils","8":"product_cat-promo","9":"product_tag-accessoires-auto","10":"product_tag-accessoires-velo","11":"product_tag-benson","12":"product_tag-outils","13":"product_tag-promo","14":"product_tag-promo-2","15":"product_shipping_class-small-item-gls-only","17":"first","18":"instock","19":"sale","20":"taxable","21":"shipping-taxable","22":"purchasable","23":"product-type-simple"},"_links":{"self":[{"href":"https:\/\/mskasolutions.com\/fr\/wp-json\/wp\/v2\/product\/871125306502","targetHints":{"allow":["GET"]}}],"collection":[{"href":"https:\/\/mskasolutions.com\/fr\/wp-json\/wp\/v2\/product"}],"about":[{"href":"https:\/\/mskasolutions.com\/fr\/wp-json\/wp\/v2\/types\/product"}],"wp:featuredmedia":[{"embeddable":true,"href":"https:\/\/mskasolutions.com\/fr\/wp-json\/wp\/v2\/media\/871125307348"}],"wp:attachment":[{"href":"https:\/\/mskasolutions.com\/fr\/wp-json\/wp\/v2\/media?parent=871125306502"}],"wp:term":[{"taxonomy":"product_brand","embeddable":true,"href":"https:\/\/mskasolutions.com\/fr\/wp-json\/wp\/v2\/product_brand?post=871125306502"},{"taxonomy":"product_cat","embeddable":true,"href":"https:\/\/mskasolutions.com\/fr\/wp-json\/wp\/v2\/product_cat?post=871125306502"},{"taxonomy":"product_tag","embeddable":true,"href":"https:\/\/mskasolutions.com\/fr\/wp-json\/wp\/v2\/product_tag?post=871125306502"}],"curies":[{"name":"wp","href":"https:\/\/api.w.org\/{rel}","templated":true}]}}