{"id":871125306491,"date":"2022-06-27T16:57:56","date_gmt":"2022-06-27T15:57:56","guid":{"rendered":"https:\/\/mskasolutions.com\/?post_type=product&#038;p=871125306491"},"modified":"2025-04-11T14:02:03","modified_gmt":"2025-04-11T13:02:03","slug":"benson-sunshades-2pack","status":"publish","type":"product","link":"https:\/\/mskasolutions.com\/fr\/produit\/benson-sunshades-2pack\/","title":{"rendered":"Pare-soleil avev ventouse 2 packs &#8211; de BENSON + 2\u00e8me pack gratuit"},"content":{"rendered":"<p>Lot de 2, chaque pare-soleil mesure 44 x 38 cm (440mm x 380mm)<\/p>\n<p>Ces pare-soleil se fixent facilement sur les vitres lat\u00e9rales de la voiture gr\u00e2ce \u00e0 une ventouse.<br \/>\nLes pare-soleil pliables vous prot\u00e8gent contre les rayons du soleil de l&rsquo;ext\u00e9rieur et sont livr\u00e9s par paire.<\/p>\n<p>* Couleur : Noir<\/p>","protected":false},"excerpt":{"rendered":"<ul>\n<li>2 packs de pare-soleil 44 x 38 cm (440mmx380mm)<\/li>\n<li>Ces pare-soleil se fixent avec les ventouses incluses.<\/li>\n<li>100% Polyester<\/li>\n<li>Pare-soleil pliable pour un rangement facile<\/li>\n<li>Couleur : Noir<\/li>\n<\/ul>\n","protected":false},"featured_media":871125306496,"template":"","meta":[],"product_brand":[],"product_cat":[108,215],"product_tag":[177,232,197],"class_list":{"0":"post-871125306491","1":"product","2":"type-product","3":"status-publish","4":"has-post-thumbnail","6":"product_cat-non-classe","7":"product_cat-promo","8":"product_tag-accessoires-auto","9":"product_tag-benson","10":"product_tag-promo-2","11":"product_shipping_class-small-item-gls-only","13":"first","14":"instock","15":"sale","16":"taxable","17":"shipping-taxable","18":"purchasable","19":"product-type-simple"},"_links":{"self":[{"href":"https:\/\/mskasolutions.com\/fr\/wp-json\/wp\/v2\/product\/871125306491","targetHints":{"allow":["GET"]}}],"collection":[{"href":"https:\/\/mskasolutions.com\/fr\/wp-json\/wp\/v2\/product"}],"about":[{"href":"https:\/\/mskasolutions.com\/fr\/wp-json\/wp\/v2\/types\/product"}],"wp:featuredmedia":[{"embeddable":true,"href":"https:\/\/mskasolutions.com\/fr\/wp-json\/wp\/v2\/media\/871125306496"}],"wp:attachment":[{"href":"https:\/\/mskasolutions.com\/fr\/wp-json\/wp\/v2\/media?parent=871125306491"}],"wp:term":[{"taxonomy":"product_brand","embeddable":true,"href":"https:\/\/mskasolutions.com\/fr\/wp-json\/wp\/v2\/product_brand?post=871125306491"},{"taxonomy":"product_cat","embeddable":true,"href":"https:\/\/mskasolutions.com\/fr\/wp-json\/wp\/v2\/product_cat?post=871125306491"},{"taxonomy":"product_tag","embeddable":true,"href":"https:\/\/mskasolutions.com\/fr\/wp-json\/wp\/v2\/product_tag?post=871125306491"}],"curies":[{"name":"wp","href":"https:\/\/api.w.org\/{rel}","templated":true}]}}