{"id":871125306410,"date":"2022-04-19T11:47:42","date_gmt":"2022-04-19T10:47:42","guid":{"rendered":"https:\/\/mskasolutions.com\/?post_type=product&#038;p=871125306410"},"modified":"2024-02-01T15:50:13","modified_gmt":"2024-02-01T15:50:13","slug":"dunlop-tow-rope-2800kg-4m","status":"publish","type":"product","link":"https:\/\/mskasolutions.com\/fr\/produit\/dunlop-tow-rope-2800kg-4m\/","title":{"rendered":"DUNLOP &#8211; CORDE DE TRACTION 2800kg\/2.8 Ton 4 m\u00e8tres"},"content":{"rendered":"<p>La corde de remorquage Dunlop de 4 m\u00e8tres est l&rsquo;accessoire de d\u00e9pannage id\u00e9al \u00e0 ranger dans votre voiture. Elle est id\u00e9ale pour le remorquage de v\u00e9hicules en cas d&rsquo;urgence ou de panne.<\/p>\n<p>Il est capable de remorquer un poids allant jusqu&rsquo;\u00e0 2 800 kg et est livr\u00e9 dans une mallette de transport pratique pour faciliter son rangement.<\/p>\n<p>Avantages<\/p>\n<p>2 crochets de remorquage en fer forg\u00e9<br \/>\nMallette de rangement compacte<br \/>\nGrande longueur de corde pour faciliter l&rsquo;utilisation<\/p>\n<p>Caract\u00e9ristiques techniques<\/p>\n<p>Marque : Dunlop<br \/>\nType de produit : Corde de remorquage<br \/>\nLongueur de la corde : 4 m\u00e8tres<br \/>\nCapacit\u00e9 de poids : 2,800 Kg \/ 2.8 Ton<\/p>","protected":false},"excerpt":{"rendered":"<ul>\n<li>Corde de Traction<\/li>\n<li>14 mm de diam\u00e8tre<\/li>\n<li>4 m de long<\/li>\n<li>charge maximale\u202f: 2800 kg.<\/li>\n<li><span id=\"result_box\" class=\"short_text\" lang=\"fr\"><span class=\"\">Avec Dunlop Carry Case<\/span><\/span><\/li>\n<\/ul>\n","protected":false},"featured_media":871125306411,"template":"","meta":[],"product_brand":[],"product_cat":[215],"product_tag":[177,187,195,197],"class_list":{"0":"post-871125306410","1":"product","2":"type-product","3":"status-publish","4":"has-post-thumbnail","6":"product_cat-promo","7":"product_tag-accessoires-auto","8":"product_tag-dunlop","9":"product_tag-promo","10":"product_tag-promo-2","11":"product_shipping_class-small-item-gls-only","13":"first","14":"instock","15":"sale","16":"taxable","17":"shipping-taxable","18":"purchasable","19":"product-type-simple"},"_links":{"self":[{"href":"https:\/\/mskasolutions.com\/fr\/wp-json\/wp\/v2\/product\/871125306410","targetHints":{"allow":["GET"]}}],"collection":[{"href":"https:\/\/mskasolutions.com\/fr\/wp-json\/wp\/v2\/product"}],"about":[{"href":"https:\/\/mskasolutions.com\/fr\/wp-json\/wp\/v2\/types\/product"}],"wp:featuredmedia":[{"embeddable":true,"href":"https:\/\/mskasolutions.com\/fr\/wp-json\/wp\/v2\/media\/871125306411"}],"wp:attachment":[{"href":"https:\/\/mskasolutions.com\/fr\/wp-json\/wp\/v2\/media?parent=871125306410"}],"wp:term":[{"taxonomy":"product_brand","embeddable":true,"href":"https:\/\/mskasolutions.com\/fr\/wp-json\/wp\/v2\/product_brand?post=871125306410"},{"taxonomy":"product_cat","embeddable":true,"href":"https:\/\/mskasolutions.com\/fr\/wp-json\/wp\/v2\/product_cat?post=871125306410"},{"taxonomy":"product_tag","embeddable":true,"href":"https:\/\/mskasolutions.com\/fr\/wp-json\/wp\/v2\/product_tag?post=871125306410"}],"curies":[{"name":"wp","href":"https:\/\/api.w.org\/{rel}","templated":true}]}}