{"id":871125306337,"date":"2022-01-31T09:27:40","date_gmt":"2022-01-31T09:27:40","guid":{"rendered":"https:\/\/mskasolutions.com\/?post_type=product&#038;p=871125306337"},"modified":"2022-07-15T14:07:09","modified_gmt":"2022-07-15T13:07:09","slug":"3ply-black-facemasks-50pack","status":"publish","type":"product","link":"https:\/\/mskasolutions.com\/fr\/produit\/3ply-black-facemasks-50pack\/","title":{"rendered":"Masque facial de protection noir 3 plis &#8211; A usage unique &#8211; Quantit\u00e9 par paquet de 50 masques"},"content":{"rendered":"<p><strong>R\u00e9sum\u00e9<\/strong><\/p>\n<ul>\n<li>Masques chirurgicaux &#8211; masque facial \u00e0 filtre de protection performant, sans r\u00e9sistance \u00e0 la respiration. Permet \u00e0 la chaleur et \u00e0 l&rsquo;humidit\u00e9 de s&rsquo;\u00e9chapper.<\/li>\n<li>B\u00e9n\u00e9ficie de deux boucles d&rsquo;oreilles \u00e9lastiques &#8211; taille unique. Ajout d&rsquo;un fil int\u00e9rieur qui permet de mouler l&rsquo;ar\u00eate du nez pour un ajustement serr\u00e9.<\/li>\n<li>Confortable \u00e0 porter gr\u00e2ce \u00e0 sa forme offrant une protection respiratoire de qualit\u00e9 sup\u00e9rieure<\/li>\n<li>Doux, inodore et non irritant<\/li>\n<li>(Pack de 50) Masques chirurgicaux 3 plis (civils) Description<\/li>\n<li>Masque chirurgical avec boucles d&rsquo;oreilles &#8211; protection de la bouche contre la pollution par la poussi\u00e8re\/la gripp<\/li>\n<\/ul>\n<p><\/p>","protected":false},"excerpt":{"rendered":"<p>Type d&rsquo;article : Masques protection 3 plis x 50<br \/>\nFonction : Personnel<br \/>\nMat\u00e9riau : tissu non tiss\u00e9<br \/>\nTaille : environ 9,5 * 17,5 cm<\/p>\n<p>Couleur: Noir<\/p>\n","protected":false},"featured_media":871125306286,"template":"","meta":[],"product_brand":[],"product_cat":[108,215],"product_tag":[171,195,197],"class_list":{"0":"post-871125306337","1":"product","2":"type-product","3":"status-publish","4":"has-post-thumbnail","6":"product_cat-non-classe","7":"product_cat-promo","8":"product_tag-hygiene-medicale","9":"product_tag-promo","10":"product_tag-promo-2","11":"product_shipping_class-small-item-gls-only","13":"first","14":"instock","15":"sale","16":"featured","17":"taxable","18":"shipping-taxable","19":"purchasable","20":"product-type-simple"},"_links":{"self":[{"href":"https:\/\/mskasolutions.com\/fr\/wp-json\/wp\/v2\/product\/871125306337","targetHints":{"allow":["GET"]}}],"collection":[{"href":"https:\/\/mskasolutions.com\/fr\/wp-json\/wp\/v2\/product"}],"about":[{"href":"https:\/\/mskasolutions.com\/fr\/wp-json\/wp\/v2\/types\/product"}],"wp:featuredmedia":[{"embeddable":true,"href":"https:\/\/mskasolutions.com\/fr\/wp-json\/wp\/v2\/media\/871125306286"}],"wp:attachment":[{"href":"https:\/\/mskasolutions.com\/fr\/wp-json\/wp\/v2\/media?parent=871125306337"}],"wp:term":[{"taxonomy":"product_brand","embeddable":true,"href":"https:\/\/mskasolutions.com\/fr\/wp-json\/wp\/v2\/product_brand?post=871125306337"},{"taxonomy":"product_cat","embeddable":true,"href":"https:\/\/mskasolutions.com\/fr\/wp-json\/wp\/v2\/product_cat?post=871125306337"},{"taxonomy":"product_tag","embeddable":true,"href":"https:\/\/mskasolutions.com\/fr\/wp-json\/wp\/v2\/product_tag?post=871125306337"}],"curies":[{"name":"wp","href":"https:\/\/api.w.org\/{rel}","templated":true}]}}