{"id":871125306176,"date":"2021-11-23T13:52:39","date_gmt":"2021-11-23T13:52:39","guid":{"rendered":"https:\/\/mskasolutions.com\/?post_type=product&#038;p=871125306176"},"modified":"2025-05-29T15:57:40","modified_gmt":"2025-05-29T14:57:40","slug":"all-ride-truck-alarm-4pack","status":"publish","type":"product","link":"https:\/\/mskasolutions.com\/fr\/produit\/all-ride-truck-alarm-4pack\/","title":{"rendered":"All Ride &#8211; Alarmes de porte sans fil pour camion, voiture, caravane, camping-car x 4"},"content":{"rendered":"<p><strong>Alarmes de porte sans fil pour camion, voiture, caravane, camping-car x 4<\/strong><\/p>\n<p>Le syst\u00e8me d&rsquo;alarme vous aidera \u00e0 prot\u00e9ger votre camion, voiture, caravane ou camping-car contre les intrusions ind\u00e9sirables.<br \/>\nIl est tr\u00e8s facile \u00e0 installer, il suffit de le placer aux points d&rsquo;entr\u00e9e les plus vuln\u00e9rables de votre camion et de l&rsquo;activer.<br \/>\nToute personne qui tentera d&rsquo;entrer dans votre v\u00e9hicule rompra la connexion magn\u00e9tique avec le capteur d&rsquo;alarme, d\u00e9clenchant un bruit de 100 d\u00e9cibels, ce qui fera retentir l&rsquo;alarme.<\/p>\n<p><strong>Caract\u00e9ristiques :<\/strong><br \/>\nBande adh\u00e9sive pour une installation facile<br \/>\nPratique et l\u00e9ger<br \/>\nAlimentation : piles AG13 (incluses)<br \/>\nBruit : 100 dB<br \/>\nCouleur : blanc<br \/>\nTemp\u00e9rature de fonctionnement : -10 \u00b0C \u00e0 + 50 \u00b0C<br \/>\nInterrupteur ON\/OFF<\/p>\n<p><strong>ENSEMBLE D&rsquo;ALARMES DE FEN\u00caTRE 4 PI\u00c8CES AU TOTAL<\/strong><\/p>","protected":false},"excerpt":{"rendered":"<p><strong>Alarmes de porte sans fil pour camion, voiture, caravane, camping-car x 4<\/strong><\/p>\n<p>Le syst\u00e8me d&rsquo;alarme vous aidera \u00e0 prot\u00e9ger votre camion, voiture, caravane ou camping-car contre les intrusions ind\u00e9sirables.<br \/>\nIl est tr\u00e8s facile \u00e0 installer, il suffit de le placer aux points d&rsquo;entr\u00e9e les plus vuln\u00e9rables de votre camion et de l&rsquo;activer.<br \/>\nToute personne qui tentera d&rsquo;entrer dans votre v\u00e9hicule rompra la connexion magn\u00e9tique avec le capteur d&rsquo;alarme, d\u00e9clenchant un bruit de 100 d\u00e9cibels, ce qui fera retentir l&rsquo;alarme.<\/p>\n","protected":false},"featured_media":871125307520,"template":"","meta":[],"product_brand":[],"product_cat":[215],"product_tag":[177,221,230,197],"class_list":{"0":"post-871125306176","1":"product","2":"type-product","3":"status-publish","4":"has-post-thumbnail","6":"product_cat-promo","7":"product_tag-accessoires-auto","8":"product_tag-accessoires-velo-accessories-moto-velo","9":"product_tag-all-ride","10":"product_tag-promo-2","11":"product_shipping_class-small-item-gls-only","13":"first","14":"instock","15":"sale","16":"featured","17":"taxable","18":"shipping-taxable","19":"purchasable","20":"product-type-simple"},"_links":{"self":[{"href":"https:\/\/mskasolutions.com\/fr\/wp-json\/wp\/v2\/product\/871125306176","targetHints":{"allow":["GET"]}}],"collection":[{"href":"https:\/\/mskasolutions.com\/fr\/wp-json\/wp\/v2\/product"}],"about":[{"href":"https:\/\/mskasolutions.com\/fr\/wp-json\/wp\/v2\/types\/product"}],"wp:featuredmedia":[{"embeddable":true,"href":"https:\/\/mskasolutions.com\/fr\/wp-json\/wp\/v2\/media\/871125307520"}],"wp:attachment":[{"href":"https:\/\/mskasolutions.com\/fr\/wp-json\/wp\/v2\/media?parent=871125306176"}],"wp:term":[{"taxonomy":"product_brand","embeddable":true,"href":"https:\/\/mskasolutions.com\/fr\/wp-json\/wp\/v2\/product_brand?post=871125306176"},{"taxonomy":"product_cat","embeddable":true,"href":"https:\/\/mskasolutions.com\/fr\/wp-json\/wp\/v2\/product_cat?post=871125306176"},{"taxonomy":"product_tag","embeddable":true,"href":"https:\/\/mskasolutions.com\/fr\/wp-json\/wp\/v2\/product_tag?post=871125306176"}],"curies":[{"name":"wp","href":"https:\/\/api.w.org\/{rel}","templated":true}]}}