{"id":871125306082,"date":"2021-10-23T12:07:29","date_gmt":"2021-10-23T11:07:29","guid":{"rendered":"https:\/\/mskasolutions.com\/?post_type=product&#038;p=871125306082"},"modified":"2024-12-14T12:33:28","modified_gmt":"2024-12-14T12:33:28","slug":"irock-drum-pad","status":"publish","type":"product","link":"https:\/\/mskasolutions.com\/fr\/produit\/irock-drum-pad\/","title":{"rendered":"iROCK Pad de batterie d&rsquo;entra\u00eenement num\u00e9rique avec \u00e9cran LCD"},"content":{"rendered":"<p>iROCK Digital Practice Drum Pad de Spectrum<\/p>\n<p>Spectrum iRock Digital Practice Drum Pad avec \u00e9cran LCD, Argent\/Noir<\/p>\n<p>Le iRock compte les battements et poss\u00e8de un m\u00e9tronome int\u00e9gr\u00e9.<\/p>\n<p>Il est tr\u00e8s amusant et id\u00e9al pour s&rsquo;entra\u00eener !<\/p>\n<ul>\n<li>P\u00e9dale de batterie num\u00e9rique pour d\u00e9butants avec \u00e9cran LCD.<\/li>\n<li>M\u00e9tronome num\u00e9rique int\u00e9gr\u00e9 et d\u00e9tection des battements<\/li>\n<li>Les accessoires comprennent un \u00e9tui de transport, une bandouli\u00e8re et des baguettes.<\/li>\n<li>Manuel et instructions inclus<\/li>\n<li>La bo\u00eete contient<\/li>\n<\/ul>\n<p>1 x Spectrum iRock Digital Pad Silver, avec \u00e9tui de transport, bandouli\u00e8re et baguettes.<\/p>","protected":false},"excerpt":{"rendered":"<p>P\u00e9dale de batterie num\u00e9rique pour d\u00e9butants avec \u00e9cran LCD<br \/>\nM\u00e9tronome num\u00e9rique int\u00e9gr\u00e9 et d\u00e9tection des battements<br \/>\nLes accessoires comprennent un \u00e9tui de transport, une bandouli\u00e8re et des baguettes.<br \/>\nManuel et instructions inclus<br \/>\n3 piles AAA requises (non incluses)<\/p>\n","protected":false},"featured_media":871125306083,"template":"","meta":[],"product_brand":[],"product_cat":[215],"product_tag":[227,195,228],"class_list":{"0":"post-871125306082","1":"product","2":"type-product","3":"status-publish","4":"has-post-thumbnail","6":"product_cat-promo","7":"product_tag-music","8":"product_tag-promo","9":"product_tag-spectrum","10":"product_shipping_class-small-item-gls-only","12":"first","13":"instock","14":"sale","15":"taxable","16":"shipping-taxable","17":"purchasable","18":"product-type-simple"},"_links":{"self":[{"href":"https:\/\/mskasolutions.com\/fr\/wp-json\/wp\/v2\/product\/871125306082","targetHints":{"allow":["GET"]}}],"collection":[{"href":"https:\/\/mskasolutions.com\/fr\/wp-json\/wp\/v2\/product"}],"about":[{"href":"https:\/\/mskasolutions.com\/fr\/wp-json\/wp\/v2\/types\/product"}],"wp:featuredmedia":[{"embeddable":true,"href":"https:\/\/mskasolutions.com\/fr\/wp-json\/wp\/v2\/media\/871125306083"}],"wp:attachment":[{"href":"https:\/\/mskasolutions.com\/fr\/wp-json\/wp\/v2\/media?parent=871125306082"}],"wp:term":[{"taxonomy":"product_brand","embeddable":true,"href":"https:\/\/mskasolutions.com\/fr\/wp-json\/wp\/v2\/product_brand?post=871125306082"},{"taxonomy":"product_cat","embeddable":true,"href":"https:\/\/mskasolutions.com\/fr\/wp-json\/wp\/v2\/product_cat?post=871125306082"},{"taxonomy":"product_tag","embeddable":true,"href":"https:\/\/mskasolutions.com\/fr\/wp-json\/wp\/v2\/product_tag?post=871125306082"}],"curies":[{"name":"wp","href":"https:\/\/api.w.org\/{rel}","templated":true}]}}