{"id":871125306077,"date":"2021-10-23T11:47:58","date_gmt":"2021-10-23T10:47:58","guid":{"rendered":"https:\/\/mskasolutions.com\/?post_type=product&#038;p=871125306077"},"modified":"2025-11-28T12:29:31","modified_gmt":"2025-11-28T12:29:31","slug":"spectrum-ail-36k","status":"publish","type":"product","link":"https:\/\/mskasolutions.com\/fr\/produit\/spectrum-ail-36k\/","title":{"rendered":"Spectrum AIL 36K Guitare acoustique d&rsquo;\u00e9tude"},"content":{"rendered":"<p>Commencez \u00e0 gratter avec cette guitare acoustique de 36 pouces !<\/p>\n<p>Parfaite pour les joueurs d\u00e9butants, la guitare acoustique First Act Discovery a une finition sunburst pour un look classique. Elle est sp\u00e9cialement con\u00e7ue pour les jeunes joueurs, avec des frettes fines et une faible action des cordes pour faciliter le jeu. Elle comprend des cache-cordes brevet\u00e9s pour prot\u00e9ger les petits doigts et des cartes exclusives Learn-a-Chord pour que les enfants puissent commencer \u00e0 jouer imm\u00e9diatement.<\/p>\n<p>Caract\u00e9ristiques du produit :<\/p>\n<ul>\n<li>Guitare acoustique de 36 po pour \u00e9tudiants<\/li>\n<li>Table en tilleul au fini mat naturel, dos et \u00e9clisses en acajou<\/li>\n<li>Touche en palissandre, trous d&rsquo;a\u00e9ration d\u00e9coratifs et bordures en ABS.<\/li>\n<li>Les accessoires comprennent un sac de guitare, une courroie r\u00e9glable et des m\u00e9diators.<\/li>\n<\/ul>\n<p><strong>La bo\u00eete contient :<\/strong><\/p>\n<p>1 x Guitare Spectrum 36 pouces, Accessoires inclus, Sac de Guitare, Courroie ajustable, M\u00e9diators.<\/p>","protected":false},"excerpt":{"rendered":"<ul>\n<li>Guitare acoustique taille \u00e9tudiant 36\u2033.<\/li>\n<li>Table en tilleul \u00e0 finition naturelle mate, dos et \u00e9clisses \u00e0 finition acajou.<\/li>\n<li>Touche en palissandre, design d\u00e9coratif de la caisse de r\u00e9sonance &amp; reliure en abs.<\/li>\n<li>Les accessoires comprennent un sac de guitare, une sangle r\u00e9glable, des m\u00e9diators, un bonus de t\u00e9l\u00e9chargement gratuit de le\u00e7ons de guitare d&rsquo;introduction<\/li>\n<li>aux m\u00e9dias.<\/li>\n<li>Manuel et instructions inclus<\/li>\n<\/ul>\n","protected":false},"featured_media":871125306078,"template":"","meta":[],"product_brand":[],"product_cat":[215],"product_tag":[227,197,228],"class_list":{"0":"post-871125306077","1":"product","2":"type-product","3":"status-publish","4":"has-post-thumbnail","6":"product_cat-promo","7":"product_tag-music","8":"product_tag-promo-2","9":"product_tag-spectrum","10":"product_shipping_class-small-item-gls-only","12":"first","13":"instock","14":"sale","15":"taxable","16":"shipping-taxable","17":"purchasable","18":"product-type-simple"},"_links":{"self":[{"href":"https:\/\/mskasolutions.com\/fr\/wp-json\/wp\/v2\/product\/871125306077","targetHints":{"allow":["GET"]}}],"collection":[{"href":"https:\/\/mskasolutions.com\/fr\/wp-json\/wp\/v2\/product"}],"about":[{"href":"https:\/\/mskasolutions.com\/fr\/wp-json\/wp\/v2\/types\/product"}],"wp:featuredmedia":[{"embeddable":true,"href":"https:\/\/mskasolutions.com\/fr\/wp-json\/wp\/v2\/media\/871125306078"}],"wp:attachment":[{"href":"https:\/\/mskasolutions.com\/fr\/wp-json\/wp\/v2\/media?parent=871125306077"}],"wp:term":[{"taxonomy":"product_brand","embeddable":true,"href":"https:\/\/mskasolutions.com\/fr\/wp-json\/wp\/v2\/product_brand?post=871125306077"},{"taxonomy":"product_cat","embeddable":true,"href":"https:\/\/mskasolutions.com\/fr\/wp-json\/wp\/v2\/product_cat?post=871125306077"},{"taxonomy":"product_tag","embeddable":true,"href":"https:\/\/mskasolutions.com\/fr\/wp-json\/wp\/v2\/product_tag?post=871125306077"}],"curies":[{"name":"wp","href":"https:\/\/api.w.org\/{rel}","templated":true}]}}