{"id":871125306071,"date":"2021-10-21T18:05:24","date_gmt":"2021-10-21T17:05:24","guid":{"rendered":"https:\/\/mskasolutions.com\/?post_type=product&#038;p=871125306071"},"modified":"2026-04-09T10:30:44","modified_gmt":"2026-04-09T09:30:44","slug":"spectrum-ail-94fm","status":"publish","type":"product","link":"https:\/\/mskasolutions.com\/fr\/produit\/spectrum-ail-94fm\/","title":{"rendered":"Spectrum AIL 94FM Guitare \u00e9lectrique Custom Pro"},"content":{"rendered":"<p><strong>Spectrum Custom Pro Electric Flame Maple Guitar :<\/strong><\/p>\n<p>La Spectrum Custom Pro Electric Flame Maple Guitar est dot\u00e9e d&rsquo;une finition attrayante et s\u00e9duisante, \u00e0 la fois classique et moderne &#8211; le meilleur des deux mondes. Cette guitare agr\u00e9able \u00e0 jouer<\/p>\n<p><strong>Caract\u00e9ristiques :<\/strong><\/p>\n<p>Manche et touche en \u00e9rable<\/p>\n<p>Marque : Spectrum<\/p>\n<p>Couleur : \u00c9rable flamm\u00e9<\/p>\n<p>Type de mat\u00e9riau du dos : Bois d&rsquo;\u00e9rable<\/p>\n<p>Nombre de cordes : 6<\/p>\n<p>A propos de cet article :<\/p>\n<ul>\n<li>Guitare \u00e9lectrique pleine grandeur \u00e0 corps solide avec frettes jumbo, 1 volume, 2 commandes de tonalit\u00e9, s\u00e9lecteur de micro \u00e0 5 voies et barre whammy.<\/li>\n<li>L&rsquo;ensemble comprend un mini amplificateur qui se branche directement sur votre guitare. Il comprend des commandes de volume et d&rsquo;overdrive\/distorsion, une prise de sortie casque et une prise d&rsquo;entr\u00e9e auxiliaire pour microphone ou appareil audio num\u00e9rique.<\/li>\n<li>Le pack d&rsquo;accessoires complet comprend une sangle, des cordes, un c\u00e2ble, des m\u00e9diators, un chiffon de nettoyage, le t\u00e9l\u00e9chargement de pistes d&rsquo;improvisation et d&rsquo;une vid\u00e9o d&rsquo;instruction.<\/li>\n<li>Le pack comprend un mini-ampli, une sangle, des cordes, un c\u00e2ble, des plectres, un chiffon de nettoyage, le t\u00e9l\u00e9chargement de pistes d&rsquo;improvisation et d&rsquo;une vid\u00e9o d&rsquo;instruction.<\/li>\n<li>Manuel et instructions inclus<\/li>\n<\/ul>\n<p><\/p>","protected":false},"excerpt":{"rendered":"<p>La guitare \u00e9lectrique Spectrum Custom Pro Flame Maple est dot\u00e9e d&rsquo;une finition attrayante qui lui conf\u00e8re un aspect \u00e0 la fois classique et moderne.<\/p>\n<ul>\n<li>Marque : Spectrum<\/li>\n<li>Couleur : \u00c9rable flamm\u00e9<\/li>\n<li>Mat\u00e9riau du corps : Bois d&rsquo;\u00e9rable<\/li>\n<li>Mat\u00e9riau du dos : Mat\u00e9riau du dos : \u00e9rable<\/li>\n<li>Type de mat\u00e9riau de la touche : Mat\u00e9riau de la touche : \u00e9rable<\/li>\n<li>Orientation de la main : Gauche<\/li>\n<li>Nombre de cordes : 6<\/li>\n<\/ul>\n","protected":false},"featured_media":871125306073,"template":"","meta":[],"product_brand":[],"product_cat":[215],"product_tag":[227,195,228],"class_list":{"0":"post-871125306071","1":"product","2":"type-product","3":"status-publish","4":"has-post-thumbnail","6":"product_cat-promo","7":"product_tag-music","8":"product_tag-promo","9":"product_tag-spectrum","10":"product_shipping_class-medium-item-gls-only","12":"first","13":"instock","14":"sale","15":"taxable","16":"shipping-taxable","17":"purchasable","18":"product-type-simple"},"_links":{"self":[{"href":"https:\/\/mskasolutions.com\/fr\/wp-json\/wp\/v2\/product\/871125306071","targetHints":{"allow":["GET"]}}],"collection":[{"href":"https:\/\/mskasolutions.com\/fr\/wp-json\/wp\/v2\/product"}],"about":[{"href":"https:\/\/mskasolutions.com\/fr\/wp-json\/wp\/v2\/types\/product"}],"wp:featuredmedia":[{"embeddable":true,"href":"https:\/\/mskasolutions.com\/fr\/wp-json\/wp\/v2\/media\/871125306073"}],"wp:attachment":[{"href":"https:\/\/mskasolutions.com\/fr\/wp-json\/wp\/v2\/media?parent=871125306071"}],"wp:term":[{"taxonomy":"product_brand","embeddable":true,"href":"https:\/\/mskasolutions.com\/fr\/wp-json\/wp\/v2\/product_brand?post=871125306071"},{"taxonomy":"product_cat","embeddable":true,"href":"https:\/\/mskasolutions.com\/fr\/wp-json\/wp\/v2\/product_cat?post=871125306071"},{"taxonomy":"product_tag","embeddable":true,"href":"https:\/\/mskasolutions.com\/fr\/wp-json\/wp\/v2\/product_tag?post=871125306071"}],"curies":[{"name":"wp","href":"https:\/\/api.w.org\/{rel}","templated":true}]}}