{"id":871125305936,"date":"2021-06-24T17:35:53","date_gmt":"2021-06-24T16:35:53","guid":{"rendered":"https:\/\/mskasolutions.com\/?post_type=product&#038;p=871125305936"},"modified":"2022-07-13T15:04:18","modified_gmt":"2022-07-13T14:04:18","slug":"cosmetic-mirror","status":"publish","type":"product","link":"https:\/\/mskasolutions.com\/fr\/produit\/cosmetic-mirror\/","title":{"rendered":"Miroir cosm\u00e9tique double face &#8211; normal et grossissement 3 x"},"content":{"rendered":"<p>Miroir \u00e0 cosm\u00e9tiques par Touch of Beauty<\/p>\n<p>Autonome &#8211; style pi\u00e9destal<br \/>\n1 c\u00f4t\u00e9 est un miroir standard<br \/>\n1 c\u00f4t\u00e9 est un grossissement 3 x<br \/>\nHauteur : 19.5cm<br \/>\nLargeur : 10cm<br \/>\nCouleur Argent<\/p>","protected":false},"excerpt":{"rendered":"<ul>\n<li>Autonome &#8211; style pi\u00e9destal<\/li>\n<li>1 c\u00f4t\u00e9 est un miroir standard<\/li>\n<li>1 c\u00f4t\u00e9 est un grossissement 3 x<\/li>\n<li>Hauteur : 19.5cm<\/li>\n<li>Largeur : 10cm<\/li>\n<li>Couleur Argent<\/li>\n<\/ul>\n","protected":false},"featured_media":871125305939,"template":"","meta":[],"product_brand":[],"product_cat":[108,215],"product_tag":[181,195],"class_list":{"0":"post-871125305936","1":"product","2":"type-product","3":"status-publish","4":"has-post-thumbnail","6":"product_cat-non-classe","7":"product_cat-promo","8":"product_tag-electromenager-et-cuisine","9":"product_tag-promo","10":"product_shipping_class-small-item-gls-only","12":"first","13":"instock","14":"sale","15":"taxable","16":"shipping-taxable","17":"purchasable","18":"product-type-simple"},"_links":{"self":[{"href":"https:\/\/mskasolutions.com\/fr\/wp-json\/wp\/v2\/product\/871125305936","targetHints":{"allow":["GET"]}}],"collection":[{"href":"https:\/\/mskasolutions.com\/fr\/wp-json\/wp\/v2\/product"}],"about":[{"href":"https:\/\/mskasolutions.com\/fr\/wp-json\/wp\/v2\/types\/product"}],"wp:featuredmedia":[{"embeddable":true,"href":"https:\/\/mskasolutions.com\/fr\/wp-json\/wp\/v2\/media\/871125305939"}],"wp:attachment":[{"href":"https:\/\/mskasolutions.com\/fr\/wp-json\/wp\/v2\/media?parent=871125305936"}],"wp:term":[{"taxonomy":"product_brand","embeddable":true,"href":"https:\/\/mskasolutions.com\/fr\/wp-json\/wp\/v2\/product_brand?post=871125305936"},{"taxonomy":"product_cat","embeddable":true,"href":"https:\/\/mskasolutions.com\/fr\/wp-json\/wp\/v2\/product_cat?post=871125305936"},{"taxonomy":"product_tag","embeddable":true,"href":"https:\/\/mskasolutions.com\/fr\/wp-json\/wp\/v2\/product_tag?post=871125305936"}],"curies":[{"name":"wp","href":"https:\/\/api.w.org\/{rel}","templated":true}]}}