{"id":871125305931,"date":"2021-06-24T17:05:07","date_gmt":"2021-06-24T16:05:07","guid":{"rendered":"https:\/\/mskasolutions.com\/?post_type=product&#038;p=871125305931"},"modified":"2023-03-07T11:04:56","modified_gmt":"2023-03-07T11:04:56","slug":"dunlop-alarm-lock","status":"publish","type":"product","link":"https:\/\/mskasolutions.com\/fr\/produit\/dunlop-alarm-lock\/","title":{"rendered":"Dunlop C\u00e2ble d&rsquo;alarme 12x100cm &#8211; V\u00e9los &#8211; Cyclomoteurs &#8211; Motos"},"content":{"rendered":"<p><strong>Serrure \u00e0 c\u00e2ble Dunlop avec alarme<\/strong><\/p>\n<p>Antivol de c\u00e2ble plastifi\u00e9 pour \u00e9viter d&rsquo;endommager le cadre. Antivol de c\u00e2ble tr\u00e8s s\u00fbr gr\u00e2ce au syst\u00e8me d&rsquo;alarme int\u00e9gr\u00e9. D\u00e8s que quelqu&rsquo;un veut couper le c\u00e2ble, il sera surpris par un son fort de pas moins de 120 d\u00e9cibels.<\/p>\n<p><strong>Sp\u00e9cifications :<\/strong><br \/>\nCouleur : noir<br \/>\nMat\u00e9riau : acier<br \/>\nType de serrure : serrure \u00e0 c\u00e2ble<br \/>\nLongueur : 1000 mm<br \/>\n\u00c9paisseur : 12 mm<br \/>\nNiveau sonore : 120 d\u00e9cibels<br \/>\nPoids : 720 g<\/p>\n<p><strong>Contenu :<\/strong><br \/>\n1 * C\u00e2ble de verrouillage<br \/>\n2 * Cl\u00e9s<br \/>\n3 * Piles AG10<\/p>","protected":false},"excerpt":{"rendered":"<p>Couleur : noir<br \/>\nMat\u00e9riau : acier<br \/>\nType de serrure : serrure \u00e0 c\u00e2ble<br \/>\nLongueur : 1000 mm<br \/>\n\u00c9paisseur : 12 mm<br \/>\nNiveau sonore : 120 d\u00e9cibels<br \/>\nPoids : 720 g<\/p>\n","protected":false},"featured_media":871125305932,"template":"","meta":[],"product_brand":[],"product_cat":[108],"product_tag":[179,187,195],"class_list":{"0":"post-871125305931","1":"product","2":"type-product","3":"status-publish","4":"has-post-thumbnail","6":"product_cat-non-classe","7":"product_tag-accessoires-velo","8":"product_tag-dunlop","9":"product_tag-promo","10":"product_shipping_class-small-item-gls-only","12":"first","13":"instock","14":"sale","15":"taxable","16":"shipping-taxable","17":"purchasable","18":"product-type-simple"},"_links":{"self":[{"href":"https:\/\/mskasolutions.com\/fr\/wp-json\/wp\/v2\/product\/871125305931","targetHints":{"allow":["GET"]}}],"collection":[{"href":"https:\/\/mskasolutions.com\/fr\/wp-json\/wp\/v2\/product"}],"about":[{"href":"https:\/\/mskasolutions.com\/fr\/wp-json\/wp\/v2\/types\/product"}],"wp:featuredmedia":[{"embeddable":true,"href":"https:\/\/mskasolutions.com\/fr\/wp-json\/wp\/v2\/media\/871125305932"}],"wp:attachment":[{"href":"https:\/\/mskasolutions.com\/fr\/wp-json\/wp\/v2\/media?parent=871125305931"}],"wp:term":[{"taxonomy":"product_brand","embeddable":true,"href":"https:\/\/mskasolutions.com\/fr\/wp-json\/wp\/v2\/product_brand?post=871125305931"},{"taxonomy":"product_cat","embeddable":true,"href":"https:\/\/mskasolutions.com\/fr\/wp-json\/wp\/v2\/product_cat?post=871125305931"},{"taxonomy":"product_tag","embeddable":true,"href":"https:\/\/mskasolutions.com\/fr\/wp-json\/wp\/v2\/product_tag?post=871125305931"}],"curies":[{"name":"wp","href":"https:\/\/api.w.org\/{rel}","templated":true}]}}