{"id":871125305907,"date":"2021-05-31T18:17:58","date_gmt":"2021-05-31T17:17:58","guid":{"rendered":"https:\/\/mskasolutions.com\/?post_type=product&#038;p=871125305907"},"modified":"2022-11-02T15:37:02","modified_gmt":"2022-11-02T15:37:02","slug":"dunlop-bike-valve-kit","status":"publish","type":"product","link":"https:\/\/mskasolutions.com\/fr\/produit\/dunlop-bike-valve-kit\/","title":{"rendered":"DUNLOP Jeu d&rsquo;adaptateurs de valves pour bicyclette, 14 pi\u00e8ces"},"content":{"rendered":"<p>DUNLOP Jeu d&rsquo;adaptateurs de valves pour bicyclette, 14 pi\u00e8ces<\/p>\n<p>Lorsque vous devez remplir des pneus avec des valves diff\u00e9rentes, vous serez satisfait de ce jeu d&rsquo;adaptateurs pratique. Car il couvre les types de valves les plus courants. Convient \u00e0 la valve Dunlop (DV), la valve Schrader (SV), la valve de voiture (AV), les pompes \u00e0 air, le football, le volley-ball, le basket-ball, les matelas pneumatiques, etc. De plus, ce set est livr\u00e9 avec un \u00e9tui pratique qui vous permettra de l&#8217;emporter facilement lors de vos randonn\u00e9es \u00e0 v\u00e9lo.<\/p>\n<p>Le set contient 6 types d&rsquo;adaptateurs diff\u00e9rents pour toutes sortes de pneus, ballons et jouets gonflables. Les embouts des adaptateurs sont universels et s&rsquo;adaptent \u00e0 presque toutes les pompes \u00e0 v\u00e9lo.<\/p>\n<p>Il existe 3 types d&rsquo;adaptateurs pour le v\u00e9lo : \u00e0 savoir la valve Wood (Dunlop), la valve Presta (fran\u00e7aise) et la valve Schrader (standard\/auto).<br \/>\nSont \u00e9galement inclus 8 anneaux en caoutchouc pour \u00e9viter les fuites d&rsquo;air.<\/p>\n<p>D\u00e9tails du set d&rsquo;adaptateurs Dunlop :<\/p>\n<p>2x valve Presta (fran\u00e7aise), 2x valve Schrader (valve auto) 4x valve Wood (Dunlop)<br \/>\n2x Aiguille \u00e0 bille<br \/>\n2x Embout conique en acier<br \/>\n2x R\u00e9ducteur conique en plastique<br \/>\n8x Anneau en caoutchouc<br \/>\n1x Bo\u00eete de rangement<\/p>","protected":false},"excerpt":{"rendered":"<p><strong>D\u00e9tails du set d&rsquo;adaptateurs Dunlop :<\/strong><\/p>\n<p>2x valve Presta (fran\u00e7aise), 2x valve Schrader (valve auto) 4x valve Wood (Dunlop)<br \/>\n2x Aiguille \u00e0 bille<br \/>\n2x Embout conique en acier<br \/>\n2x R\u00e9ducteur conique en plastique<br \/>\n8x Anneau en caoutchouc<br \/>\n1x Bo\u00eete de rangement<\/p>\n","protected":false},"featured_media":871125305912,"template":"","meta":[],"product_brand":[],"product_cat":[108,215],"product_tag":[179,187,195,183],"class_list":{"0":"post-871125305907","1":"product","2":"type-product","3":"status-publish","4":"has-post-thumbnail","6":"product_cat-non-classe","7":"product_cat-promo","8":"product_tag-accessoires-velo","9":"product_tag-dunlop","10":"product_tag-promo","11":"product_tag-sports-et-loisirs","12":"product_shipping_class-small-item-gls-only","14":"first","15":"instock","16":"sale","17":"featured","18":"taxable","19":"shipping-taxable","20":"purchasable","21":"product-type-simple"},"_links":{"self":[{"href":"https:\/\/mskasolutions.com\/fr\/wp-json\/wp\/v2\/product\/871125305907","targetHints":{"allow":["GET"]}}],"collection":[{"href":"https:\/\/mskasolutions.com\/fr\/wp-json\/wp\/v2\/product"}],"about":[{"href":"https:\/\/mskasolutions.com\/fr\/wp-json\/wp\/v2\/types\/product"}],"wp:featuredmedia":[{"embeddable":true,"href":"https:\/\/mskasolutions.com\/fr\/wp-json\/wp\/v2\/media\/871125305912"}],"wp:attachment":[{"href":"https:\/\/mskasolutions.com\/fr\/wp-json\/wp\/v2\/media?parent=871125305907"}],"wp:term":[{"taxonomy":"product_brand","embeddable":true,"href":"https:\/\/mskasolutions.com\/fr\/wp-json\/wp\/v2\/product_brand?post=871125305907"},{"taxonomy":"product_cat","embeddable":true,"href":"https:\/\/mskasolutions.com\/fr\/wp-json\/wp\/v2\/product_cat?post=871125305907"},{"taxonomy":"product_tag","embeddable":true,"href":"https:\/\/mskasolutions.com\/fr\/wp-json\/wp\/v2\/product_tag?post=871125305907"}],"curies":[{"name":"wp","href":"https:\/\/api.w.org\/{rel}","templated":true}]}}