{"id":871125305792,"date":"2021-05-09T14:11:15","date_gmt":"2021-05-09T13:11:15","guid":{"rendered":"https:\/\/mskasolutions.com\/?post_type=product&#038;p=871125305792"},"modified":"2025-07-25T10:44:58","modified_gmt":"2025-07-25T09:44:58","slug":"dunlop-mtb-racing-saddle","status":"publish","type":"product","link":"https:\/\/mskasolutions.com\/fr\/produit\/dunlop-mtb-racing-saddle\/","title":{"rendered":"Dunlop Selle VTT\/V\u00e9lo de course Unisex Noir Adulte 29x17x7cm"},"content":{"rendered":"<p>Description :<\/p>\n<p>Selle Dunlop VTT\/V\u00e9lo de course unisexe noire 27 x 17 cm avec une d\u00e9coupe de la zone de confort.<\/p>\n<p>Cette selle de course de Dunlop est un must pour tout cycliste ! La selle est adapt\u00e9e aux v\u00e9los de montagne, aux v\u00e9los de course et offre un grand confort.<\/p>\n<p>Sp\u00e9cifications :<\/p>\n<ul>\n<li>Couleur : noir<\/li>\n<li>Sexe : unisexe<\/li>\n<li>Mat\u00e9riau sup\u00e9rieur : polyur\u00e9thane<\/li>\n<li>Mat\u00e9riau des rails : acier<\/li>\n<li>Longueur : 27 cm<\/li>\n<li>Largeur : 17 cm<\/li>\n<li>Poids : 500 grammes<\/li>\n<li>Convient pour un v\u00e9lo de montagne ou un v\u00e9lo de course.<\/li>\n<\/ul>\n<p><\/p>","protected":false},"excerpt":{"rendered":"<ul>\n<li>Dimensions : Longueur 27cm \/ Largeur 17cm (Environ)<\/li>\n<li>Rembourrage : \u00c9ponge<\/li>\n<li>Mat\u00e9riel : Faux cuir<\/li>\n<li>Couleur : Noir, Blanc<\/li>\n<li>Le genre : Unisexe<\/li>\n<\/ul>\n","protected":false},"featured_media":871125305800,"template":"","meta":[],"product_brand":[],"product_cat":[108,119,215],"product_tag":[179,187,195,183],"class_list":{"0":"post-871125305792","1":"product","2":"type-product","3":"status-publish","4":"has-post-thumbnail","6":"product_cat-non-classe","7":"product_cat-hot","8":"product_cat-promo","9":"product_tag-accessoires-velo","10":"product_tag-dunlop","11":"product_tag-promo","12":"product_tag-sports-et-loisirs","13":"product_shipping_class-small-item-gls-only","15":"first","16":"instock","17":"sale","18":"featured","19":"taxable","20":"shipping-taxable","21":"purchasable","22":"product-type-simple"},"_links":{"self":[{"href":"https:\/\/mskasolutions.com\/fr\/wp-json\/wp\/v2\/product\/871125305792","targetHints":{"allow":["GET"]}}],"collection":[{"href":"https:\/\/mskasolutions.com\/fr\/wp-json\/wp\/v2\/product"}],"about":[{"href":"https:\/\/mskasolutions.com\/fr\/wp-json\/wp\/v2\/types\/product"}],"wp:featuredmedia":[{"embeddable":true,"href":"https:\/\/mskasolutions.com\/fr\/wp-json\/wp\/v2\/media\/871125305800"}],"wp:attachment":[{"href":"https:\/\/mskasolutions.com\/fr\/wp-json\/wp\/v2\/media?parent=871125305792"}],"wp:term":[{"taxonomy":"product_brand","embeddable":true,"href":"https:\/\/mskasolutions.com\/fr\/wp-json\/wp\/v2\/product_brand?post=871125305792"},{"taxonomy":"product_cat","embeddable":true,"href":"https:\/\/mskasolutions.com\/fr\/wp-json\/wp\/v2\/product_cat?post=871125305792"},{"taxonomy":"product_tag","embeddable":true,"href":"https:\/\/mskasolutions.com\/fr\/wp-json\/wp\/v2\/product_tag?post=871125305792"}],"curies":[{"name":"wp","href":"https:\/\/api.w.org\/{rel}","templated":true}]}}