{"id":871125305775,"date":"2021-05-07T16:16:45","date_gmt":"2021-05-07T15:16:45","guid":{"rendered":"https:\/\/mskasolutions.com\/?post_type=product&#038;p=871125305775"},"modified":"2026-04-09T10:04:57","modified_gmt":"2026-04-09T09:04:57","slug":"jumbo-play-blocks","status":"publish","type":"product","link":"https:\/\/mskasolutions.com\/fr\/produit\/jumbo-play-blocks\/","title":{"rendered":"Blocs de jeu Baby Blocks Jumbo 20 pi\u00e8ces Blocs de construction \u00e0 empiler pour les tout-petits"},"content":{"rendered":"<p>- Faites de cet ensemble de blocs de jeu le premier de votre b\u00e9b\u00e9. Avec ses diff\u00e9rentes formes et couleurs d&rsquo;animaux et de chiffres sculpt\u00e9s, ce jeu de blocs de construction sera le pr\u00e9f\u00e9r\u00e9 de vos enfants et les enthousiasmera \u00e0 chaque fois. Un jouet amusant, color\u00e9 et classique qui, en une seule prise, vous aidera, vous et eux, de bien des fa\u00e7ons.<\/p>\n<p>&#8211; Apprendre en empilant &#8211; 20 blocs de jeu sculpt\u00e9s d&rsquo;animaux et de chiffres pour offrir des heures de plaisir et de nombreux atouts de d\u00e9veloppement \u00e0 votre b\u00e9b\u00e9 ou jeune enfant. Ils adoreront les empiler et les faire retomber, mais ils pourront apprendre \u00e0 conna\u00eetre diff\u00e9rents animaux, couleurs et chiffres.<\/p>\n<p>&#8211; Favorisez le d\u00e9veloppement pr\u00e9coce de votre enfant &#8211; Encouragez l&rsquo;activit\u00e9 et le jeu pour favoriser le d\u00e9veloppement pr\u00e9coce de votre b\u00e9b\u00e9. En plus de l&rsquo;amusement, cet ensemble de blocs de jeu aidera \u00e0 d\u00e9velopper de nombreuses comp\u00e9tences. Les diff\u00e9rentes formes sculpt\u00e9es d&rsquo;animaux et de chiffres et les couleurs vives stimuleront leur esprit \u00e0 regarder, sentir et \u00eatre plus curieux pour identifier le jouet. Il aidera leurs sens et am\u00e9liorera leur capacit\u00e9 de mouvement, leur audition, leur vision, leur sens et leurs \u00e9motions.<\/p>\n<p>&#8211; Encourager le jeu actif &#8211; Chaque bloc ayant des formes diff\u00e9rentes sculpt\u00e9es sur chaque face, ces blocs de jeu attireront leur attention et les exciteront. Ces blocs de jeu encourageront le jeu actif qui d\u00e9veloppera leur imagination, leur cr\u00e9ativit\u00e9 et leur intelligence. Les couleurs vives et le fait de les placer les uns au-dessus des autres inciteront le petit \u00e0 les atteindre et \u00e0 les attraper, ce qui d\u00e9veloppera sa coordination \u0153il-main, \u00e9veillera sa conscience auditive et favorisera sa motricit\u00e9.<\/p>\n<p>&#8211; Ensemble de blocs de jeu parfait &#8211; Si c&rsquo;est une douche de b\u00e9b\u00e9, un anniversaire, No\u00ebl ou toute autre c\u00e9l\u00e9bration pour le petit, cet ensemble de hochets sera parfait. Ce sera le premier jouet id\u00e9al lorsqu&rsquo;ils commenceront \u00e0 d\u00e9velopper leurs premi\u00e8res comp\u00e9tences.<\/p>","protected":false},"excerpt":{"rendered":"<p>&#8211; Let&rsquo;s Play Baby Blocs de jeu Jumbo Blocks<\/p>\n<p>&#8211; Blocs d&#8217;empilage de 20 pi\u00e8ces pour les tout-petits\/enfants<\/p>\n<p>&#8211; Blocs de jeu pour b\u00e9b\u00e9 avec chiffres, animaux, maternelle, apprentissage et \u00e9ducation.<\/p>\n","protected":false},"featured_media":871125305776,"template":"","meta":[],"product_brand":[],"product_cat":[215],"product_tag":[185,197],"class_list":{"0":"post-871125305775","1":"product","2":"type-product","3":"status-publish","4":"has-post-thumbnail","6":"product_cat-promo","7":"product_tag-jouets","8":"product_tag-promo-2","9":"product_shipping_class-small-item-gls-only","11":"first","12":"instock","13":"sale","14":"taxable","15":"shipping-taxable","16":"purchasable","17":"product-type-simple"},"_links":{"self":[{"href":"https:\/\/mskasolutions.com\/fr\/wp-json\/wp\/v2\/product\/871125305775","targetHints":{"allow":["GET"]}}],"collection":[{"href":"https:\/\/mskasolutions.com\/fr\/wp-json\/wp\/v2\/product"}],"about":[{"href":"https:\/\/mskasolutions.com\/fr\/wp-json\/wp\/v2\/types\/product"}],"wp:featuredmedia":[{"embeddable":true,"href":"https:\/\/mskasolutions.com\/fr\/wp-json\/wp\/v2\/media\/871125305776"}],"wp:attachment":[{"href":"https:\/\/mskasolutions.com\/fr\/wp-json\/wp\/v2\/media?parent=871125305775"}],"wp:term":[{"taxonomy":"product_brand","embeddable":true,"href":"https:\/\/mskasolutions.com\/fr\/wp-json\/wp\/v2\/product_brand?post=871125305775"},{"taxonomy":"product_cat","embeddable":true,"href":"https:\/\/mskasolutions.com\/fr\/wp-json\/wp\/v2\/product_cat?post=871125305775"},{"taxonomy":"product_tag","embeddable":true,"href":"https:\/\/mskasolutions.com\/fr\/wp-json\/wp\/v2\/product_tag?post=871125305775"}],"curies":[{"name":"wp","href":"https:\/\/api.w.org\/{rel}","templated":true}]}}