{"id":871125305771,"date":"2021-05-03T14:52:29","date_gmt":"2021-05-03T13:52:29","guid":{"rendered":"https:\/\/mskasolutions.com\/?post_type=product&#038;p=871125305771"},"modified":"2025-11-28T12:29:16","modified_gmt":"2025-11-28T12:29:16","slug":"spectrum-a41in-guitar","status":"publish","type":"product","link":"https:\/\/mskasolutions.com\/fr\/produit\/spectrum-a41in-guitar\/","title":{"rendered":"Spectrum AIL 4 1 N Full-Size Cutaway Guitar Acoustique"},"content":{"rendered":"<p>Rockez avec style gr\u00e2ce \u00e0 cette guitare acoustique AIL 41N \u00e0 pan coup\u00e9, avec un t\u00e9l\u00e9chargement e-Media en prime. Cette guitare poss\u00e8de une table en \u00e9pic\u00e9a avec un dos et des \u00e9clisses en \u00e9b\u00e8ne. La finition mate permet d&rsquo;obtenir un son de qualit\u00e9 sup\u00e9rieure, tandis que la rosace d\u00e9corative est tr\u00e8s esth\u00e9tique et permet d&rsquo;obtenir un son riche. Elle pr\u00e9sente d&rsquo;autres d\u00e9tails \u00e9l\u00e9gants, notamment un corps et une t\u00eate li\u00e9s, une bande arri\u00e8re incrust\u00e9e de bois, un manche en \u00e9rable et une touche en palissandre, ce qui lui conf\u00e8re une belle apparence sur sc\u00e8ne et une sensation agr\u00e9able dans vos mains. Les chevilles tournantes moul\u00e9es et la tige de tension r\u00e9glable font de cet instrument un plaisir \u00e0 jouer. La guitare est livr\u00e9e avec une sangle r\u00e9glable et des m\u00e9diators pour un jeu instantan\u00e9. Mieux encore, vous recevrez en prime un t\u00e9l\u00e9chargement e-Media !<\/p>\n<p>Caract\u00e9ristiques du produit :<\/p>\n<p>\u00c9l\u00e9gante guitare \u00e0 table en \u00e9pic\u00e9a avec un dos et des \u00e9clisses en \u00e9b\u00e8ne.<br \/>\nLa finition mate se pr\u00eate \u00e0 une sonorit\u00e9 sup\u00e9rieure<br \/>\nLa rosace d\u00e9corative est tr\u00e8s esth\u00e9tique et permet d&rsquo;obtenir un son riche.<br \/>\nLe corps et la t\u00eate sont reli\u00e9s, le dos est incrust\u00e9 de bois, le manche est en \u00e9rable et la touche est en \u00e9rable, ce qui donne une sensation de solidit\u00e9 dans les mains.<br \/>\nLes chevilles tournantes moul\u00e9es et la tige de tension r\u00e9glable vous aident \u00e0 atteindre toutes les bonnes notes et \u00e0 obtenir la bonne tonalit\u00e9.<br \/>\nBandouli\u00e8re et m\u00e9diators r\u00e9glables pour un jeu instantan\u00e9<br \/>\nLe t\u00e9l\u00e9chargement d&rsquo;un bonus e-Media vous permet de vous lancer<br \/>\nPour les enfants de 13 ans et plus<br \/>\nComprend une guitare acoustique, une courroie ajustable, des m\u00e9diators et un t\u00e9l\u00e9chargement multim\u00e9dia en prime.<br \/>\nGarantie : 1 an<\/p>","protected":false},"excerpt":{"rendered":"<p>Guitare acoustique cutaway pleine grandeur, construite avec une table en \u00e9pic\u00e9a et une finition mate pour un son sup\u00e9rieur<\/p>\n<p>Touche en palissandre avec truss rod r\u00e9glable dans les deux sens, table en \u00e9pic\u00e9a naturel et finition mate, dos et \u00e9clisses noirs mats, trou d&rsquo;a\u00e9ration d\u00e9coratif, bordure en abs blanc et bande arri\u00e8re incrust\u00e9e de bois.<\/p>\n<ul>\n<li>Marque : Spectrum<\/li>\n<li>Couleur : Noir<\/li>\n<li>Mat\u00e9riau du corps : Palissandre<\/li>\n<li>Mat\u00e9riau du dos : Bois de rose<\/li>\n<li>Mat\u00e9riau de la touche : Bois de rose<\/li>\n<li>Orientation de la main : Gauche<\/li>\n<li>Nombre de cordes : 6<\/li>\n<\/ul>\n","protected":false},"featured_media":871125305772,"template":"","meta":[],"product_brand":[],"product_cat":[215],"product_tag":[227,197,228],"class_list":{"0":"post-871125305771","1":"product","2":"type-product","3":"status-publish","4":"has-post-thumbnail","6":"product_cat-promo","7":"product_tag-music","8":"product_tag-promo-2","9":"product_tag-spectrum","10":"product_shipping_class-small-item-gls-only","12":"first","13":"instock","14":"sale","15":"taxable","16":"shipping-taxable","17":"purchasable","18":"product-type-simple"},"_links":{"self":[{"href":"https:\/\/mskasolutions.com\/fr\/wp-json\/wp\/v2\/product\/871125305771","targetHints":{"allow":["GET"]}}],"collection":[{"href":"https:\/\/mskasolutions.com\/fr\/wp-json\/wp\/v2\/product"}],"about":[{"href":"https:\/\/mskasolutions.com\/fr\/wp-json\/wp\/v2\/types\/product"}],"wp:featuredmedia":[{"embeddable":true,"href":"https:\/\/mskasolutions.com\/fr\/wp-json\/wp\/v2\/media\/871125305772"}],"wp:attachment":[{"href":"https:\/\/mskasolutions.com\/fr\/wp-json\/wp\/v2\/media?parent=871125305771"}],"wp:term":[{"taxonomy":"product_brand","embeddable":true,"href":"https:\/\/mskasolutions.com\/fr\/wp-json\/wp\/v2\/product_brand?post=871125305771"},{"taxonomy":"product_cat","embeddable":true,"href":"https:\/\/mskasolutions.com\/fr\/wp-json\/wp\/v2\/product_cat?post=871125305771"},{"taxonomy":"product_tag","embeddable":true,"href":"https:\/\/mskasolutions.com\/fr\/wp-json\/wp\/v2\/product_tag?post=871125305771"}],"curies":[{"name":"wp","href":"https:\/\/api.w.org\/{rel}","templated":true}]}}