{"id":871125305765,"date":"2021-05-03T11:21:52","date_gmt":"2021-05-03T10:21:52","guid":{"rendered":"https:\/\/mskasolutions.com\/?post_type=product&#038;p=871125305765"},"modified":"2026-03-31T14:44:42","modified_gmt":"2026-03-31T13:44:42","slug":"face-shield-200pack","status":"publish","type":"product","link":"https:\/\/mskasolutions.com\/fr\/produit\/face-shield-200pack\/","title":{"rendered":"Ecran facial de protection &#8211; Pack de 200"},"content":{"rendered":"<p>\u00c9cran facial de protection<\/p>\n<p>Description :<br \/>\nFabriqu\u00e9 en mat\u00e9riau de haute qualit\u00e9, s\u00fbr et non toxique, sans danger pour le corps humain. Protection compl\u00e8te pour votre visage. Il peut aider efficacement \u00e0 bloquer les \u00e9claboussures de salive, les \u00e9claboussures de gouttelettes d&rsquo;huile et la poussi\u00e8re, assurant votre s\u00e9curit\u00e9.<br \/>\nLe masque transparent peut assurer une vision claire.<br \/>\nCon\u00e7u avec un bandeau \u00e9lastique pour diff\u00e9rentes circonf\u00e9rences de chaleur, doux et confortable, facile \u00e0 mettre et \u00e0 enlever.<br \/>\nUn bouclier de s\u00e9curit\u00e9 parfait pour le visage et les yeux, adapt\u00e9 aux hommes et aux femmes.<\/p>\n<p>Conseils et astuces :<br \/>\nPour une protection totale ad\u00e9quate, vous devez porter un masque 3Ply et une casquette de protection avec l&rsquo;\u00e9cran facial.<br \/>\nApr\u00e8s avoir retir\u00e9 l&rsquo;\u00e9cran facial, NE TOUCHEZ PAS la protection faciale \/ la feuille de protection.<br \/>\nVeuillez laver l&rsquo;\u00e9cran facial \u00e0 l&rsquo;eau, puis l&rsquo;essuyer et le nettoyer \u00e0 l&rsquo;alcool.<br \/>\nL&rsquo;\u00e9cran facial ne doit \u00eatre utilis\u00e9 que par une seule personne.<\/p>","protected":false},"excerpt":{"rendered":"<p>Pour une protection totale appropri\u00e9e, vous devez porter un masque 3Ply et une casquette de protection avec l&rsquo;\u00e9cran facial.<br \/>\nApr\u00e8s avoir retir\u00e9 l&rsquo;\u00e9cran facial, NE TOUCHEZ PAS la protection faciale \/ la feuille de protection.<br \/>\nVeuillez laver l&rsquo;\u00e9cran facial \u00e0 l&rsquo;eau, puis l&rsquo;essuyer et le nettoyer \u00e0 l&rsquo;alcool.<br \/>\nL&rsquo;\u00e9cran facial ne doit \u00eatre utilis\u00e9 que par une seule personne.<\/p>\n","protected":false},"featured_media":871125305769,"template":"","meta":[],"product_brand":[],"product_cat":[108],"product_tag":[171,197],"class_list":{"0":"post-871125305765","1":"product","2":"type-product","3":"status-publish","4":"has-post-thumbnail","6":"product_cat-non-classe","7":"product_tag-hygiene-medicale","8":"product_tag-promo-2","9":"product_shipping_class-big-item-ups-only","11":"first","12":"instock","13":"sale","14":"sold-individually","15":"taxable","16":"shipping-taxable","17":"purchasable","18":"product-type-simple"},"_links":{"self":[{"href":"https:\/\/mskasolutions.com\/fr\/wp-json\/wp\/v2\/product\/871125305765","targetHints":{"allow":["GET"]}}],"collection":[{"href":"https:\/\/mskasolutions.com\/fr\/wp-json\/wp\/v2\/product"}],"about":[{"href":"https:\/\/mskasolutions.com\/fr\/wp-json\/wp\/v2\/types\/product"}],"wp:featuredmedia":[{"embeddable":true,"href":"https:\/\/mskasolutions.com\/fr\/wp-json\/wp\/v2\/media\/871125305769"}],"wp:attachment":[{"href":"https:\/\/mskasolutions.com\/fr\/wp-json\/wp\/v2\/media?parent=871125305765"}],"wp:term":[{"taxonomy":"product_brand","embeddable":true,"href":"https:\/\/mskasolutions.com\/fr\/wp-json\/wp\/v2\/product_brand?post=871125305765"},{"taxonomy":"product_cat","embeddable":true,"href":"https:\/\/mskasolutions.com\/fr\/wp-json\/wp\/v2\/product_cat?post=871125305765"},{"taxonomy":"product_tag","embeddable":true,"href":"https:\/\/mskasolutions.com\/fr\/wp-json\/wp\/v2\/product_tag?post=871125305765"}],"curies":[{"name":"wp","href":"https:\/\/api.w.org\/{rel}","templated":true}]}}