{"id":871125305717,"date":"2021-04-20T16:45:55","date_gmt":"2021-04-20T15:45:55","guid":{"rendered":"https:\/\/mskasolutions.com\/?post_type=product&#038;p=871125305717"},"modified":"2023-07-13T14:22:35","modified_gmt":"2023-07-13T13:22:35","slug":"spectrum-ail-ats","status":"publish","type":"product","link":"https:\/\/mskasolutions.com\/fr\/produit\/spectrum-ail-ats\/","title":{"rendered":"Spectrum AIL ATS Support universel pour tablettes"},"content":{"rendered":"<p>Support universel pour tablettes Spectrum AIL ATS. Support de sol r\u00e9glable en hauteur pour accueillir toute tablette d&rsquo;ordinateur de 7\u2033 \u00e0 10\u2033. Conception tubulaire robuste avec base tr\u00e9pied lest\u00e9e pour \u00e9viter le basculement.<\/p>\n<p>Comporte un moyeu de verrouillage et une flexibilit\u00e9 du col de cygne pour offrir un positionnement \u00e0 360 degr\u00e9s, une visualisation mains libres et une utilisation maximale. La hauteur se r\u00e8gle de 36 \u00e0 64 pouces. Un assemblage facile est n\u00e9cessaire.<\/p>\n<p>Le support pour tablette comprend des supports qui maintiennent votre appareil en place en toute s\u00e9curit\u00e9. Selon la disposition des ports de votre appareil, certains d&rsquo;entre eux peuvent \u00eatre couverts ou non lorsqu&rsquo;ils sont dans le support pour tablette.<\/p>\n<p>Le connecteur de socle de l&rsquo;iPad, de l&rsquo;iPad 2 et de l&rsquo;iPad 3 peut \u00eatre masqu\u00e9 pour emp\u00eacher la recharge lorsqu&rsquo;il est dans le support pour tablette. Il n&rsquo;y a pas de probl\u00e8me pour charger les iPad 4 et sup\u00e9rieurs dans le support pour tablette car le connecteur Lightning est plus petit.<\/p>\n<p>Pour obtenir les meilleurs r\u00e9sultats avec n&rsquo;importe quelle tablette, il est recommand\u00e9 que la batterie de votre appareil soit compl\u00e8tement charg\u00e9e avant de le placer dans le support pour tablette.<\/p>","protected":false},"excerpt":{"rendered":"<p><strong>Caract\u00e9ristiques du produit :<\/strong><\/p>\n<p>&#8211; Compatible avec TOUTE tablette ou liseuse \u00e9lectronique de 7\u2033 \u00e0 10\u2033 &#8211; notamment iPad, Kindle, Nook, Galaxy, Xoom, Nexus, et plus encore.<br \/>\n&#8211; Le moyeu de verrouillage et le col de cygne flexible permettent une visualisation mains libres compl\u00e8te \u00e0 n&rsquo;importe quel angle.<br \/>\n&#8211; La base tr\u00e9pied lest\u00e9e aide \u00e0 pr\u00e9venir le basculement ou les secousses.<br \/>\n&#8211; La hauteur se r\u00e8gle facilement de 36\u2033 \u00e0 64\u2033.<br \/>\n&#8211; Quelques assemblages faciles requis<br \/>\n&#8211; Garantie : 1 an<\/p>\n","protected":false},"featured_media":871125305726,"template":"","meta":[],"product_brand":[],"product_cat":[215],"product_tag":[227,195,228],"class_list":{"0":"post-871125305717","1":"product","2":"type-product","3":"status-publish","4":"has-post-thumbnail","6":"product_cat-promo","7":"product_tag-music","8":"product_tag-promo","9":"product_tag-spectrum","10":"product_shipping_class-small-item-gls-only","12":"first","13":"instock","14":"sale","15":"taxable","16":"shipping-taxable","17":"purchasable","18":"product-type-simple"},"_links":{"self":[{"href":"https:\/\/mskasolutions.com\/fr\/wp-json\/wp\/v2\/product\/871125305717","targetHints":{"allow":["GET"]}}],"collection":[{"href":"https:\/\/mskasolutions.com\/fr\/wp-json\/wp\/v2\/product"}],"about":[{"href":"https:\/\/mskasolutions.com\/fr\/wp-json\/wp\/v2\/types\/product"}],"wp:featuredmedia":[{"embeddable":true,"href":"https:\/\/mskasolutions.com\/fr\/wp-json\/wp\/v2\/media\/871125305726"}],"wp:attachment":[{"href":"https:\/\/mskasolutions.com\/fr\/wp-json\/wp\/v2\/media?parent=871125305717"}],"wp:term":[{"taxonomy":"product_brand","embeddable":true,"href":"https:\/\/mskasolutions.com\/fr\/wp-json\/wp\/v2\/product_brand?post=871125305717"},{"taxonomy":"product_cat","embeddable":true,"href":"https:\/\/mskasolutions.com\/fr\/wp-json\/wp\/v2\/product_cat?post=871125305717"},{"taxonomy":"product_tag","embeddable":true,"href":"https:\/\/mskasolutions.com\/fr\/wp-json\/wp\/v2\/product_tag?post=871125305717"}],"curies":[{"name":"wp","href":"https:\/\/api.w.org\/{rel}","templated":true}]}}